{"id":9507,"date":"2022-09-04T10:48:37","date_gmt":"2022-09-04T08:48:37","guid":{"rendered":"https:\/\/portal.dbbc-bayern.de\/?post_type=product&#038;p=9507"},"modified":"2025-05-21T10:57:34","modified_gmt":"2025-05-21T08:57:34","slug":"bluse-women","status":"publish","type":"product","link":"https:\/\/www.dbbc-bayern.de\/en\/shop\/produkt\/bluse-women\/","title":{"rendered":"Bluse Women"},"content":{"rendered":"<p><strong>Bluse Women<\/strong><\/p>\n<p>Gr\u00f6\u00dfen: XS, S, M, L, XL<\/p>\n<p>Modische, lang\u00e4rmelige Bluse mit Kent-Kragen, leichter Taillierung, leicht gerundetem Saum, weitenverstellbaren Manschetten, modischer Paspel aus dunkelblauem Satin an der inneren Kragennaht, hochwertig und schmal verarbeiteter Knopfleiste, doppelter Schulterpasse, 4-Loch-Kn\u00f6pfen &#8211; \u00fcber Kreuz vern\u00e4ht und doppelt verknotet f\u00fcr extra festen Halt -, Ersatzkn\u00f6pfen und Doppelkappnaht an den Seitenn\u00e4hten.<br \/>\nHergestellt aus formstabilem, strapazierf\u00e4higem und b\u00fcgelleichtem Oxford-Gewebe aus Baumwolle mit angenehm weichem Griff.<\/p>\n<p>erh\u00e4ltlich in 4 Farben: schwarz, wei\u00df, ozeanblau, tinte<\/p>\n<p><strong>Material:<\/strong><\/p>\n<p>100% Baumwolle<\/p>","protected":false},"excerpt":{"rendered":"<p>DBBC Bluse Women<\/p>\n<p>Gr\u00f6\u00dfen: XS, S, M, L, XL<\/p>","protected":false},"featured_media":9528,"template":"","meta":{"_acf_changed":false},"product_cat":[18],"product_tag":[],"class_list":{"0":"post-9507","1":"product","2":"type-product","3":"status-publish","4":"has-post-thumbnail","6":"product_cat-schulkleidung","8":"first","9":"instock","10":"shipping-taxable","11":"purchasable","12":"product-type-variable"},"acf":[],"_links":{"self":[{"href":"https:\/\/www.dbbc-bayern.de\/en\/wp-json\/wp\/v2\/product\/9507","targetHints":{"allow":["GET"]}}],"collection":[{"href":"https:\/\/www.dbbc-bayern.de\/en\/wp-json\/wp\/v2\/product"}],"about":[{"href":"https:\/\/www.dbbc-bayern.de\/en\/wp-json\/wp\/v2\/types\/product"}],"wp:featuredmedia":[{"embeddable":true,"href":"https:\/\/www.dbbc-bayern.de\/en\/wp-json\/wp\/v2\/media\/9528"}],"wp:attachment":[{"href":"https:\/\/www.dbbc-bayern.de\/en\/wp-json\/wp\/v2\/media?parent=9507"}],"wp:term":[{"taxonomy":"product_cat","embeddable":true,"href":"https:\/\/www.dbbc-bayern.de\/en\/wp-json\/wp\/v2\/product_cat?post=9507"},{"taxonomy":"product_tag","embeddable":true,"href":"https:\/\/www.dbbc-bayern.de\/en\/wp-json\/wp\/v2\/product_tag?post=9507"}],"curies":[{"name":"wp","href":"https:\/\/api.w.org\/{rel}","templated":true}]}}