{"id":8940,"date":"2022-09-02T11:15:59","date_gmt":"2022-09-02T09:15:59","guid":{"rendered":"https:\/\/portal.dbbc-bayern.de\/?post_type=product&#038;p=8940"},"modified":"2025-05-28T10:29:35","modified_gmt":"2025-05-28T08:29:35","slug":"t-shirt-140-164-unisex","status":"publish","type":"product","link":"https:\/\/www.dbbc-bayern.de\/en\/shop\/produkt\/t-shirt-140-164-unisex\/","title":{"rendered":"T-Shirt junior (unisex)"},"content":{"rendered":"<p><strong>Premium T-Shirt<\/strong><\/p>\n<p>Gr\u00f6\u00dfen: 140 &#8211; 164<\/p>\n<p>modernes unisex T-Shirt mit Rippb\u00fcndchen<\/p>\n<p>erh\u00e4ltlich in 12 Farben: wei\u00df, schwarz, braun, dunkelgrau, orange, rot, hellgrau, royal blue, dunkelblau, hellgr\u00fcn, dunkelgr\u00fcn, khaki<\/p>\n<p><strong>Material:<\/strong><\/p>\n<p>100% (Bio-)Baumwolle<\/p>","protected":false},"excerpt":{"rendered":"<p>DBBC T-Shirt<\/p>\n<p>Gr\u00f6\u00dfen: 140 &#8211; 164<\/p>","protected":false},"featured_media":8977,"template":"","meta":{"_acf_changed":false},"product_cat":[18],"product_tag":[],"class_list":{"0":"post-8940","1":"product","2":"type-product","3":"status-publish","4":"has-post-thumbnail","6":"product_cat-schulkleidung","8":"first","9":"instock","10":"shipping-taxable","11":"purchasable","12":"product-type-variable"},"acf":[],"_links":{"self":[{"href":"https:\/\/www.dbbc-bayern.de\/en\/wp-json\/wp\/v2\/product\/8940","targetHints":{"allow":["GET"]}}],"collection":[{"href":"https:\/\/www.dbbc-bayern.de\/en\/wp-json\/wp\/v2\/product"}],"about":[{"href":"https:\/\/www.dbbc-bayern.de\/en\/wp-json\/wp\/v2\/types\/product"}],"wp:featuredmedia":[{"embeddable":true,"href":"https:\/\/www.dbbc-bayern.de\/en\/wp-json\/wp\/v2\/media\/8977"}],"wp:attachment":[{"href":"https:\/\/www.dbbc-bayern.de\/en\/wp-json\/wp\/v2\/media?parent=8940"}],"wp:term":[{"taxonomy":"product_cat","embeddable":true,"href":"https:\/\/www.dbbc-bayern.de\/en\/wp-json\/wp\/v2\/product_cat?post=8940"},{"taxonomy":"product_tag","embeddable":true,"href":"https:\/\/www.dbbc-bayern.de\/en\/wp-json\/wp\/v2\/product_tag?post=8940"}],"curies":[{"name":"wp","href":"https:\/\/api.w.org\/{rel}","templated":true}]}}