{"id":8885,"date":"2022-09-02T10:25:21","date_gmt":"2022-09-02T08:25:21","guid":{"rendered":"https:\/\/portal.dbbc-bayern.de\/?post_type=product&#038;p=8885"},"modified":"2025-05-28T10:39:35","modified_gmt":"2025-05-28T08:39:35","slug":"polo-shirt-men","status":"publish","type":"product","link":"https:\/\/www.dbbc-bayern.de\/en\/shop\/produkt\/polo-shirt-men\/","title":{"rendered":"Polo-Shirt Men"},"content":{"rendered":"<p><strong>Herren Polo Shirt<\/strong><\/p>\n<p>Gr\u00f6\u00dfen: S, M, L, XL<\/p>\n<p>taillierter Schnitt, Strickkragen mit 2er Knopfleiste, Strickb\u00fcndchen am \u00c4rmel<\/p>\n<p>erh\u00e4ltlich in 11 Farben: wei\u00df, schwarz, dunkelgrau, grau, dunkelblau, royalblau, gr\u00fcn, rot, creamy pink, creamy blue, heather oxblood<\/p>\n<p><strong>Material:<\/strong><\/p>\n<p>100% gek\u00e4mmte, ringgesponnene Baumwolle<\/p>","protected":false},"excerpt":{"rendered":"<p>DBBC Poloshirt Men<\/p>\n<p>Gr\u00f6\u00dfen: S &#8211; XL<\/p>","protected":false},"featured_media":8930,"template":"","meta":{"_acf_changed":false},"product_cat":[18],"product_tag":[],"class_list":{"0":"post-8885","1":"product","2":"type-product","3":"status-publish","4":"has-post-thumbnail","6":"product_cat-schulkleidung","8":"first","9":"instock","10":"shipping-taxable","11":"purchasable","12":"product-type-variable"},"acf":[],"_links":{"self":[{"href":"https:\/\/www.dbbc-bayern.de\/en\/wp-json\/wp\/v2\/product\/8885","targetHints":{"allow":["GET"]}}],"collection":[{"href":"https:\/\/www.dbbc-bayern.de\/en\/wp-json\/wp\/v2\/product"}],"about":[{"href":"https:\/\/www.dbbc-bayern.de\/en\/wp-json\/wp\/v2\/types\/product"}],"wp:featuredmedia":[{"embeddable":true,"href":"https:\/\/www.dbbc-bayern.de\/en\/wp-json\/wp\/v2\/media\/8930"}],"wp:attachment":[{"href":"https:\/\/www.dbbc-bayern.de\/en\/wp-json\/wp\/v2\/media?parent=8885"}],"wp:term":[{"taxonomy":"product_cat","embeddable":true,"href":"https:\/\/www.dbbc-bayern.de\/en\/wp-json\/wp\/v2\/product_cat?post=8885"},{"taxonomy":"product_tag","embeddable":true,"href":"https:\/\/www.dbbc-bayern.de\/en\/wp-json\/wp\/v2\/product_tag?post=8885"}],"curies":[{"name":"wp","href":"https:\/\/api.w.org\/{rel}","templated":true}]}}