{"id":3583,"date":"2019-12-03T09:28:03","date_gmt":"2019-12-03T08:28:03","guid":{"rendered":"https:\/\/portal.dbbc-bayern.de\/?post_type=product&#038;p=3583"},"modified":"2025-05-28T11:06:48","modified_gmt":"2025-05-28T09:06:48","slug":"hoody-junior-optionale-schulkleidung-021021","status":"publish","type":"product","link":"https:\/\/www.dbbc-bayern.de\/en\/shop\/produkt\/hoody-junior-optionale-schulkleidung-021021\/","title":{"rendered":"Hoodie (unisex)"},"content":{"rendered":"<p><strong>Kapuzensweater Unisex<\/strong><\/p>\n<p>Gr\u00f6\u00dfen: XS, S, M, L, XL<\/p>\n<p>gerader Schnitt, Kapuze mit Jersey-Futter, flache Kordelz\u00fcge mit Metallenden, Oberfl\u00e4che aus 100% Baumwolle, innen angeraut<\/p>\n<p>erh\u00e4ltlich in 13 Farben: wei\u00df, schwarz, dunkelgrau, grau, dunkelblau, royalblau, dunkelgr\u00fcn, hellgr\u00fcn, khaki, rot, pink, rosa, lila<\/p>\n<p><strong>Material:<\/strong><\/p>\n<p>80% gek\u00e4mmte, ringgesponnene Baumwolle<br \/>\n20% Polyester<\/p>\n<p>Au\u00dfen: Baumwolle<br \/>\nInnen: angerautes Fleece<\/p>","protected":false},"excerpt":{"rendered":"<p>DBBC Hoodie<\/p>\n<p>Gr\u00f6\u00dfen: XS, S, M, L, XL<\/p>","protected":false},"featured_media":8783,"template":"","meta":{"_acf_changed":false},"product_cat":[18],"product_tag":[],"class_list":{"0":"post-3583","1":"product","2":"type-product","3":"status-publish","4":"has-post-thumbnail","6":"product_cat-schulkleidung","8":"first","9":"instock","10":"shipping-taxable","11":"purchasable","12":"product-type-variable"},"acf":[],"_links":{"self":[{"href":"https:\/\/www.dbbc-bayern.de\/en\/wp-json\/wp\/v2\/product\/3583","targetHints":{"allow":["GET"]}}],"collection":[{"href":"https:\/\/www.dbbc-bayern.de\/en\/wp-json\/wp\/v2\/product"}],"about":[{"href":"https:\/\/www.dbbc-bayern.de\/en\/wp-json\/wp\/v2\/types\/product"}],"wp:featuredmedia":[{"embeddable":true,"href":"https:\/\/www.dbbc-bayern.de\/en\/wp-json\/wp\/v2\/media\/8783"}],"wp:attachment":[{"href":"https:\/\/www.dbbc-bayern.de\/en\/wp-json\/wp\/v2\/media?parent=3583"}],"wp:term":[{"taxonomy":"product_cat","embeddable":true,"href":"https:\/\/www.dbbc-bayern.de\/en\/wp-json\/wp\/v2\/product_cat?post=3583"},{"taxonomy":"product_tag","embeddable":true,"href":"https:\/\/www.dbbc-bayern.de\/en\/wp-json\/wp\/v2\/product_tag?post=3583"}],"curies":[{"name":"wp","href":"https:\/\/api.w.org\/{rel}","templated":true}]}}