{"id":3475,"date":"2019-12-03T09:02:21","date_gmt":"2019-12-03T08:02:21","guid":{"rendered":"https:\/\/portal.dbbc-bayern.de\/?post_type=product&#038;p=3475"},"modified":"2025-04-30T11:22:00","modified_gmt":"2025-04-30T09:22:00","slug":"sweatshirt-junior-verpflichtend-021030","status":"publish","type":"product","link":"https:\/\/www.dbbc-bayern.de\/en\/shop\/produkt\/sweatshirt-junior-verpflichtend-021030\/","title":{"rendered":"Sweater \/ Pullover Junior (unisex)"},"content":{"rendered":"<p><strong>Sweater \/ Pullover\u00a0<\/strong><\/p>\n<p>Kragen, Armabschl\u00fcsse und B\u00fcndchen in 1&#215;1 Rippstrick mit Elasthan, feine weiche Oberfl\u00e4che<\/p>\n<p>erh\u00e4ltlich in 5 Farben: wei\u00df, schwarz, grau, dunkelblau und royalblau<\/p>\n<p><strong>Material:<\/strong><\/p>\n<p>80% gek\u00e4mmte, ringgesponnene Baumwolle<br \/>\n20% Polyester<\/p>\n<p>Au\u00dfen: Baumwolle \/ Innen: angerautes Fleece<\/p>","protected":false},"excerpt":{"rendered":"<p>DBBC Sweater<\/p>\n<p>Gr\u00f6\u00dfen: 134-146\/09-11 Jahre , 152-164\/12-14 Jahre<\/p>","protected":false},"featured_media":8593,"template":"","meta":{"_acf_changed":false},"product_cat":[18],"product_tag":[],"class_list":{"0":"post-3475","1":"product","2":"type-product","3":"status-publish","4":"has-post-thumbnail","6":"product_cat-schulkleidung","8":"first","9":"instock","10":"shipping-taxable","11":"purchasable","12":"product-type-variable"},"acf":[],"_links":{"self":[{"href":"https:\/\/www.dbbc-bayern.de\/en\/wp-json\/wp\/v2\/product\/3475","targetHints":{"allow":["GET"]}}],"collection":[{"href":"https:\/\/www.dbbc-bayern.de\/en\/wp-json\/wp\/v2\/product"}],"about":[{"href":"https:\/\/www.dbbc-bayern.de\/en\/wp-json\/wp\/v2\/types\/product"}],"wp:featuredmedia":[{"embeddable":true,"href":"https:\/\/www.dbbc-bayern.de\/en\/wp-json\/wp\/v2\/media\/8593"}],"wp:attachment":[{"href":"https:\/\/www.dbbc-bayern.de\/en\/wp-json\/wp\/v2\/media?parent=3475"}],"wp:term":[{"taxonomy":"product_cat","embeddable":true,"href":"https:\/\/www.dbbc-bayern.de\/en\/wp-json\/wp\/v2\/product_cat?post=3475"},{"taxonomy":"product_tag","embeddable":true,"href":"https:\/\/www.dbbc-bayern.de\/en\/wp-json\/wp\/v2\/product_tag?post=3475"}],"curies":[{"name":"wp","href":"https:\/\/api.w.org\/{rel}","templated":true}]}}