{"id":3216,"date":"2019-10-24T13:49:13","date_gmt":"2019-10-24T11:49:13","guid":{"rendered":"https:\/\/portal.dbbc-bayern.de\/?post_type=product&#038;p=3216"},"modified":"2025-10-10T10:55:52","modified_gmt":"2025-10-10T08:55:52","slug":"zip-stick-automat-im-schuelercafe","status":"publish","type":"product","link":"https:\/\/www.dbbc-bayern.de\/en\/shop\/produkt\/zip-stick-automat-im-schuelercafe\/","title":{"rendered":"CHIP &#8211; f\u00fcr Kopierer (aufladbar mit Kopierpunkten &#8211; im Shop erh\u00e4ltlich) &#038; Automaten (aufladbar mit Bargeld (Scheinen) direkt am Automaten"},"content":{"rendered":"<p><b>Bargeldlose Zahlung <\/b>an den <b>Automaten (Getr\u00e4nke &amp; Essen) <\/b>&amp; dem<b> Sch\u00fclerkopierer<\/b>: der Chip kostet einmalig 10\u20ac.<\/p>\n<p>F\u00fcr den Kopierer ist es notwendig, Kopierpunkte \u00fcber den Shop zu bestellen. Die Aufladung des Chips f\u00fcr die Essens- und Getr\u00e4nkeautomaten erfolgt nach Bedarf \u00fcber Bargeld (nur Scheine) direkt an den Automaten.<\/p>","protected":false},"excerpt":{"rendered":"<p>Bargeldlose Zahlung an den Automaten (Getr\u00e4nke &amp; Essen) &amp; dem Sch\u00fclerkopierer: der Chip kostet einmalig 10\u20ac. F\u00fcr den Kopierer ist es notwendig, Kopierpunkte \u00fcber den Shop zu bestellen. Die Aufladung des Chips f\u00fcr die Essens- und Getr\u00e4nkeautomaten erfolgt nach Bedarf \u00fcber Bargeld (nur Scheine) direkt an den Automaten.<\/p>","protected":false},"featured_media":11780,"template":"","meta":{"_acf_changed":false},"product_cat":[16],"product_tag":[],"class_list":{"0":"post-3216","1":"product","2":"type-product","3":"status-publish","4":"has-post-thumbnail","6":"product_cat-schulmaterialien","8":"first","9":"instock","10":"shipping-taxable","11":"purchasable","12":"product-type-simple"},"acf":[],"_links":{"self":[{"href":"https:\/\/www.dbbc-bayern.de\/en\/wp-json\/wp\/v2\/product\/3216","targetHints":{"allow":["GET"]}}],"collection":[{"href":"https:\/\/www.dbbc-bayern.de\/en\/wp-json\/wp\/v2\/product"}],"about":[{"href":"https:\/\/www.dbbc-bayern.de\/en\/wp-json\/wp\/v2\/types\/product"}],"wp:featuredmedia":[{"embeddable":true,"href":"https:\/\/www.dbbc-bayern.de\/en\/wp-json\/wp\/v2\/media\/11780"}],"wp:attachment":[{"href":"https:\/\/www.dbbc-bayern.de\/en\/wp-json\/wp\/v2\/media?parent=3216"}],"wp:term":[{"taxonomy":"product_cat","embeddable":true,"href":"https:\/\/www.dbbc-bayern.de\/en\/wp-json\/wp\/v2\/product_cat?post=3216"},{"taxonomy":"product_tag","embeddable":true,"href":"https:\/\/www.dbbc-bayern.de\/en\/wp-json\/wp\/v2\/product_tag?post=3216"}],"curies":[{"name":"wp","href":"https:\/\/api.w.org\/{rel}","templated":true}]}}