{"id":11995,"date":"2025-09-02T09:07:47","date_gmt":"2025-09-02T07:07:47","guid":{"rendered":"https:\/\/www.dbbc-bayern.de\/?post_type=product&#038;p=11995"},"modified":"2025-09-02T09:09:59","modified_gmt":"2025-09-02T07:09:59","slug":"hoody-interlock","status":"publish","type":"product","link":"https:\/\/www.dbbc-bayern.de\/en\/shop\/produkt\/hoody-interlock\/","title":{"rendered":"Hoody Interlock"},"content":{"rendered":"<p><strong>Stylischer Hoody in technischem Look<\/strong><\/p>\n<ul>\n<li>Hochwertige Interlock Qualit\u00e4t<\/li>\n<li>Angenehme Materialmischung aus BIO-Baumwolle, recyceltem Polyester und Elasthan<\/li>\n<li>Technische Details<\/li>\n<\/ul>\n<ul>\n<li>K\u00e4ngurutasche mit zus\u00e4tzlicher Rei\u00dfverschlusstasche<\/li>\n<li>Rei\u00dfverschlusstasche auf linkem \u00c4rmel<\/li>\n<li>Rei\u00dfverschlusstaschen umrandet mit modischem Tape<\/li>\n<\/ul>\n<div class=\"text-base sm:text-xs mb-2.5\"><\/div>","protected":false},"excerpt":{"rendered":"<h4>Stylischer Hoody in technischem Look<\/h4>\n<p>Gr\u00f6\u00dfen:\u00a0S\u00a0\u2013\u00a0M\u00a0\u2013\u00a0L\u00a0\u2013\u00a0XL\u00a0\u2013\u00a0XXL\u00a0\u2013\u00a03XL<\/p>\n<p>&nbsp;<\/p>","protected":false},"featured_media":11996,"template":"","meta":{"_acf_changed":false},"product_cat":[18],"product_tag":[],"class_list":{"0":"post-11995","1":"product","2":"type-product","3":"status-publish","4":"has-post-thumbnail","6":"product_cat-schulkleidung","8":"first","9":"instock","10":"shipping-taxable","11":"purchasable","12":"product-type-variable"},"acf":[],"_links":{"self":[{"href":"https:\/\/www.dbbc-bayern.de\/en\/wp-json\/wp\/v2\/product\/11995","targetHints":{"allow":["GET"]}}],"collection":[{"href":"https:\/\/www.dbbc-bayern.de\/en\/wp-json\/wp\/v2\/product"}],"about":[{"href":"https:\/\/www.dbbc-bayern.de\/en\/wp-json\/wp\/v2\/types\/product"}],"wp:featuredmedia":[{"embeddable":true,"href":"https:\/\/www.dbbc-bayern.de\/en\/wp-json\/wp\/v2\/media\/11996"}],"wp:attachment":[{"href":"https:\/\/www.dbbc-bayern.de\/en\/wp-json\/wp\/v2\/media?parent=11995"}],"wp:term":[{"taxonomy":"product_cat","embeddable":true,"href":"https:\/\/www.dbbc-bayern.de\/en\/wp-json\/wp\/v2\/product_cat?post=11995"},{"taxonomy":"product_tag","embeddable":true,"href":"https:\/\/www.dbbc-bayern.de\/en\/wp-json\/wp\/v2\/product_tag?post=11995"}],"curies":[{"name":"wp","href":"https:\/\/api.w.org\/{rel}","templated":true}]}}