{"id":11714,"date":"2025-04-09T11:32:40","date_gmt":"2025-04-09T09:32:40","guid":{"rendered":"https:\/\/www.dbbc-bayern.de\/?post_type=product&#038;p=11714"},"modified":"2025-05-21T10:55:42","modified_gmt":"2025-05-21T08:55:42","slug":"bademantel","status":"publish","type":"product","link":"https:\/\/www.dbbc-bayern.de\/en\/shop\/produkt\/bademantel\/","title":{"rendered":"Bademantel"},"content":{"rendered":"<p><strong>Bademantel<\/strong><\/p>\n<p>Gr\u00f6\u00dfen: S\/M, L\/XL<\/p>\n<div class=\"text-base sm:text-xs mb-2.5\">420g\/m\u00b2, 100%\u00a0<span class=\"lexicon-tooltip border-b border-black border-dotted\">gek\u00e4mmte<\/span>\u00a0<span class=\"lexicon-tooltip border-b border-black border-dotted\">Baumwolle<\/span><\/div>\n<div class=\"text-base sm:text-xs mb-2.5\">Bord\u00fcren an Kragen, \u00c4rmel und Taschen, Schlaufe zum Aufh\u00e4ngen, 60\u00b0 waschbar, trocknergeeignet bei niedriger Temperatur<\/div>\n<p>erh\u00e4ltlich in 4 Farben: wei\u00df, petrol, <span style=\"font-size: 1rem\">\u00a0<\/span><span style=\"font-size: 1rem\">light blue, <\/span><span style=\"font-size: 1rem\">silver-grey, darkgreen<\/span><\/p>\n<p><strong>Material:<\/strong><\/p>\n<p>100% Baumwolle<\/p>","protected":false},"excerpt":{"rendered":"<p>DBBC Bademantel<\/p>\n<p>Gr\u00f6\u00dfen: S\/M, L\/XL<\/p>","protected":false},"featured_media":11767,"template":"","meta":{"_acf_changed":false},"product_cat":[18],"product_tag":[],"class_list":{"0":"post-11714","1":"product","2":"type-product","3":"status-publish","4":"has-post-thumbnail","6":"product_cat-schulkleidung","8":"first","9":"instock","10":"shipping-taxable","11":"purchasable","12":"product-type-variable","13":"has-default-attributes"},"acf":[],"_links":{"self":[{"href":"https:\/\/www.dbbc-bayern.de\/en\/wp-json\/wp\/v2\/product\/11714","targetHints":{"allow":["GET"]}}],"collection":[{"href":"https:\/\/www.dbbc-bayern.de\/en\/wp-json\/wp\/v2\/product"}],"about":[{"href":"https:\/\/www.dbbc-bayern.de\/en\/wp-json\/wp\/v2\/types\/product"}],"wp:featuredmedia":[{"embeddable":true,"href":"https:\/\/www.dbbc-bayern.de\/en\/wp-json\/wp\/v2\/media\/11767"}],"wp:attachment":[{"href":"https:\/\/www.dbbc-bayern.de\/en\/wp-json\/wp\/v2\/media?parent=11714"}],"wp:term":[{"taxonomy":"product_cat","embeddable":true,"href":"https:\/\/www.dbbc-bayern.de\/en\/wp-json\/wp\/v2\/product_cat?post=11714"},{"taxonomy":"product_tag","embeddable":true,"href":"https:\/\/www.dbbc-bayern.de\/en\/wp-json\/wp\/v2\/product_tag?post=11714"}],"curies":[{"name":"wp","href":"https:\/\/api.w.org\/{rel}","templated":true}]}}