{"id":526,"date":"2019-01-03T18:26:22","date_gmt":"2019-01-03T17:26:22","guid":{"rendered":"https:\/\/portal.dbbc-bayern.de\/?page_id=526"},"modified":"2025-10-01T09:09:12","modified_gmt":"2025-10-01T07:09:12","slug":"uebertritt","status":"publish","type":"page","link":"https:\/\/www.dbbc-bayern.de\/en\/uebertritt\/","title":{"rendered":"School transition"},"content":{"rendered":"<h2 class=\"wp-block-heading\">A safe transition between grades and school types<\/h2><p>We know that a change of school type or grade - whether it is a transition from primary school to secondary school or between different grades - can be a time of uncertainty for parents and students. Our aim is to support you during these transition phases and to demonstrate the possibilities of flexibility and permeability of the Bavarian school system and our schools.<\/p><p>At the Dietrich Bonhoeffer educational campus, we offer a secondary school and a middle school, among others. Switching between these types of school is particularly straightforward with us. Pupils remain in their familiar environment, keep their friends and their social network, and little changes for parents either. In this way, we enable a smooth transition and create optimal conditions for your child's educational success.<\/p><div style=\"height:50px\" aria-hidden=\"true\" class=\"wp-block-spacer\"><\/div><div class=\"block-color-teaser w-full not-prose text-white text-center\" style=\"\">\n        <div class=\"grid grid-cols-1 lg:flex gap-8 mt-16\">\n                      <a href=\"https:\/\/www.dbbc-bayern.de\/en\/schulen\/mittelschule\/\" class=\"icon-text py-12 px-8 rounded-xl flex flex-col gap-4 items-start basis-1\/5\" style=\"background-color: #8cbb3b\">\n                    \n            <img decoding=\"async\" src=\"https:\/\/www.dbbc-bayern.de\/wp-content\/uploads\/2024\/12\/mittelschule.png\" alt=\"DBBC Icon\" class=\"w-16 h-auto mx-auto\">\n                    <h4 class=\"my-0 block w-full no-underline text-white font-display font-bold text-2xl text-center leading-tight\">Secondary school: Mittelschule<\/h4>\n          <div class=\"copy w-full leading-tight\">Successful completion, qualifying qualification: \"Quali\", intermediate school leaving certificate: \"Mittlere Reife\"<\/div>\n                  <\/a>\n                              <a href=\"https:\/\/www.dbbc-bayern.de\/en\/schulen\/realschule\/\" class=\"icon-text py-12 px-8 rounded-xl flex flex-col gap-4 items-start basis-1\/5\" style=\"background-color: #43609c\">\n                    \n            <img decoding=\"async\" src=\"https:\/\/www.dbbc-bayern.de\/wp-content\/uploads\/2024\/12\/realschule.png\" alt=\"DBBC Icon\" class=\"w-16 h-auto mx-auto\">\n                    <h4 class=\"my-0 block w-full no-underline text-white font-display font-bold text-2xl text-center leading-tight\">Secondary school: Realschule<\/h4>\n          <div class=\"copy w-full leading-tight\">intermediate school leaving certificate: \"Mittlere Reife\"<\/div>\n                  <\/a>\n                              <a href=\"https:\/\/www.dbbc-bayern.de\/en\/schulen\/fachoberschule\/\" class=\"icon-text py-12 px-8 rounded-xl flex flex-col gap-4 items-start basis-1\/5\" style=\"background-color: #c13185\">\n                    \n            <img decoding=\"async\" src=\"https:\/\/www.dbbc-bayern.de\/wp-content\/uploads\/2024\/12\/fos.png\" alt=\"DBBC Icon\" class=\"w-16 h-auto mx-auto\">\n                    <h4 class=\"my-0 block w-full no-underline text-white font-display font-bold text-2xl text-center leading-tight\">Vocational secondary school: Fachoberschule<\/h4>\n          <div class=\"copy w-full leading-tight\">\"Fachabitur\"<\/div>\n                  <\/a>\n                              <a href=\"https:\/\/www.dbbc-bayern.de\/en\/schulen\/cambridge-international-school\/\" class=\"icon-text py-12 px-8 rounded-xl flex flex-col gap-4 items-start basis-1\/5\" style=\"background-color: #ffc000\">\n                    \n            <img decoding=\"async\" src=\"https:\/\/www.dbbc-bayern.de\/wp-content\/uploads\/2024\/12\/cis.png\" alt=\"DBBC Icon\" class=\"w-16 h-auto mx-auto\">\n                    <h4 class=\"my-0 block w-full no-underline text-white font-display font-bold text-2xl text-center leading-tight\">Cambridge International School<\/h4>\n          <div class=\"copy w-full leading-tight\">AICE-Diploma, A-Levels<\/div>\n                  <\/a>\n                              <a href=\"https:\/\/www.dbbc-bayern.de\/en\/schulen\/akademie\/\" class=\"icon-text py-12 px-8 rounded-xl flex flex-col gap-4 items-start basis-1\/5\" style=\"background-color: #7f32ba\">\n                    \n            <img decoding=\"async\" src=\"https:\/\/www.dbbc-bayern.de\/wp-content\/uploads\/2024\/12\/akademie.png\" alt=\"DBBC Icon\" class=\"w-16 h-auto mx-auto\">\n                    <h4 class=\"my-0 block w-full no-underline text-white font-display font-bold text-2xl text-center leading-tight\">Language Academy<\/h4>\n          <div class=\"copy w-full leading-tight\">TELC Language certificates<\/div>\n                  <\/a>\n                <\/div>\n<\/div><div style=\"height:100px\" aria-hidden=\"true\" class=\"wp-block-spacer\"><\/div><h2 class=\"wp-block-heading\">Counselling interview<\/h2><p>We conduct a counselling session with all interested parents and children. We can provide you with detailed information about the options and use our experience to provide you with advice and support.<\/p><p><a href=\"https:\/\/anmeldung.dbbc-bayern.de\/\" data-type=\"link\" data-id=\"https:\/\/anmeldung.dbbc-bayern.de\/\" target=\"_blank\" rel=\"noreferrer noopener\">Registration for counselling interview<\/a><\/p><div style=\"height:50px\" aria-hidden=\"true\" class=\"wp-block-spacer\"><\/div><h2 class=\"wp-block-heading\">Educational perspectives<\/h2><p>The diverse educational pathways in Bavaria make it possible for pupils with different qualifications - from the intermediate school leaving certificate to the advanced technical college entrance qualification to the university entrance qualification - to successfully achieve their individual academic and professional goals. A pupil who attends secondary school may well go on to university and study.<\/p><div style=\"height:50px\" aria-hidden=\"true\" class=\"wp-block-spacer\"><\/div><h2 class=\"wp-block-heading\">No barriers<\/h2><p>We offer around 500 pupils the opportunity to pursue their individual goals and at the same time obtain the best possible personal school-leaving qualification. We want to make it as easy as possible to get started.<\/p><div class=\"wp-block-columns is-layout-flex wp-container-core-columns-is-layout-1 wp-block-columns-is-layout-flex\"><div class=\"wp-block-column is-layout-flow wp-block-column-is-layout-flow\"><p>That's why you can register with us at any time - even during the school year. If you are unsure about the right type of school, we will of course be happy to help and advise you.<\/p>\n\n<p>It is also easy to switch between school types at a later date. Pupils stay on campus, keep their friends and their social environment and parents don't have to make any changes either.<\/p>\n\n<p>We offer campus tours or trial days to get a taste of what it's like, as well as trial training sessions for athletes.<\/p><\/div>\n\n<div class=\"wp-block-column is-layout-flow wp-block-column-is-layout-flow\"><h4 class=\"wp-block-heading\">Registration possible at any time<\/h4>\n\n<p>Even during the school year.<\/p>\n\n<h4 class=\"wp-block-heading\">Campus tours<\/h4>\n\n<p>We will be happy to show you everything. There are trial sessions for athletes and older children can also take part in trial days if they wish.<\/p>\n\n<h4 class=\"wp-block-heading\">No registration requirements<\/h4>\n\n<p>Everyone is welcome.<\/p><\/div><\/div><div style=\"height:50px\" aria-hidden=\"true\" class=\"wp-block-spacer\"><\/div><h2 class=\"wp-block-heading\">Downloads<\/h2><p><a href=\"https:\/\/www.dbbc-bayern.de\/wp-content\/uploads\/2025\/02\/DBBC_Infoabend_2025_MS_RS.pdf\" data-type=\"attachment\" data-id=\"11560\" target=\"_blank\" rel=\"noreferrer noopener\">Presentation of the information event: secondary schools Mittelschule\/Realschule SY 2025\/2026<\/a><\/p><p><a href=\"https:\/\/www.dbbc-bayern.de\/wp-content\/uploads\/2025\/02\/DBBC_Infoabend_2025_FOS.pdf\">Presentation of the information event: Fachoberschule SY 2025\/2026<\/a><\/p><p><a href=\"https:\/\/www.dbbc-bayern.de\/en\/downloads\/pdf\/dbbc-infos-zum-schuljahresbeginn.pdf\/\" target=\"_blank\" rel=\"noreferrer noopener\">Information on the start of the school year<\/a><\/p><p><a href=\"https:\/\/anmeldung.dbbc-bayern.de\/\" target=\"_blank\" rel=\"noreferrer noopener\">Registration for counselling interview<\/a><\/p><div style=\"height:50px\" aria-hidden=\"true\" class=\"wp-block-spacer\"><\/div><hr class=\"wp-block-separator has-alpha-channel-opacity\"\/><div style=\"height:50px\" aria-hidden=\"true\" class=\"wp-block-spacer\"><\/div><p class=\"dbbc-overline\">Ready, Steady, Go!<\/p><h2 class=\"wp-block-heading\">Interested in our campus?<\/h2><p>We offer around 500 pupils from Bad Aibling, the Rosenheim area and far beyond the opportunity to pursue their individual goals and at the same time obtain the best possible personal school-leaving qualification. We want to make it as easy as possible to get started.<\/p><div class=\"wp-block-columns is-layout-flex wp-container-core-columns-is-layout-2 wp-block-columns-is-layout-flex\"><div class=\"wp-block-column is-layout-flow wp-block-column-is-layout-flow\"><p>That's why you can register with us at any time - even during the school year. If you are unsure about the right type of school, we will of course be happy to help and advise you.<\/p>\n\n<p>It is also easy to switch between school types at a later date. Pupils stay on campus, keep their friends and their social environment and parents don't have to make any changes either.<\/p><\/div>\n\n<div class=\"wp-block-column is-layout-flow wp-block-column-is-layout-flow\"><p>We offer campus tours or trial days to get a taste of what it's like, as well as trial training sessions for athletes.<\/p>\n\n<p>Our students come not only from Bad Aibling, but also from the catchment area of Rosenheim and beyond. This diversity enriches our school life and promotes lively interaction.<\/p><\/div><\/div><div class=\"block-icon-text w-full\" style=\"\">\n    <div class=\"grid grid-cols-1 lg:grid-cols-2 gap-x-16 gap-y-8 mt-16\">\n            <div class=\"icon-text flex gap-4 lg:gap-8 items-start\">\n          <div class=\"icon mb-4 inline-block not-prose\">\n            <div class=\"p-2 rounded-full bg-primary text-primary-inverse w-14 h-14 flex items-center justify-center\">\n                              <img decoding=\"async\" src=\"https:\/\/www.dbbc-bayern.de\/wp-content\/uploads\/2024\/12\/durchlaessigkeit.png\" alt=\"DBBC Icon\" class=\"w-8 h-auto\">\n                          <\/div>\n          <\/div>\n          <div class=\"copy -mt-6\"><h4>Registration possible at any time<\/h4>\n<p>Even during the school year.<\/p>\n<\/div>\n        <\/div>\n            <div class=\"icon-text flex gap-4 lg:gap-8 items-start\">\n          <div class=\"icon mb-4 inline-block not-prose\">\n            <div class=\"p-2 rounded-full bg-primary text-primary-inverse w-14 h-14 flex items-center justify-center\">\n                              <img decoding=\"async\" src=\"https:\/\/www.dbbc-bayern.de\/wp-content\/uploads\/2024\/12\/schulsystem.png\" alt=\"DBBC Icon\" class=\"w-8 h-auto\">\n                          <\/div>\n          <\/div>\n          <div class=\"copy -mt-6\"><h4>Campus tours<\/h4>\n<p>We would be happy to show you the campus in advance. Please contact us if you are interested.<\/p>\n<\/div>\n        <\/div>\n            <div class=\"icon-text flex gap-4 lg:gap-8 items-start\">\n          <div class=\"icon mb-4 inline-block not-prose\">\n            <div class=\"p-2 rounded-full bg-primary text-primary-inverse w-14 h-14 flex items-center justify-center\">\n                              <img decoding=\"async\" src=\"https:\/\/www.dbbc-bayern.de\/wp-content\/uploads\/2024\/12\/schulsystem.png\" alt=\"DBBC Icon\" class=\"w-8 h-auto\">\n                          <\/div>\n          <\/div>\n          <div class=\"copy -mt-6\"><h4>Prices<\/h4>\n<p>Prices vary depending on the type of school and the individualisations selected. Contact us for more information.<\/p>\n<\/div>\n        <\/div>\n        <\/div>\n<\/div><div style=\"height:50px\" aria-hidden=\"true\" class=\"wp-block-spacer\"><\/div><h3 class=\"wp-block-heading has-text-align-center\">We look forward to seeing you!<\/h3><div class=\"wp-block-buttons is-content-justification-center is-layout-flex wp-container-core-buttons-is-layout-1 wp-block-buttons-is-layout-flex\"><div class=\"wp-block-button\"><a class=\"wp-block-button__link has-background-color has-text-color has-background has-link-color wp-element-button\" href=\"\/en\/kontakt\/\" style=\"border-radius:0px;background-color:#8cbb3b\">Contact us<\/a><\/div><\/div><div style=\"height:100px\" aria-hidden=\"true\" class=\"wp-block-spacer\"><\/div>","protected":false},"excerpt":{"rendered":"<p>Ein sicherer \u00dcbergang zwischen Klassenstufen und Schularten Wir wissen, dass ein Wechsel der Schulart oder der Klassenstufe \u2013 sei es beim \u00dcbergang von der Grundschule auf eine weiterf\u00fchrende Schule oder zwischen anderen Klassenstufen \u2013 f\u00fcr Eltern und Sch\u00fclerinnen und Sch\u00fcler eine Zeit der Unsicherheit sein kann. Unser Ziel ist es, Sie in diesen \u00dcbergangsphasen zu<a href=\"https:\/\/www.dbbc-bayern.de\/en\/uebertritt\/\">Continue reading <span class=\"sr-only\">&#8222;\u00dcbertritt&#8220;<\/span><\/a><\/p>","protected":false},"author":1789,"featured_media":0,"parent":0,"menu_order":0,"comment_status":"closed","ping_status":"closed","template":"","meta":{"_acf_changed":false,"footnotes":""},"class_list":["post-526","page","type-page","status-publish","hentry"],"acf":[],"_links":{"self":[{"href":"https:\/\/www.dbbc-bayern.de\/en\/wp-json\/wp\/v2\/pages\/526","targetHints":{"allow":["GET"]}}],"collection":[{"href":"https:\/\/www.dbbc-bayern.de\/en\/wp-json\/wp\/v2\/pages"}],"about":[{"href":"https:\/\/www.dbbc-bayern.de\/en\/wp-json\/wp\/v2\/types\/page"}],"author":[{"embeddable":true,"href":"https:\/\/www.dbbc-bayern.de\/en\/wp-json\/wp\/v2\/users\/1789"}],"replies":[{"embeddable":true,"href":"https:\/\/www.dbbc-bayern.de\/en\/wp-json\/wp\/v2\/comments?post=526"}],"version-history":[{"count":11,"href":"https:\/\/www.dbbc-bayern.de\/en\/wp-json\/wp\/v2\/pages\/526\/revisions"}],"predecessor-version":[{"id":12399,"href":"https:\/\/www.dbbc-bayern.de\/en\/wp-json\/wp\/v2\/pages\/526\/revisions\/12399"}],"wp:attachment":[{"href":"https:\/\/www.dbbc-bayern.de\/en\/wp-json\/wp\/v2\/media?parent=526"}],"curies":[{"name":"wp","href":"https:\/\/api.w.org\/{rel}","templated":true}]}}