{"id":270,"date":"2018-12-23T14:03:35","date_gmt":"2018-12-23T13:03:35","guid":{"rendered":"https:\/\/portal.dbbc-bayern.de\/?page_id=270"},"modified":"2024-12-09T16:39:33","modified_gmt":"2024-12-09T15:39:33","slug":"kontakt","status":"publish","type":"page","link":"https:\/\/www.dbbc-bayern.de\/en\/kontakt\/","title":{"rendered":"contact"},"content":{"rendered":"<h2 class=\"wp-block-heading\">Kontaktdaten<\/h2><p>Diakonisches Institut f\u00fcr Bildung und Soziales gGmbH<br>Dietrich-Bonhoeffer-Str. 28<br>83043 Bad Aibling<\/p><p>phone:<a href=\"tel: 49080619388410\">08061 938841-0<\/a><br>email:<a href=\"mailto:info@dbbc-bayern.de\">info@dbbc-bayern.de<\/a><\/p><div style=\"height:100px\" aria-hidden=\"true\" class=\"wp-block-spacer\"><\/div><p><span style=\"color: rgb(0, 0, 0); font-size: medium; text-align: center; white-space-collapse: collapse;\">Bei Fragen, W\u00fcnschen, Ideen und nat\u00fcrlich bei Interesse am Dietrich-Bonhoeffer-Bildungscampus und unserem Angebot, freuen wir uns \u00fcber eine Nachricht.<\/span><\/p>","protected":false},"excerpt":{"rendered":"<p>Kontaktdaten Diakonisches Institut f\u00fcr Bildung und Soziales gGmbHDietrich-Bonhoeffer-Str. 2883043 Bad Aibling Tel.:08061 938841-0E-Mail:info@dbbc-bayern.de Bei Fragen, W\u00fcnschen, Ideen und nat\u00fcrlich bei Interesse am Dietrich-Bonhoeffer-Bildungscampus und unserem Angebot, freuen wir uns \u00fcber eine Nachricht.<\/p>","protected":false},"author":1789,"featured_media":0,"parent":0,"menu_order":0,"comment_status":"closed","ping_status":"closed","template":"","meta":{"_acf_changed":false,"footnotes":""},"class_list":["post-270","page","type-page","status-publish","hentry"],"acf":[],"_links":{"self":[{"href":"https:\/\/www.dbbc-bayern.de\/en\/wp-json\/wp\/v2\/pages\/270","targetHints":{"allow":["GET"]}}],"collection":[{"href":"https:\/\/www.dbbc-bayern.de\/en\/wp-json\/wp\/v2\/pages"}],"about":[{"href":"https:\/\/www.dbbc-bayern.de\/en\/wp-json\/wp\/v2\/types\/page"}],"author":[{"embeddable":true,"href":"https:\/\/www.dbbc-bayern.de\/en\/wp-json\/wp\/v2\/users\/1789"}],"replies":[{"embeddable":true,"href":"https:\/\/www.dbbc-bayern.de\/en\/wp-json\/wp\/v2\/comments?post=270"}],"version-history":[{"count":7,"href":"https:\/\/www.dbbc-bayern.de\/en\/wp-json\/wp\/v2\/pages\/270\/revisions"}],"predecessor-version":[{"id":11324,"href":"https:\/\/www.dbbc-bayern.de\/en\/wp-json\/wp\/v2\/pages\/270\/revisions\/11324"}],"wp:attachment":[{"href":"https:\/\/www.dbbc-bayern.de\/en\/wp-json\/wp\/v2\/media?parent=270"}],"curies":[{"name":"wp","href":"https:\/\/api.w.org\/{rel}","templated":true}]}}