{"id":12024,"date":"2025-07-22T10:06:43","date_gmt":"2025-07-22T08:06:43","guid":{"rendered":"https:\/\/www.dbbc-bayern.de\/?page_id=12024"},"modified":"2025-09-16T14:51:36","modified_gmt":"2025-09-16T12:51:36","slug":"elternbeirat","status":"publish","type":"page","link":"https:\/\/www.dbbc-bayern.de\/en\/elternbeirat\/","title":{"rendered":"Elternbeirat"},"content":{"rendered":"<h2 class=\"wp-block-heading\">Herzlich willkommen<\/h2><div style=\"height:20px\" aria-hidden=\"true\" class=\"wp-block-spacer\"><\/div><p><strong>Der Elternbeirat des Dietrich-Bonhoeffer-Bildungscampus begr\u00fc\u00dft alle Eltern und Erziehungsberechtigten.<\/strong><\/p><p>Als Teil der Schulfamilie unterst\u00fctzen wir gemeinsam mit der Schulleitung, allen Lehrkr\u00e4ften, Ihnen als Eltern und den Kindern das Schulleben am DBBC Bad Aibling.<\/p><p>Wenn Sie Kontakt zum Elternbeirat aufnehmen m\u00f6chten, schreiben Sie bitte gerne eine eMail an: <a href=\"mailto:elternbeirat@dbbc-bayern.de\" target=\"_blank\" rel=\"noreferrer noopener\">elternbeirat@dbbc-bayern.de<\/a><\/p><div style=\"height:30px\" aria-hidden=\"true\" class=\"wp-block-spacer\"><\/div><p><strong><mark style=\"background-color:rgba(0, 0, 0, 0)\" class=\"has-inline-color has-tertiary-color\">MITGLIEDER DES ELTERNBEIRATS 2025\/2026<\/mark><\/strong><\/p><div class=\"wp-block-media-text is-stacked-on-mobile\" style=\"grid-template-columns:15% auto\"><figure class=\"wp-block-media-text__media\"><img loading=\"lazy\" decoding=\"async\" width=\"769\" height=\"1024\" src=\"https:\/\/www.dbbc-bayern.de\/wp-content\/uploads\/2025\/07\/AlexanderSpielvogel-769x1024.jpg\" alt=\"\" class=\"wp-image-12037 size-full\" srcset=\"https:\/\/www.dbbc-bayern.de\/wp-content\/uploads\/2025\/07\/AlexanderSpielvogel-769x1024.jpg 769w, https:\/\/www.dbbc-bayern.de\/wp-content\/uploads\/2025\/07\/AlexanderSpielvogel-225x300.jpg 225w, https:\/\/www.dbbc-bayern.de\/wp-content\/uploads\/2025\/07\/AlexanderSpielvogel-768x1023.jpg 768w, https:\/\/www.dbbc-bayern.de\/wp-content\/uploads\/2025\/07\/AlexanderSpielvogel-1153x1536.jpg 1153w, https:\/\/www.dbbc-bayern.de\/wp-content\/uploads\/2025\/07\/AlexanderSpielvogel-1538x2048.jpg 1538w, https:\/\/www.dbbc-bayern.de\/wp-content\/uploads\/2025\/07\/AlexanderSpielvogel-9x12.jpg 9w, https:\/\/www.dbbc-bayern.de\/wp-content\/uploads\/2025\/07\/AlexanderSpielvogel-600x799.jpg 600w, https:\/\/www.dbbc-bayern.de\/wp-content\/uploads\/2025\/07\/AlexanderSpielvogel.jpg 1736w\" sizes=\"auto, (max-width: 769px) 100vw, 769px\" \/><\/figure><div class=\"wp-block-media-text__content\"><p><strong>Alexander Spielvogel<\/strong><\/p>\n\n<p>1. Vorstand<\/p><\/div><\/div><div style=\"height:30px\" aria-hidden=\"true\" class=\"wp-block-spacer\"><\/div><div class=\"wp-block-media-text is-stacked-on-mobile\" style=\"grid-template-columns:15% auto\"><figure class=\"wp-block-media-text__media\"><img loading=\"lazy\" decoding=\"async\" width=\"769\" height=\"1024\" src=\"https:\/\/www.dbbc-bayern.de\/wp-content\/uploads\/2025\/07\/CarolineWiller-769x1024.jpg\" alt=\"\" class=\"wp-image-12038 size-full\" srcset=\"https:\/\/www.dbbc-bayern.de\/wp-content\/uploads\/2025\/07\/CarolineWiller-769x1024.jpg 769w, https:\/\/www.dbbc-bayern.de\/wp-content\/uploads\/2025\/07\/CarolineWiller-225x300.jpg 225w, https:\/\/www.dbbc-bayern.de\/wp-content\/uploads\/2025\/07\/CarolineWiller-768x1023.jpg 768w, https:\/\/www.dbbc-bayern.de\/wp-content\/uploads\/2025\/07\/CarolineWiller-1153x1536.jpg 1153w, https:\/\/www.dbbc-bayern.de\/wp-content\/uploads\/2025\/07\/CarolineWiller-1538x2048.jpg 1538w, https:\/\/www.dbbc-bayern.de\/wp-content\/uploads\/2025\/07\/CarolineWiller-9x12.jpg 9w, https:\/\/www.dbbc-bayern.de\/wp-content\/uploads\/2025\/07\/CarolineWiller-600x799.jpg 600w, https:\/\/www.dbbc-bayern.de\/wp-content\/uploads\/2025\/07\/CarolineWiller.jpg 1736w\" sizes=\"auto, (max-width: 769px) 100vw, 769px\" \/><\/figure><div class=\"wp-block-media-text__content\"><p><strong>Caroline Willer<\/strong><\/p>\n\n<p>2. Vorstand<\/p><\/div><\/div><div style=\"height:30px\" aria-hidden=\"true\" class=\"wp-block-spacer\"><\/div><div class=\"wp-block-media-text is-stacked-on-mobile\" style=\"grid-template-columns:15% auto\"><figure class=\"wp-block-media-text__media\"><img loading=\"lazy\" decoding=\"async\" width=\"769\" height=\"1024\" src=\"https:\/\/www.dbbc-bayern.de\/wp-content\/uploads\/2025\/07\/JulianeSchubert-769x1024.jpg\" alt=\"\" class=\"wp-image-12039 size-full\" srcset=\"https:\/\/www.dbbc-bayern.de\/wp-content\/uploads\/2025\/07\/JulianeSchubert-769x1024.jpg 769w, https:\/\/www.dbbc-bayern.de\/wp-content\/uploads\/2025\/07\/JulianeSchubert-225x300.jpg 225w, https:\/\/www.dbbc-bayern.de\/wp-content\/uploads\/2025\/07\/JulianeSchubert-768x1023.jpg 768w, https:\/\/www.dbbc-bayern.de\/wp-content\/uploads\/2025\/07\/JulianeSchubert-1153x1536.jpg 1153w, https:\/\/www.dbbc-bayern.de\/wp-content\/uploads\/2025\/07\/JulianeSchubert-1538x2048.jpg 1538w, https:\/\/www.dbbc-bayern.de\/wp-content\/uploads\/2025\/07\/JulianeSchubert-9x12.jpg 9w, https:\/\/www.dbbc-bayern.de\/wp-content\/uploads\/2025\/07\/JulianeSchubert-600x799.jpg 600w, https:\/\/www.dbbc-bayern.de\/wp-content\/uploads\/2025\/07\/JulianeSchubert.jpg 1736w\" sizes=\"auto, (max-width: 769px) 100vw, 769px\" \/><\/figure><div class=\"wp-block-media-text__content\"><p><strong>Juliane Schubert<\/strong><\/p>\n\n<p>Schriftf\u00fchrerin<\/p><\/div><\/div><div style=\"height:30px\" aria-hidden=\"true\" class=\"wp-block-spacer\"><\/div><div class=\"wp-block-media-text is-stacked-on-mobile\" style=\"grid-template-columns:15% auto\"><figure class=\"wp-block-media-text__media\"><img loading=\"lazy\" decoding=\"async\" width=\"769\" height=\"1024\" src=\"https:\/\/www.dbbc-bayern.de\/wp-content\/uploads\/2025\/07\/SusanneMoeckel-769x1024.jpg\" alt=\"\" class=\"wp-image-12040 size-full\" srcset=\"https:\/\/www.dbbc-bayern.de\/wp-content\/uploads\/2025\/07\/SusanneMoeckel-769x1024.jpg 769w, https:\/\/www.dbbc-bayern.de\/wp-content\/uploads\/2025\/07\/SusanneMoeckel-225x300.jpg 225w, https:\/\/www.dbbc-bayern.de\/wp-content\/uploads\/2025\/07\/SusanneMoeckel-768x1023.jpg 768w, https:\/\/www.dbbc-bayern.de\/wp-content\/uploads\/2025\/07\/SusanneMoeckel-1153x1536.jpg 1153w, https:\/\/www.dbbc-bayern.de\/wp-content\/uploads\/2025\/07\/SusanneMoeckel-1538x2048.jpg 1538w, https:\/\/www.dbbc-bayern.de\/wp-content\/uploads\/2025\/07\/SusanneMoeckel-9x12.jpg 9w, https:\/\/www.dbbc-bayern.de\/wp-content\/uploads\/2025\/07\/SusanneMoeckel-600x799.jpg 600w, https:\/\/www.dbbc-bayern.de\/wp-content\/uploads\/2025\/07\/SusanneMoeckel.jpg 1736w\" sizes=\"auto, (max-width: 769px) 100vw, 769px\" \/><\/figure><div class=\"wp-block-media-text__content\"><p><strong>Susanne M\u00f6ckel<\/strong><\/p>\n\n<p>Kasse<\/p><\/div><\/div><div style=\"height:30px\" aria-hidden=\"true\" class=\"wp-block-spacer\"><\/div><div class=\"wp-block-media-text is-stacked-on-mobile\" style=\"grid-template-columns:15% auto\"><figure class=\"wp-block-media-text__media\"><img loading=\"lazy\" decoding=\"async\" width=\"769\" height=\"1024\" src=\"https:\/\/www.dbbc-bayern.de\/wp-content\/uploads\/2025\/07\/HeikeSonnen-769x1024.jpg\" alt=\"\" class=\"wp-image-12041 size-full\" srcset=\"https:\/\/www.dbbc-bayern.de\/wp-content\/uploads\/2025\/07\/HeikeSonnen-769x1024.jpg 769w, https:\/\/www.dbbc-bayern.de\/wp-content\/uploads\/2025\/07\/HeikeSonnen-225x300.jpg 225w, https:\/\/www.dbbc-bayern.de\/wp-content\/uploads\/2025\/07\/HeikeSonnen-768x1023.jpg 768w, https:\/\/www.dbbc-bayern.de\/wp-content\/uploads\/2025\/07\/HeikeSonnen-1153x1536.jpg 1153w, https:\/\/www.dbbc-bayern.de\/wp-content\/uploads\/2025\/07\/HeikeSonnen-1538x2048.jpg 1538w, https:\/\/www.dbbc-bayern.de\/wp-content\/uploads\/2025\/07\/HeikeSonnen-9x12.jpg 9w, https:\/\/www.dbbc-bayern.de\/wp-content\/uploads\/2025\/07\/HeikeSonnen-600x799.jpg 600w, https:\/\/www.dbbc-bayern.de\/wp-content\/uploads\/2025\/07\/HeikeSonnen.jpg 1736w\" sizes=\"auto, (max-width: 769px) 100vw, 769px\" \/><\/figure><div class=\"wp-block-media-text__content\"><p><strong>Heike Sonnen<\/strong><\/p><\/div><\/div><div style=\"height:80px\" aria-hidden=\"true\" class=\"wp-block-spacer\"><\/div><p><strong><mark style=\"background-color:rgba(0, 0, 0, 0)\" class=\"has-inline-color has-tertiary-color\">UNSERE AUFGABEN<\/mark><\/strong><mark style=\"background-color:rgba(0, 0, 0, 0)\" class=\"has-inline-color has-tertiary-color\"> als Elternbeirat<\/mark><\/p><div class=\"wp-block-cover is-light\" style=\"min-height:885px;aspect-ratio:unset;\"><span aria-hidden=\"true\" class=\"wp-block-cover__background has-background-dim\" style=\"background-color:#acbab8\"><\/span><img loading=\"lazy\" decoding=\"async\" width=\"1024\" height=\"1024\" class=\"wp-block-cover__image-background wp-image-12043\" alt=\"\" src=\"https:\/\/www.dbbc-bayern.de\/wp-content\/uploads\/2025\/07\/Ein-stilisiertes-Bild-fuer-eine-Schulwebsite-im-Bereich-Elternbeirat-das-die-Themen-Gemeinschaft-I.png\" data-object-fit=\"cover\" srcset=\"https:\/\/www.dbbc-bayern.de\/wp-content\/uploads\/2025\/07\/Ein-stilisiertes-Bild-fuer-eine-Schulwebsite-im-Bereich-Elternbeirat-das-die-Themen-Gemeinschaft-I.png 1024w, https:\/\/www.dbbc-bayern.de\/wp-content\/uploads\/2025\/07\/Ein-stilisiertes-Bild-fuer-eine-Schulwebsite-im-Bereich-Elternbeirat-das-die-Themen-Gemeinschaft-I-300x300.png 300w, https:\/\/www.dbbc-bayern.de\/wp-content\/uploads\/2025\/07\/Ein-stilisiertes-Bild-fuer-eine-Schulwebsite-im-Bereich-Elternbeirat-das-die-Themen-Gemeinschaft-I-150x150.png 150w, https:\/\/www.dbbc-bayern.de\/wp-content\/uploads\/2025\/07\/Ein-stilisiertes-Bild-fuer-eine-Schulwebsite-im-Bereich-Elternbeirat-das-die-Themen-Gemeinschaft-I-768x768.png 768w, https:\/\/www.dbbc-bayern.de\/wp-content\/uploads\/2025\/07\/Ein-stilisiertes-Bild-fuer-eine-Schulwebsite-im-Bereich-Elternbeirat-das-die-Themen-Gemeinschaft-I-12x12.png 12w, https:\/\/www.dbbc-bayern.de\/wp-content\/uploads\/2025\/07\/Ein-stilisiertes-Bild-fuer-eine-Schulwebsite-im-Bereich-Elternbeirat-das-die-Themen-Gemeinschaft-I-600x600.png 600w, https:\/\/www.dbbc-bayern.de\/wp-content\/uploads\/2025\/07\/Ein-stilisiertes-Bild-fuer-eine-Schulwebsite-im-Bereich-Elternbeirat-das-die-Themen-Gemeinschaft-I-100x100.png 100w\" sizes=\"auto, (max-width: 1024px) 100vw, 1024px\" \/><div class=\"wp-block-cover__inner-container is-layout-flow wp-block-cover-is-layout-flow\"><p class=\"has-text-align-center has-large-font-size\">Gemeinschaft<br>Interessenvertretung<br>Beratung<\/p><\/div><\/div><div style=\"height:20px\" aria-hidden=\"true\" class=\"wp-block-spacer\"><\/div><div class=\"wp-block-cover is-light\" style=\"min-height:870px;aspect-ratio:unset;\"><span aria-hidden=\"true\" class=\"wp-block-cover__background has-background-dim\" style=\"background-color:#98b9bd\"><\/span><img loading=\"lazy\" decoding=\"async\" width=\"1024\" height=\"1024\" class=\"wp-block-cover__image-background wp-image-12044\" alt=\"\" src=\"https:\/\/www.dbbc-bayern.de\/wp-content\/uploads\/2025\/07\/Ein-stilisiertes-Bild-fuer-eine-Schulwebsite-im-Bereich-Elternbeirat-das-die-Themen-Kommunikation-u.png\" data-object-fit=\"cover\" srcset=\"https:\/\/www.dbbc-bayern.de\/wp-content\/uploads\/2025\/07\/Ein-stilisiertes-Bild-fuer-eine-Schulwebsite-im-Bereich-Elternbeirat-das-die-Themen-Kommunikation-u.png 1024w, https:\/\/www.dbbc-bayern.de\/wp-content\/uploads\/2025\/07\/Ein-stilisiertes-Bild-fuer-eine-Schulwebsite-im-Bereich-Elternbeirat-das-die-Themen-Kommunikation-u-300x300.png 300w, https:\/\/www.dbbc-bayern.de\/wp-content\/uploads\/2025\/07\/Ein-stilisiertes-Bild-fuer-eine-Schulwebsite-im-Bereich-Elternbeirat-das-die-Themen-Kommunikation-u-150x150.png 150w, https:\/\/www.dbbc-bayern.de\/wp-content\/uploads\/2025\/07\/Ein-stilisiertes-Bild-fuer-eine-Schulwebsite-im-Bereich-Elternbeirat-das-die-Themen-Kommunikation-u-768x768.png 768w, https:\/\/www.dbbc-bayern.de\/wp-content\/uploads\/2025\/07\/Ein-stilisiertes-Bild-fuer-eine-Schulwebsite-im-Bereich-Elternbeirat-das-die-Themen-Kommunikation-u-12x12.png 12w, https:\/\/www.dbbc-bayern.de\/wp-content\/uploads\/2025\/07\/Ein-stilisiertes-Bild-fuer-eine-Schulwebsite-im-Bereich-Elternbeirat-das-die-Themen-Kommunikation-u-600x600.png 600w, https:\/\/www.dbbc-bayern.de\/wp-content\/uploads\/2025\/07\/Ein-stilisiertes-Bild-fuer-eine-Schulwebsite-im-Bereich-Elternbeirat-das-die-Themen-Kommunikation-u-100x100.png 100w\" sizes=\"auto, (max-width: 1024px) 100vw, 1024px\" \/><div class=\"wp-block-cover__inner-container is-layout-flow wp-block-cover-is-layout-flow\"><p class=\"has-text-align-center has-large-font-size\">Anh\u00f6rung<br>Mitsprache<br>Information &amp; Austausch<\/p><\/div><\/div><div style=\"height:20px\" aria-hidden=\"true\" class=\"wp-block-spacer\"><\/div><div class=\"wp-block-cover is-light\" style=\"min-height:855px;aspect-ratio:unset;\"><span aria-hidden=\"true\" class=\"wp-block-cover__background has-background-dim\" style=\"background-color:#d2ded6\"><\/span><img loading=\"lazy\" decoding=\"async\" width=\"1024\" height=\"1024\" class=\"wp-block-cover__image-background wp-image-12051\" alt=\"\" src=\"https:\/\/www.dbbc-bayern.de\/wp-content\/uploads\/2025\/07\/An-illustration-for-a-school-website-section-about-the-parents-council-focusing-on-three-themes-c.png\" data-object-fit=\"cover\" srcset=\"https:\/\/www.dbbc-bayern.de\/wp-content\/uploads\/2025\/07\/An-illustration-for-a-school-website-section-about-the-parents-council-focusing-on-three-themes-c.png 1024w, https:\/\/www.dbbc-bayern.de\/wp-content\/uploads\/2025\/07\/An-illustration-for-a-school-website-section-about-the-parents-council-focusing-on-three-themes-c-300x300.png 300w, https:\/\/www.dbbc-bayern.de\/wp-content\/uploads\/2025\/07\/An-illustration-for-a-school-website-section-about-the-parents-council-focusing-on-three-themes-c-150x150.png 150w, https:\/\/www.dbbc-bayern.de\/wp-content\/uploads\/2025\/07\/An-illustration-for-a-school-website-section-about-the-parents-council-focusing-on-three-themes-c-768x768.png 768w, https:\/\/www.dbbc-bayern.de\/wp-content\/uploads\/2025\/07\/An-illustration-for-a-school-website-section-about-the-parents-council-focusing-on-three-themes-c-12x12.png 12w, https:\/\/www.dbbc-bayern.de\/wp-content\/uploads\/2025\/07\/An-illustration-for-a-school-website-section-about-the-parents-council-focusing-on-three-themes-c-600x600.png 600w, https:\/\/www.dbbc-bayern.de\/wp-content\/uploads\/2025\/07\/An-illustration-for-a-school-website-section-about-the-parents-council-focusing-on-three-themes-c-100x100.png 100w\" sizes=\"auto, (max-width: 1024px) 100vw, 1024px\" \/><div class=\"wp-block-cover__inner-container is-layout-flow wp-block-cover-is-layout-flow\"><p class=\"has-text-align-center has-large-font-size\">Kommunikation &amp; Kooperation<br>Mithilfe &amp; Organisation<br>Finanzielle Unterst\u00fctzung<\/p><\/div><\/div><div style=\"height:13px\" aria-hidden=\"true\" class=\"wp-block-spacer\"><\/div><div style=\"height:23px\" aria-hidden=\"true\" class=\"wp-block-spacer\"><\/div><div style=\"height:80px\" aria-hidden=\"true\" class=\"wp-block-spacer\"><\/div><p><strong><mark style=\"background-color:rgba(0, 0, 0, 0)\" class=\"has-inline-color has-tertiary-color\">LINKS<\/mark><\/strong><\/p><p><a href=\"https:\/\/www.km.bayern.de\/gestalten\/schulentwicklung-und-mitwirkung\/eltern\/elternbeirat\" target=\"_blank\" rel=\"noreferrer noopener\">Elternbeirat | Eltern | Schulentwicklung und Mitwirkung&nbsp; | Bayerisches Staatsministerium f\u00fcr Unterricht und Kultus<\/a><\/p><div style=\"height:50px\" aria-hidden=\"true\" class=\"wp-block-spacer\"><\/div><p><em>(F\u00fcr den Inhalt dieser Seite ist der Elternbeirat verantwortlich.)<\/em><\/p>","protected":false},"excerpt":{"rendered":"<p>Herzlich willkommen Der Elternbeirat des Dietrich-Bonhoeffer-Bildungscampus begr\u00fc\u00dft alle Eltern und Erziehungsberechtigten. Als Teil der Schulfamilie unterst\u00fctzen wir gemeinsam mit der Schulleitung, allen Lehrkr\u00e4ften, Ihnen als Eltern und den Kindern das Schulleben am DBBC Bad Aibling. Wenn Sie Kontakt zum Elternbeirat aufnehmen m\u00f6chten, schreiben Sie bitte gerne eine eMail an: elternbeirat@dbbc-bayern.de MITGLIEDER DES ELTERNBEIRATS 2025\/2026 Alexander<a href=\"https:\/\/www.dbbc-bayern.de\/en\/elternbeirat\/\">Continue reading <span class=\"sr-only\">&#8222;Elternbeirat&#8220;<\/span><\/a><\/p>","protected":false},"author":1789,"featured_media":0,"parent":0,"menu_order":0,"comment_status":"closed","ping_status":"closed","template":"","meta":{"_acf_changed":false,"footnotes":""},"class_list":["post-12024","page","type-page","status-publish","hentry"],"acf":[],"_links":{"self":[{"href":"https:\/\/www.dbbc-bayern.de\/en\/wp-json\/wp\/v2\/pages\/12024","targetHints":{"allow":["GET"]}}],"collection":[{"href":"https:\/\/www.dbbc-bayern.de\/en\/wp-json\/wp\/v2\/pages"}],"about":[{"href":"https:\/\/www.dbbc-bayern.de\/en\/wp-json\/wp\/v2\/types\/page"}],"author":[{"embeddable":true,"href":"https:\/\/www.dbbc-bayern.de\/en\/wp-json\/wp\/v2\/users\/1789"}],"replies":[{"embeddable":true,"href":"https:\/\/www.dbbc-bayern.de\/en\/wp-json\/wp\/v2\/comments?post=12024"}],"version-history":[{"count":14,"href":"https:\/\/www.dbbc-bayern.de\/en\/wp-json\/wp\/v2\/pages\/12024\/revisions"}],"predecessor-version":[{"id":12298,"href":"https:\/\/www.dbbc-bayern.de\/en\/wp-json\/wp\/v2\/pages\/12024\/revisions\/12298"}],"wp:attachment":[{"href":"https:\/\/www.dbbc-bayern.de\/en\/wp-json\/wp\/v2\/media?parent=12024"}],"curies":[{"name":"wp","href":"https:\/\/api.w.org\/{rel}","templated":true}]}}