{"id":12005,"date":"2025-07-14T10:54:30","date_gmt":"2025-07-14T08:54:30","guid":{"rendered":"https:\/\/www.dbbc-bayern.de\/?page_id=12005"},"modified":"2025-10-17T09:11:58","modified_gmt":"2025-10-17T07:11:58","slug":"fahrgemeinschaften","status":"publish","type":"page","link":"https:\/\/www.dbbc-bayern.de\/en\/fahrgemeinschaften\/","title":{"rendered":"Carpooling - Reach your destination together!"},"content":{"rendered":"<p><strong>I am searching for..... | I am offering....<\/strong><\/p><figure class=\"wp-block-image size-large is-resized\"><img loading=\"lazy\" decoding=\"async\" width=\"1024\" height=\"838\" src=\"https:\/\/www.dbbc-bayern.de\/wp-content\/uploads\/2025\/07\/carpool-5508006_1280-1024x838.png\" alt=\"\" class=\"wp-image-12006\" style=\"width:100px\" srcset=\"https:\/\/www.dbbc-bayern.de\/wp-content\/uploads\/2025\/07\/carpool-5508006_1280-1024x838.png 1024w, https:\/\/www.dbbc-bayern.de\/wp-content\/uploads\/2025\/07\/carpool-5508006_1280-300x245.png 300w, https:\/\/www.dbbc-bayern.de\/wp-content\/uploads\/2025\/07\/carpool-5508006_1280-768x628.png 768w, https:\/\/www.dbbc-bayern.de\/wp-content\/uploads\/2025\/07\/carpool-5508006_1280-15x12.png 15w, https:\/\/www.dbbc-bayern.de\/wp-content\/uploads\/2025\/07\/carpool-5508006_1280-600x491.png 600w, https:\/\/www.dbbc-bayern.de\/wp-content\/uploads\/2025\/07\/carpool-5508006_1280.png 1280w\" sizes=\"auto, (max-width: 1024px) 100vw, 1024px\" \/><\/figure><p>Do you still have a spare seat in the car or are you looking for a lift for your child? Then you've come to the right place! Carpooling takes the pressure off everyday life, protects the environment and strengthens our togetherness. Get in touch with us - whether as a driver or passenger - and help us to make the journey to school safer and more sustainable.<\/p><p><strong>Do you have a spare seat? Are you looking for a lift?<\/strong> Then please send us <strong>your offer \/ your request by eMail <\/strong>to<strong> <a href=\"mailto:sekretariat@dbbc-bayern.de\" target=\"_blank\" rel=\"noreferrer noopener\">sekretariat@dbbc-bayern.de<\/a> <\/strong><\/p><p>If you are <strong>interested in one of the offers listed here <\/strong>please contact <strong>us by email with the specified keyword <\/strong>(Bsp. Mitfahrt 01) <strong>to <a href=\"mailto:sekretariat@dbbc-bayern.de\" target=\"_blank\" rel=\"noreferrer noopener\">sekretariat@dbbc-bayern.de<\/a> <\/strong>and we will be happy to put you in touch.<\/p><p>If you have any questions, please do not hesitate to contact us by phone or e-mail.<\/p><ul class=\"wp-block-list\"><li><strong>PLZ 83075<\/strong> <strong>Bad Feilnbach<\/strong> &#8211; Ich habe 1 bis 2 freie Pl\u00e4tze von Bad Feilnbach zum DBBC und zur\u00fcck.<br><em>(STICHWORT: Mitfahrt 01)<\/em><\/li>\n\n<li><strong>PLZ 83229<\/strong> <strong>Aschau im Chiemgau<\/strong> &#8211; Suche Mitfahrgelegenheit und w\u00fcrde auch jederzeit gerne jemanden mitnehmen &#8211; von Aschau im Chiemgau zum DBBC und zur\u00fcck. <br><em>(STICHWORT: Mitfahrt 02)<\/em><\/li>\n\n<li><strong>PLZ 83101<\/strong> <strong>Rohrdorf-Thansau<\/strong> &#8211; Gibt es jemanden, der eine Fahrgemeinschaft mit uns bilden m\u00f6chte?<br><em>(STICHWORT: Mitfahrt 03)<\/em><\/li>\n\n<li><strong>PLZ 85598<\/strong> <strong>Baldham (Vaterstetten)<\/strong> &#8211; Wir haben je nachdem hin und zur\u00fcck 2 Pl\u00e4tze frei oder SUCHEN hin und zur\u00fcck 2 Pl\u00e4tze. Wir h\u00e4tten einfach gro\u00dfes Interesse, uns mit jemandem zusammen zu tun.<br><em>(STICHWORT: Mitfahrt 04)<\/em><\/li>\n\n<li><strong>PLZ 83123<\/strong> <strong>Amerang<\/strong> &#8211; Ich habe 2-3 Pl\u00e4tze frei von Amerang zum DBBC, jeden morgen 10h dort sein und nachmittags 16h los. Gibt es jemanden, der in dieser Richtung wohnt und ggf. auch einmal f\u00fcr Abhol-Notf\u00e4lle meinen Sohn mitnehmen kann?<br><em>(STICHWORT: Mitfahrt 05)<\/em><\/li><\/ul><p><\/p>","protected":false},"excerpt":{"rendered":"<p>Ich suche&#8230;.. | Ich biete&#8230;. Sie haben noch einen Platz im Auto frei oder suchen eine Mitfahrgelegenheit f\u00fcr Ihr Kind? Dann sind Sie hier genau richtig! Fahrgemeinschaften entlasten den Alltag, schonen die Umwelt und st\u00e4rken unser Miteinander. Melden Sie sich bei uns \u2013 ob als Fahrer\/in oder Mitfahrer\/in \u2013 und helfen Sie mit, den Schulweg<a href=\"https:\/\/www.dbbc-bayern.de\/en\/fahrgemeinschaften\/\">Continue reading <span class=\"sr-only\">&#8222;Fahrgemeinschaften \u2013 Gemeinsam ans Ziel!&#8220;<\/span><\/a><\/p>","protected":false},"author":1789,"featured_media":0,"parent":0,"menu_order":0,"comment_status":"closed","ping_status":"closed","template":"","meta":{"_acf_changed":false,"footnotes":""},"class_list":["post-12005","page","type-page","status-publish","hentry"],"acf":[],"_links":{"self":[{"href":"https:\/\/www.dbbc-bayern.de\/en\/wp-json\/wp\/v2\/pages\/12005","targetHints":{"allow":["GET"]}}],"collection":[{"href":"https:\/\/www.dbbc-bayern.de\/en\/wp-json\/wp\/v2\/pages"}],"about":[{"href":"https:\/\/www.dbbc-bayern.de\/en\/wp-json\/wp\/v2\/types\/page"}],"author":[{"embeddable":true,"href":"https:\/\/www.dbbc-bayern.de\/en\/wp-json\/wp\/v2\/users\/1789"}],"replies":[{"embeddable":true,"href":"https:\/\/www.dbbc-bayern.de\/en\/wp-json\/wp\/v2\/comments?post=12005"}],"version-history":[{"count":13,"href":"https:\/\/www.dbbc-bayern.de\/en\/wp-json\/wp\/v2\/pages\/12005\/revisions"}],"predecessor-version":[{"id":12451,"href":"https:\/\/www.dbbc-bayern.de\/en\/wp-json\/wp\/v2\/pages\/12005\/revisions\/12451"}],"wp:attachment":[{"href":"https:\/\/www.dbbc-bayern.de\/en\/wp-json\/wp\/v2\/media?parent=12005"}],"curies":[{"name":"wp","href":"https:\/\/api.w.org\/{rel}","templated":true}]}}