{"id":10965,"date":"2024-12-09T11:26:51","date_gmt":"2024-12-09T10:26:51","guid":{"rendered":"https:\/\/portal.dbbc-bayern.de\/?page_id=10965"},"modified":"2025-10-17T12:30:23","modified_gmt":"2025-10-17T10:30:23","slug":"team","status":"publish","type":"page","link":"https:\/\/www.dbbc-bayern.de\/en\/ueber-uns\/team\/","title":{"rendered":"Team"},"content":{"rendered":"<div class=\"hero full-width content-grid py-32 md:py-40 lg:pt-20 lg:pb-24 xl:pb-54 relative overflow-clip\" style=\"position: relative\">\n  <div class=\"full-width absolute inset-0 h-full w-full my-0\">\n    <img decoding=\"async\" src=\"https:\/\/www.dbbc-bayern.de\/wp-content\/themes\/dbbc\/theme\/images\/bg-pattern.jpg\" alt=\"DBBC\" class=\"absolute inset-0 my-0 w-full h-full object-cover\">\n  <\/div>\n  <div class=\"relative flex flex-col lg:flex-row gap-4 lg:gap-44 items-center\">\n\n    <div class=\"hero-main grow text-white lg:w-1\/2 lg:max-w-xl xl:max-w-3xl\">\n      <p class=\"dbbc-overline dbbc-overline-offset\">Four types of school. Five state-recognised qualifications. <\/p>\n      <h1 class=\"!mt-4 !mb-6 !text-white font-bold font-display\">Our team<\/h1>\n      <div class=\"text-lg\"><p>Always listening to the little things, always looking at the big picture, always interested - that's what characterises us. We look forward to providing your child with advice and support on their way to graduation.<\/p>\n<\/div>\n    <\/div>\n\n    <div class=\"relative md:px-36 lg:px-0 lg:w-1\/2\">\n              \n        <figure class=\"max-w-full overflow-hidden\">\n          <img loading=\"lazy\" decoding=\"async\" width=\"1024\" height=\"844\" src=\"https:\/\/www.dbbc-bayern.de\/wp-content\/uploads\/2024\/12\/lehrer.png\" class=\"herofront-img\" alt=\"\" srcset=\"https:\/\/www.dbbc-bayern.de\/wp-content\/uploads\/2024\/12\/lehrer.png 1024w, https:\/\/www.dbbc-bayern.de\/wp-content\/uploads\/2024\/12\/lehrer-300x247.png 300w, https:\/\/www.dbbc-bayern.de\/wp-content\/uploads\/2024\/12\/lehrer-768x633.png 768w, https:\/\/www.dbbc-bayern.de\/wp-content\/uploads\/2024\/12\/lehrer-600x495.png 600w\" sizes=\"auto, (max-width: 1024px) 100vw, 1024px\" \/>        <\/figure>\n        \n        \n          <\/div>\n  <\/div>\n\n  <svg class=\"full-width absolute bottom-0 left-0 w-full text-white h-12 md:h-20 lg:h-36 -scale-x-100\" xmlns=\"http:\/\/www.w3.org\/2000\/svg\" preserveaspectratio=\"none\" viewbox=\"0 0 960 161.55\"><path fill=\"#ffffff\" d=\"m844.84,34.33c-14.76,2.95-29.86,5.57-44.95,4.59-38.72-1.64-67.26-4.43-99.74-25.08-15.09-9.51-33.46-17.05-50.85-12.46-40.03,10.16-46.92,43.77-86.94,54.26-21.33,5.57-34.51,4.6-53.35,15.9-10,6-47,46-101,19-31.51-15.75-76.32-12.96-109,2s-47.03,50.97-80.82,49.98c-13.45-.66-25.92-5.57-39.37-7.54-32.48-4.92-64.63,8.2-96.79,15.08-27.56,6.23-60.04,6.23-82.02-10.49v21.97h960v-67.87c-26.58-36.07-68.24-68.53-115.16-59.35\"><\/path><\/svg>\n<\/div><p class=\"dbbc-overline\">Management<\/p><div class=\"block-team relative wide not-prose grid grid-cols-2 gap-x-12 gap-y-12 md:grid-cols-4 md:gap-x-16 md:gap-y-12 my-16 max-w-screen-lg mx-auto\" style=\"\">\n                  <article id=\"post-10986\" class=\"text-center post-10965 page type-page status-publish hentry\">\n        <figure class=\"relative w-[150px] h-[150px] aspect-square mx-auto\">\n          <img loading=\"lazy\" decoding=\"async\" width=\"150\" height=\"150\" src=\"https:\/\/www.dbbc-bayern.de\/wp-content\/uploads\/2024\/12\/markus-schmidt-150x150.jpg\" class=\"imagecontent-img relative rounded-full\" alt=\"\" srcset=\"https:\/\/www.dbbc-bayern.de\/wp-content\/uploads\/2024\/12\/markus-schmidt-150x150.jpg 150w, https:\/\/www.dbbc-bayern.de\/wp-content\/uploads\/2024\/12\/markus-schmidt-300x300.jpg 300w, https:\/\/www.dbbc-bayern.de\/wp-content\/uploads\/2024\/12\/markus-schmidt-100x100.jpg 100w\" sizes=\"auto, (max-width: 150px) 100vw, 150px\" \/>        <\/figure>\n        <h4 class=\"text-primary !mt-4 font-bold font-display\">Markus Schmidt<\/h4>\n        <p class=\"text-gray-500 text-xs\">Management &amp; school management<\/p>\n      <\/article>\n      <\/div><p class=\"dbbc-overline\">leitungSTEAM<\/p><div class=\"block-team relative wide not-prose grid grid-cols-2 gap-x-12 gap-y-12 md:grid-cols-4 md:gap-x-16 md:gap-y-12 my-16 max-w-screen-lg mx-auto\" style=\"\">\n                  <article id=\"post-10990\" class=\"text-center post-10965 page type-page status-publish hentry\">\n        <figure class=\"relative w-[150px] h-[150px] aspect-square mx-auto\">\n          <img loading=\"lazy\" decoding=\"async\" width=\"150\" height=\"150\" src=\"https:\/\/www.dbbc-bayern.de\/wp-content\/uploads\/2024\/12\/nina-koeppel-150x150.jpg\" class=\"imagecontent-img relative rounded-full\" alt=\"\" srcset=\"https:\/\/www.dbbc-bayern.de\/wp-content\/uploads\/2024\/12\/nina-koeppel-150x150.jpg 150w, https:\/\/www.dbbc-bayern.de\/wp-content\/uploads\/2024\/12\/nina-koeppel-300x300.jpg 300w, https:\/\/www.dbbc-bayern.de\/wp-content\/uploads\/2024\/12\/nina-koeppel-100x100.jpg 100w\" sizes=\"auto, (max-width: 150px) 100vw, 150px\" \/>        <\/figure>\n        <h4 class=\"text-primary !mt-4 font-bold font-display\">Nina K\u00f6ppel<\/h4>\n        <p class=\"text-gray-500 text-xs\">School management of the secondary school: Mittelschule<\/p>\n      <\/article>\n                <article id=\"post-10992\" class=\"text-center post-10965 page type-page status-publish hentry\">\n        <figure class=\"relative w-[150px] h-[150px] aspect-square mx-auto\">\n          <img loading=\"lazy\" decoding=\"async\" width=\"150\" height=\"150\" src=\"https:\/\/www.dbbc-bayern.de\/wp-content\/uploads\/2025\/03\/Bild-3k-150x150.jpg\" class=\"imagecontent-img relative rounded-full\" alt=\"\" srcset=\"https:\/\/www.dbbc-bayern.de\/wp-content\/uploads\/2025\/03\/Bild-3k-150x150.jpg 150w, https:\/\/www.dbbc-bayern.de\/wp-content\/uploads\/2025\/03\/Bild-3k-300x300.jpg 300w, https:\/\/www.dbbc-bayern.de\/wp-content\/uploads\/2025\/03\/Bild-3k-100x100.jpg 100w\" sizes=\"auto, (max-width: 150px) 100vw, 150px\" \/>        <\/figure>\n        <h4 class=\"text-primary !mt-4 font-bold font-display\">Manuel Endres<\/h4>\n        <p class=\"text-gray-500 text-xs\">School management of the secondary school: Realschule<\/p>\n      <\/article>\n                <article id=\"post-10994\" class=\"text-center post-10965 page type-page status-publish hentry\">\n        <figure class=\"relative w-[150px] h-[150px] aspect-square mx-auto\">\n          <img loading=\"lazy\" decoding=\"async\" width=\"150\" height=\"150\" src=\"https:\/\/www.dbbc-bayern.de\/wp-content\/uploads\/2024\/12\/Bild-6-150x150.jpeg\" class=\"imagecontent-img relative rounded-full\" alt=\"\" srcset=\"https:\/\/www.dbbc-bayern.de\/wp-content\/uploads\/2024\/12\/Bild-6-150x150.jpeg 150w, https:\/\/www.dbbc-bayern.de\/wp-content\/uploads\/2024\/12\/Bild-6-300x300.jpeg 300w, https:\/\/www.dbbc-bayern.de\/wp-content\/uploads\/2024\/12\/Bild-6-100x100.jpeg 100w\" sizes=\"auto, (max-width: 150px) 100vw, 150px\" \/>        <\/figure>\n        <h4 class=\"text-primary !mt-4 font-bold font-display\">Marcus Wei\u00df<\/h4>\n        <p class=\"text-gray-500 text-xs\">School management of the vocational secondary school: Fachoberschule<\/p>\n      <\/article>\n                <article id=\"post-11000\" class=\"text-center post-10965 page type-page status-publish hentry\">\n        <figure class=\"relative w-[150px] h-[150px] aspect-square mx-auto\">\n          <img loading=\"lazy\" decoding=\"async\" width=\"150\" height=\"150\" src=\"https:\/\/www.dbbc-bayern.de\/wp-content\/uploads\/2025\/03\/Bild-4k-150x150.jpg\" class=\"imagecontent-img relative rounded-full\" alt=\"\" srcset=\"https:\/\/www.dbbc-bayern.de\/wp-content\/uploads\/2025\/03\/Bild-4k-150x150.jpg 150w, https:\/\/www.dbbc-bayern.de\/wp-content\/uploads\/2025\/03\/Bild-4k-300x300.jpg 300w, https:\/\/www.dbbc-bayern.de\/wp-content\/uploads\/2025\/03\/Bild-4k-100x100.jpg 100w\" sizes=\"auto, (max-width: 150px) 100vw, 150px\" \/>        <\/figure>\n        <h4 class=\"text-primary !mt-4 font-bold font-display\">Martin Scheider<\/h4>\n        <p class=\"text-gray-500 text-xs\">Fachbereichsleiter IT \/ Schulorganisation<\/p>\n      <\/article>\n                <article id=\"post-11004\" class=\"text-center post-10965 page type-page status-publish hentry\">\n        <figure class=\"relative w-[150px] h-[150px] aspect-square mx-auto\">\n          <img loading=\"lazy\" decoding=\"async\" width=\"150\" height=\"150\" src=\"https:\/\/www.dbbc-bayern.de\/wp-content\/uploads\/2024\/12\/DBBC_MBrinkmann_01-Kopie-150x150.jpg\" class=\"imagecontent-img relative rounded-full\" alt=\"\" srcset=\"https:\/\/www.dbbc-bayern.de\/wp-content\/uploads\/2024\/12\/DBBC_MBrinkmann_01-Kopie-150x150.jpg 150w, https:\/\/www.dbbc-bayern.de\/wp-content\/uploads\/2024\/12\/DBBC_MBrinkmann_01-Kopie-300x300.jpg 300w, https:\/\/www.dbbc-bayern.de\/wp-content\/uploads\/2024\/12\/DBBC_MBrinkmann_01-Kopie-100x100.jpg 100w\" sizes=\"auto, (max-width: 150px) 100vw, 150px\" \/>        <\/figure>\n        <h4 class=\"text-primary !mt-4 font-bold font-display\">Manuela Brinkmann<\/h4>\n        <p class=\"text-gray-500 text-xs\">Head of Individualisation &amp; Communication<\/p>\n      <\/article>\n                <article id=\"post-11683\" class=\"text-center post-10965 page type-page status-publish hentry\">\n        <figure class=\"relative w-[150px] h-[150px] aspect-square mx-auto\">\n          <img loading=\"lazy\" decoding=\"async\" width=\"150\" height=\"150\" src=\"https:\/\/www.dbbc-bayern.de\/wp-content\/uploads\/2025\/03\/Bild-1-150x150.jpeg\" class=\"imagecontent-img relative rounded-full\" alt=\"\" srcset=\"https:\/\/www.dbbc-bayern.de\/wp-content\/uploads\/2025\/03\/Bild-1-150x150.jpeg 150w, https:\/\/www.dbbc-bayern.de\/wp-content\/uploads\/2025\/03\/Bild-1-300x300.jpeg 300w, https:\/\/www.dbbc-bayern.de\/wp-content\/uploads\/2025\/03\/Bild-1-100x100.jpeg 100w\" sizes=\"auto, (max-width: 150px) 100vw, 150px\" \/>        <\/figure>\n        <h4 class=\"text-primary !mt-4 font-bold font-display\">Hans Schloder<\/h4>\n        <p class=\"text-gray-500 text-xs\">Schulleiter Cambridge International School \/ Akademie<\/p>\n      <\/article>\n      <\/div><p class=\"dbbc-overline\">Administration<\/p><div class=\"block-team relative wide not-prose grid grid-cols-2 gap-x-12 gap-y-12 md:grid-cols-4 md:gap-x-16 md:gap-y-12 my-16 max-w-screen-lg mx-auto\" style=\"\">\n                  <article id=\"post-11002\" class=\"text-center post-10965 page type-page status-publish hentry\">\n        <figure class=\"relative w-[150px] h-[150px] aspect-square mx-auto\">\n          <img loading=\"lazy\" decoding=\"async\" width=\"150\" height=\"150\" src=\"https:\/\/www.dbbc-bayern.de\/wp-content\/uploads\/2024\/12\/doris-pani-150x150.jpg\" class=\"imagecontent-img relative rounded-full\" alt=\"\" srcset=\"https:\/\/www.dbbc-bayern.de\/wp-content\/uploads\/2024\/12\/doris-pani-150x150.jpg 150w, https:\/\/www.dbbc-bayern.de\/wp-content\/uploads\/2024\/12\/doris-pani-300x300.jpg 300w, https:\/\/www.dbbc-bayern.de\/wp-content\/uploads\/2024\/12\/doris-pani-100x100.jpg 100w\" sizes=\"auto, (max-width: 150px) 100vw, 150px\" \/>        <\/figure>\n        <h4 class=\"text-primary !mt-4 font-bold font-display\">Doris Pani<\/h4>\n        <p class=\"text-gray-500 text-xs\">Leitung Sekretariat<\/p>\n      <\/article>\n                <article id=\"post-11684\" class=\"text-center post-10965 page type-page status-publish hentry\">\n        <figure class=\"relative w-[150px] h-[150px] aspect-square mx-auto\">\n          <img loading=\"lazy\" decoding=\"async\" width=\"150\" height=\"150\" src=\"https:\/\/www.dbbc-bayern.de\/wp-content\/uploads\/2025\/03\/Bild-5k-150x150.jpg\" class=\"imagecontent-img relative rounded-full\" alt=\"\" srcset=\"https:\/\/www.dbbc-bayern.de\/wp-content\/uploads\/2025\/03\/Bild-5k-150x150.jpg 150w, https:\/\/www.dbbc-bayern.de\/wp-content\/uploads\/2025\/03\/Bild-5k-300x300.jpg 300w, https:\/\/www.dbbc-bayern.de\/wp-content\/uploads\/2025\/03\/Bild-5k-100x100.jpg 100w\" sizes=\"auto, (max-width: 150px) 100vw, 150px\" \/>        <\/figure>\n        <h4 class=\"text-primary !mt-4 font-bold font-display\">Yvonne Loy<\/h4>\n        <p class=\"text-gray-500 text-xs\">Leitung Buchhaltung<\/p>\n      <\/article>\n                <article id=\"post-12468\" class=\"text-center post-10965 page type-page status-publish hentry\">\n        <figure class=\"relative w-[150px] h-[150px] aspect-square mx-auto\">\n          <img loading=\"lazy\" decoding=\"async\" width=\"150\" height=\"150\" src=\"https:\/\/www.dbbc-bayern.de\/wp-content\/uploads\/2025\/10\/SabineKraus_Kopie-1-150x150.jpg\" class=\"imagecontent-img relative rounded-full\" alt=\"\" srcset=\"https:\/\/www.dbbc-bayern.de\/wp-content\/uploads\/2025\/10\/SabineKraus_Kopie-1-150x150.jpg 150w, https:\/\/www.dbbc-bayern.de\/wp-content\/uploads\/2025\/10\/SabineKraus_Kopie-1-300x300.jpg 300w, https:\/\/www.dbbc-bayern.de\/wp-content\/uploads\/2025\/10\/SabineKraus_Kopie-1-100x100.jpg 100w\" sizes=\"auto, (max-width: 150px) 100vw, 150px\" \/>        <\/figure>\n        <h4 class=\"text-primary !mt-4 font-bold font-display\">Sabine Kraus<\/h4>\n        <p class=\"text-gray-500 text-xs\">Leitung Individualisierung<\/p>\n      <\/article>\n      <\/div><p class=\"dbbc-overline\">New admissions \/ trial students<\/p><div class=\"block-team relative wide not-prose grid grid-cols-2 gap-x-12 gap-y-12 md:grid-cols-4 md:gap-x-16 md:gap-y-12 my-16 max-w-screen-lg mx-auto\" style=\"\">\n                  <article id=\"post-10983\" class=\"text-center post-10965 page type-page status-publish hentry\">\n        <figure class=\"relative w-[150px] h-[150px] aspect-square mx-auto\">\n          <img loading=\"lazy\" decoding=\"async\" width=\"150\" height=\"150\" src=\"https:\/\/www.dbbc-bayern.de\/wp-content\/uploads\/2025\/03\/Bild-2-150x150.jpeg\" class=\"imagecontent-img relative rounded-full\" alt=\"\" srcset=\"https:\/\/www.dbbc-bayern.de\/wp-content\/uploads\/2025\/03\/Bild-2-150x150.jpeg 150w, https:\/\/www.dbbc-bayern.de\/wp-content\/uploads\/2025\/03\/Bild-2-300x300.jpeg 300w, https:\/\/www.dbbc-bayern.de\/wp-content\/uploads\/2025\/03\/Bild-2-100x100.jpeg 100w\" sizes=\"auto, (max-width: 150px) 100vw, 150px\" \/>        <\/figure>\n        <h4 class=\"text-primary !mt-4 font-bold font-display\">Jasmin Heptaygun<\/h4>\n        <p class=\"text-gray-500 text-xs\">New admissions to boarding school DFI<\/p>\n      <\/article>\n                <article id=\"post-11005\" class=\"text-center post-10965 page type-page status-publish hentry\">\n        <figure class=\"relative w-[150px] h-[150px] aspect-square mx-auto\">\n          <img loading=\"lazy\" decoding=\"async\" width=\"150\" height=\"150\" src=\"https:\/\/www.dbbc-bayern.de\/wp-content\/uploads\/2025\/03\/Bild-150x150.jpeg\" class=\"imagecontent-img relative rounded-full\" alt=\"\" srcset=\"https:\/\/www.dbbc-bayern.de\/wp-content\/uploads\/2025\/03\/Bild-150x150.jpeg 150w, https:\/\/www.dbbc-bayern.de\/wp-content\/uploads\/2025\/03\/Bild-300x300.jpeg 300w, https:\/\/www.dbbc-bayern.de\/wp-content\/uploads\/2025\/03\/Bild-100x100.jpeg 100w\" sizes=\"auto, (max-width: 150px) 100vw, 150px\" \/>        <\/figure>\n        <h4 class=\"text-primary !mt-4 font-bold font-display\">Astrid Behrens<\/h4>\n        <p class=\"text-gray-500 text-xs\">New admissions<\/p>\n      <\/article>\n      <\/div><p class=\"dbbc-overline\">SCHULSOZIALARBEIT<\/p><div class=\"block-team relative wide not-prose grid grid-cols-2 gap-x-12 gap-y-12 md:grid-cols-4 md:gap-x-16 md:gap-y-12 my-16 max-w-screen-lg mx-auto\" style=\"\">\n                  <article id=\"post-10998\" class=\"text-center post-10965 page type-page status-publish hentry\">\n        <figure class=\"relative w-[150px] h-[150px] aspect-square mx-auto\">\n          <img loading=\"lazy\" decoding=\"async\" width=\"150\" height=\"150\" src=\"https:\/\/www.dbbc-bayern.de\/wp-content\/uploads\/2024\/12\/karin-loos-150x150.jpg\" class=\"imagecontent-img relative rounded-full\" alt=\"\" srcset=\"https:\/\/www.dbbc-bayern.de\/wp-content\/uploads\/2024\/12\/karin-loos-150x150.jpg 150w, https:\/\/www.dbbc-bayern.de\/wp-content\/uploads\/2024\/12\/karin-loos-300x300.jpg 300w, https:\/\/www.dbbc-bayern.de\/wp-content\/uploads\/2024\/12\/karin-loos-100x100.jpg 100w\" sizes=\"auto, (max-width: 150px) 100vw, 150px\" \/>        <\/figure>\n        <h4 class=\"text-primary !mt-4 font-bold font-display\">Karin Loos<\/h4>\n        <p class=\"text-gray-500 text-xs\">Schulsozialarbeit<\/p>\n      <\/article>\n                <article id=\"post-11703\" class=\"text-center post-10965 page type-page status-publish hentry\">\n        <figure class=\"relative w-[150px] h-[150px] aspect-square mx-auto\">\n          <img loading=\"lazy\" decoding=\"async\" width=\"150\" height=\"150\" src=\"https:\/\/www.dbbc-bayern.de\/wp-content\/uploads\/2025\/04\/DBBC_SelmaKogler-150x150.jpg\" class=\"imagecontent-img relative rounded-full\" alt=\"\" srcset=\"https:\/\/www.dbbc-bayern.de\/wp-content\/uploads\/2025\/04\/DBBC_SelmaKogler-150x150.jpg 150w, https:\/\/www.dbbc-bayern.de\/wp-content\/uploads\/2025\/04\/DBBC_SelmaKogler-300x300.jpg 300w, https:\/\/www.dbbc-bayern.de\/wp-content\/uploads\/2025\/04\/DBBC_SelmaKogler-100x100.jpg 100w\" sizes=\"auto, (max-width: 150px) 100vw, 150px\" \/>        <\/figure>\n        <h4 class=\"text-primary !mt-4 font-bold font-display\">Selma Kogler<\/h4>\n        <p class=\"text-gray-500 text-xs\">Schulsozialarbeit<\/p>\n      <\/article>\n      <\/div><div style=\"height:100px\" aria-hidden=\"true\" class=\"wp-block-spacer\"><\/div><p class=\"dbbc-overline\">Quality assurance | Support | Review<\/p><h2 class=\"wp-block-heading\">Our expert advisory board<\/h2><p>The members of the advisory board come from a wide variety of professions and have correspondingly different life experiences. The voluntary committee meets monthly and aims to support the school in an advisory, constructive and also critical manner, to provide impetus from outside and to support the dedicated team of school management and teaching staff - in close cooperation with Managing Director Markus Schmidt.<\/p><figure class=\"wp-block-image size-large is-resized\"><img loading=\"lazy\" decoding=\"async\" width=\"1024\" height=\"473\" src=\"https:\/\/www.dbbc-bayern.de\/wp-content\/uploads\/2025\/10\/20250702_180320-1024x473.jpg\" alt=\"\" class=\"wp-image-12457\" style=\"width:901px;height:auto\" srcset=\"https:\/\/www.dbbc-bayern.de\/wp-content\/uploads\/2025\/10\/20250702_180320-1024x473.jpg 1024w, https:\/\/www.dbbc-bayern.de\/wp-content\/uploads\/2025\/10\/20250702_180320-300x139.jpg 300w, https:\/\/www.dbbc-bayern.de\/wp-content\/uploads\/2025\/10\/20250702_180320-768x355.jpg 768w, https:\/\/www.dbbc-bayern.de\/wp-content\/uploads\/2025\/10\/20250702_180320-1536x710.jpg 1536w, https:\/\/www.dbbc-bayern.de\/wp-content\/uploads\/2025\/10\/20250702_180320-2048x946.jpg 2048w, https:\/\/www.dbbc-bayern.de\/wp-content\/uploads\/2025\/10\/20250702_180320-18x8.jpg 18w, https:\/\/www.dbbc-bayern.de\/wp-content\/uploads\/2025\/10\/20250702_180320-600x277.jpg 600w\" sizes=\"auto, (max-width: 1024px) 100vw, 1024px\" \/><\/figure><p>The Advisory Board currently consists of the following members:<\/p><p><strong>Friederike Enders<\/strong><br>Economist \/ Working Group School of the CSU<\/p><p><strong>Veronika K\u00e4ferle<\/strong><br>Former school counsellor \/ former headmistress GS &amp; MS<\/p><p><strong>Dr. Barbara Klostermeyer<\/strong><br>Former counselling headmaster Rosenheim state education authority<\/p><p><strong>Karl-Heinz Rieger<\/strong><br>Former headmaster of primary and secondary school<\/p><p><strong>Dr. Michael Strobelt<\/strong><br>Paediatrician and adolescent doctor<\/p><p><strong>Karl-Friedrich Wackerbarth<\/strong><br>Protestant pastor Prien am Chiemsee<\/p><p><strong>Renate Koch<\/strong><br>Retired teacher<\/p><p><strong>David M\u00fcller<\/strong><br>Gymnasiallehrer<\/p><div style=\"height:50px\" aria-hidden=\"true\" class=\"wp-block-spacer\"><\/div><hr class=\"wp-block-separator has-alpha-channel-opacity\"\/><div style=\"height:50px\" aria-hidden=\"true\" class=\"wp-block-spacer\"><\/div><p class=\"dbbc-overline\">Ready, Steady, Go!<\/p><h2 class=\"wp-block-heading\">Interested in our campus?<\/h2><p>We offer around 500 pupils from Bad Aibling, the Rosenheim area and far beyond the opportunity to pursue their individual goals and at the same time obtain the best possible personal school-leaving qualification. We want to make it as easy as possible to get started.<\/p><div class=\"wp-block-columns is-layout-flex wp-container-core-columns-is-layout-1 wp-block-columns-is-layout-flex\"><div class=\"wp-block-column is-layout-flow wp-block-column-is-layout-flow\"><p>That's why you can register with us at any time - even during the school year. If you are unsure about the right type of school, we will of course be happy to help and advise you.<\/p>\n\n<p>It is also easy to switch between school types at a later date. Pupils stay on campus, keep their friends and their social environment and parents don't have to make any changes either.<\/p><\/div>\n\n<div class=\"wp-block-column is-layout-flow wp-block-column-is-layout-flow\"><p>We offer campus tours or trial days to get a taste of what it's like, as well as trial training sessions for athletes.<\/p>\n\n<p>Our students come not only from Bad Aibling, but also from the catchment area of Rosenheim and beyond. This diversity enriches our school life and promotes lively interaction.<\/p><\/div><\/div><div class=\"block-icon-text w-full\" style=\"\">\n    <div class=\"grid grid-cols-1 lg:grid-cols-2 gap-x-16 gap-y-8 mt-16\">\n            <div class=\"icon-text flex gap-4 lg:gap-8 items-start\">\n          <div class=\"icon mb-4 inline-block not-prose\">\n            <div class=\"p-2 rounded-full bg-primary text-primary-inverse w-14 h-14 flex items-center justify-center\">\n                              <img decoding=\"async\" src=\"https:\/\/www.dbbc-bayern.de\/wp-content\/uploads\/2024\/12\/durchlaessigkeit.png\" alt=\"DBBC Icon\" class=\"w-8 h-auto\">\n                          <\/div>\n          <\/div>\n          <div class=\"copy -mt-6\"><h4>Registration possible at any time<\/h4>\n<p>Even during the school year.<\/p>\n<\/div>\n        <\/div>\n            <div class=\"icon-text flex gap-4 lg:gap-8 items-start\">\n          <div class=\"icon mb-4 inline-block not-prose\">\n            <div class=\"p-2 rounded-full bg-primary text-primary-inverse w-14 h-14 flex items-center justify-center\">\n                              <img decoding=\"async\" src=\"https:\/\/www.dbbc-bayern.de\/wp-content\/uploads\/2024\/12\/schulsystem.png\" alt=\"DBBC Icon\" class=\"w-8 h-auto\">\n                          <\/div>\n          <\/div>\n          <div class=\"copy -mt-6\"><h4>Campus tours<\/h4>\n<p>We would be happy to show you the campus in advance. Please contact us if you are interested.<\/p>\n<\/div>\n        <\/div>\n            <div class=\"icon-text flex gap-4 lg:gap-8 items-start\">\n          <div class=\"icon mb-4 inline-block not-prose\">\n            <div class=\"p-2 rounded-full bg-primary text-primary-inverse w-14 h-14 flex items-center justify-center\">\n                              <img decoding=\"async\" src=\"https:\/\/www.dbbc-bayern.de\/wp-content\/uploads\/2024\/12\/schulsystem.png\" alt=\"DBBC Icon\" class=\"w-8 h-auto\">\n                          <\/div>\n          <\/div>\n          <div class=\"copy -mt-6\"><h4>Prices<\/h4>\n<p>Prices vary depending on the type of school and the individualisations selected. Contact us for more information.<\/p>\n<\/div>\n        <\/div>\n        <\/div>\n<\/div><div style=\"height:50px\" aria-hidden=\"true\" class=\"wp-block-spacer\"><\/div><h3 class=\"wp-block-heading has-text-align-center\">We look forward to seeing you!<\/h3><div class=\"wp-block-buttons is-content-justification-center is-layout-flex wp-container-core-buttons-is-layout-1 wp-block-buttons-is-layout-flex\"><div class=\"wp-block-button\"><a class=\"wp-block-button__link has-background-color has-text-color has-background has-link-color wp-element-button\" href=\"\/en\/kontakt\/\" style=\"border-radius:0px;background-color:#8cbb3b\">Contact us<\/a><\/div><\/div><div style=\"height:100px\" aria-hidden=\"true\" class=\"wp-block-spacer\"><\/div><hr class=\"wp-block-separator has-alpha-channel-opacity\"\/>","protected":false},"excerpt":{"rendered":"<p>Gesch\u00e4ftsleitung leitungSTEAM Verwaltung Neuaufnahmen \/ Probesch\u00fcler SCHULSOZIALARBEIT Qualit\u00e4tssicherung | Unterst\u00fctzung | \u00dcberpr\u00fcfung Unser Experten-Beirat Die Mitglieder des Beirats kommen aus den verschiedensten Berufen, und bringen entsprechend unterschiedliche Lebenserfahrungen mit. Das ehrenamtliche Gremium tagt monatlich, und will die Schule beratend, konstruktiv und auch kritisch begleiten, Impulse von au\u00dfen setzen, dem engagierten Team aus Schulleitung und Lehrerkollegium<a href=\"https:\/\/www.dbbc-bayern.de\/en\/ueber-uns\/team\/\">Continue reading <span class=\"sr-only\">&#8222;Team&#8220;<\/span><\/a><\/p>","protected":false},"author":1789,"featured_media":0,"parent":10953,"menu_order":0,"comment_status":"closed","ping_status":"closed","template":"","meta":{"_acf_changed":false,"footnotes":""},"class_list":["post-10965","page","type-page","status-publish","hentry"],"acf":[],"_links":{"self":[{"href":"https:\/\/www.dbbc-bayern.de\/en\/wp-json\/wp\/v2\/pages\/10965","targetHints":{"allow":["GET"]}}],"collection":[{"href":"https:\/\/www.dbbc-bayern.de\/en\/wp-json\/wp\/v2\/pages"}],"about":[{"href":"https:\/\/www.dbbc-bayern.de\/en\/wp-json\/wp\/v2\/types\/page"}],"author":[{"embeddable":true,"href":"https:\/\/www.dbbc-bayern.de\/en\/wp-json\/wp\/v2\/users\/1789"}],"replies":[{"embeddable":true,"href":"https:\/\/www.dbbc-bayern.de\/en\/wp-json\/wp\/v2\/comments?post=10965"}],"version-history":[{"count":8,"href":"https:\/\/www.dbbc-bayern.de\/en\/wp-json\/wp\/v2\/pages\/10965\/revisions"}],"predecessor-version":[{"id":12458,"href":"https:\/\/www.dbbc-bayern.de\/en\/wp-json\/wp\/v2\/pages\/10965\/revisions\/12458"}],"up":[{"embeddable":true,"href":"https:\/\/www.dbbc-bayern.de\/en\/wp-json\/wp\/v2\/pages\/10953"}],"wp:attachment":[{"href":"https:\/\/www.dbbc-bayern.de\/en\/wp-json\/wp\/v2\/media?parent=10965"}],"curies":[{"name":"wp","href":"https:\/\/api.w.org\/{rel}","templated":true}]}}