{"id":10955,"date":"2024-12-09T11:24:41","date_gmt":"2024-12-09T10:24:41","guid":{"rendered":"https:\/\/portal.dbbc-bayern.de\/?page_id=10955"},"modified":"2026-03-26T08:35:46","modified_gmt":"2026-03-26T07:35:46","slug":"digital","status":"publish","type":"page","link":"https:\/\/www.dbbc-bayern.de\/en\/ueber-uns\/digital\/","title":{"rendered":"Digital"},"content":{"rendered":"<p class=\"dbbc-overline\">Responsible digital<\/p><h2 class=\"wp-block-heading\">Digitalisation and digitality<\/h2><div class=\"wp-block-media-text is-stacked-on-mobile is-image-fill is-image-fill-element\"><figure class=\"wp-block-media-text__media\" style=\"background-image:url(https:\/\/www.dbbc-bayern.de\/wp-content\/uploads\/2024\/12\/student-tablet-1024x576.jpg);background-position:50% 50%\"><img loading=\"lazy\" decoding=\"async\" width=\"1024\" height=\"576\" src=\"https:\/\/www.dbbc-bayern.de\/wp-content\/uploads\/2024\/12\/student-tablet-1024x576.jpg\" alt=\"\" class=\"wp-image-10979 size-full\" srcset=\"https:\/\/www.dbbc-bayern.de\/wp-content\/uploads\/2024\/12\/student-tablet-1024x576.jpg 1024w, https:\/\/www.dbbc-bayern.de\/wp-content\/uploads\/2024\/12\/student-tablet-300x169.jpg 300w, https:\/\/www.dbbc-bayern.de\/wp-content\/uploads\/2024\/12\/student-tablet-768x432.jpg 768w, https:\/\/www.dbbc-bayern.de\/wp-content\/uploads\/2024\/12\/student-tablet-1536x864.jpg 1536w, https:\/\/www.dbbc-bayern.de\/wp-content\/uploads\/2024\/12\/student-tablet-600x338.jpg 600w, https:\/\/www.dbbc-bayern.de\/wp-content\/uploads\/2024\/12\/student-tablet.jpg 1920w\" sizes=\"auto, (max-width: 1024px) 100vw, 1024px\" \/><\/figure><div class=\"wp-block-media-text__content\"><p>Working with electronic media has become an integral part of today's working world. The Dietrich Bonhoeffer Bildungscampus is also facing up to these requirements and is preparing pupils accordingly by integrating technology into lessons. Our main aim is to use a sensible mix of \"analogue\" and \"digital\" technology.<\/p>\n\n<p>Both handwriting and the use of digital media result in modern learning skills. Recognising limits and opportunities - for us, this includes the independent use of both technologies and methods. We are breaking new ground here.<\/p>\n\n<p>All pupils work with laptops (\"bring your own device\") and learn in classrooms with interactive touchscreens. We utilise modern ways and possibilities of the digital world in both sport and school.<\/p><\/div><\/div><div style=\"height:100px\" aria-hidden=\"true\" class=\"wp-block-spacer\"><\/div><div class=\"wp-block-columns is-layout-flex wp-container-core-columns-is-layout-1 wp-block-columns-is-layout-flex\"><div class=\"wp-block-column is-layout-flow wp-block-column-is-layout-flow\"><h3 class=\"wp-block-heading\" id=\"tablet\">We work with Windows tablets<\/h3>\n\n<p>Keyboard, touch input or digital pen - with support for touchscreen and digital pen, Windows tablets offer us many ways to be creative, capture ideas and complete tasks in the classroom.<\/p>\n\n<p>With Windows 11, we have chosen a robust and productive learning environment that is optimised for teaching in terms of security and performance and is geared towards the integration of Microsoft education.<\/p>\n\n<h4 class=\"wp-block-heading\"><strong>Mindestanforderungen<\/strong><\/h4>\n\n<p><br><strong><mark style=\"background-color:#f8e5e5;color:#000000\" class=\"has-inline-color\">Windows-Ger\u00e4t | 13 Zoll Bildschirm | Tastatur | Touch mit Stifteingabe<\/mark><\/strong><\/p>\n\n<p><strong>Achtung<\/strong>: Kein ARM-basierter Prozessor (u.a. &#8222;Snapdragon&#8220;), da sonst einige Programme nicht funktionieren oder nur erschwert laufen!<\/p>\n\n<p><strong>Please also remember the right pen!<\/strong><\/p>\n\n<h4 class=\"wp-block-heading\">Weitere Informationen<\/h4>\n\n<p>Bei Fragen hierzu wenden Sie sich gerne an unseren externen IT Partner:<br><a href=\"https:\/\/www.itonova.de\">ITOnova<\/a> &#8211; Bernhard Gehrke &#8211; <a href=\"mailto:support@itonova.de\">support@itonova.de<\/a> &#8211; 08046\/231999-0<\/p><\/div>\n\n<div class=\"wp-block-column is-layout-flow wp-block-column-is-layout-flow\"><h3 class=\"wp-block-heading\">Office 365 EDU<\/h3>\n\n<p>We ensure that our students are introduced to the demands of the modern working world at an early stage. And this starts with the choice of programmes we use in the classroom.<\/p>\n\n<p>Office 365 Education is a collection of services for collaboration and task sharing:<\/p>\n\n<ul class=\"wp-block-list\"><li>Microsoft Teams is a digital place for class collaboration. An environment for collaborative learning is created within a single application.<\/li>\n\n<li>OneNote is a digital notebook for collaborating and organising teaching materials such as worksheets, handwritten texts, web content and also audio and video material.<\/li>\n\n<li>Collaborate on documents in shared teams that work with you in real time - whether in Word, Excel and PowerPoint or via Office Online.<\/li><\/ul><\/div><\/div><div style=\"height:100px\" aria-hidden=\"true\" class=\"wp-block-spacer\"><\/div><div class=\"wp-block-media-text has-media-on-the-right is-stacked-on-mobile is-image-fill-element\"><div class=\"wp-block-media-text__content\"><h2 class=\"wp-block-heading\">Digital and analogue handwriting<\/h2>\n\n<p>Windows 10 supports handwritten work with digital ink and offers programmes for collaborative learning. Examples of this include editing Word documents, PowerPoint slides or mathematical equations in OneNote.<\/p>\n\n<p>Handwriting with ink and paper is and remains an important cultural asset for us. Nevertheless, we recognise that the world in which our pupils live has changed - our task as a school is to provide adequate support.<\/p><\/div><figure class=\"wp-block-media-text__media\"><img loading=\"lazy\" decoding=\"async\" width=\"1024\" height=\"576\" src=\"https:\/\/www.dbbc-bayern.de\/wp-content\/uploads\/2024\/12\/student-laptop-1024x576.jpg\" alt=\"\" class=\"wp-image-11145 size-full\" style=\"object-position:50% 50%\" srcset=\"https:\/\/www.dbbc-bayern.de\/wp-content\/uploads\/2024\/12\/student-laptop-1024x576.jpg 1024w, https:\/\/www.dbbc-bayern.de\/wp-content\/uploads\/2024\/12\/student-laptop-300x169.jpg 300w, https:\/\/www.dbbc-bayern.de\/wp-content\/uploads\/2024\/12\/student-laptop-768x432.jpg 768w, https:\/\/www.dbbc-bayern.de\/wp-content\/uploads\/2024\/12\/student-laptop-1536x864.jpg 1536w, https:\/\/www.dbbc-bayern.de\/wp-content\/uploads\/2024\/12\/student-laptop-600x338.jpg 600w, https:\/\/www.dbbc-bayern.de\/wp-content\/uploads\/2024\/12\/student-laptop.jpg 1920w\" sizes=\"auto, (max-width: 1024px) 100vw, 1024px\" \/><\/figure><\/div><div style=\"height:100px\" aria-hidden=\"true\" class=\"wp-block-spacer\"><\/div><div class=\"wp-block-media-text is-stacked-on-mobile is-image-fill-element\"><figure class=\"wp-block-media-text__media\"><img loading=\"lazy\" decoding=\"async\" width=\"1024\" height=\"566\" src=\"https:\/\/www.dbbc-bayern.de\/wp-content\/uploads\/2024\/12\/student-pencil-1024x566.jpg\" alt=\"\" class=\"wp-image-11146 size-full\" style=\"object-position:50% 50%\" srcset=\"https:\/\/www.dbbc-bayern.de\/wp-content\/uploads\/2024\/12\/student-pencil-1024x566.jpg 1024w, https:\/\/www.dbbc-bayern.de\/wp-content\/uploads\/2024\/12\/student-pencil-300x166.jpg 300w, https:\/\/www.dbbc-bayern.de\/wp-content\/uploads\/2024\/12\/student-pencil-768x424.jpg 768w, https:\/\/www.dbbc-bayern.de\/wp-content\/uploads\/2024\/12\/student-pencil-1536x848.jpg 1536w, https:\/\/www.dbbc-bayern.de\/wp-content\/uploads\/2024\/12\/student-pencil-600x331.jpg 600w, https:\/\/www.dbbc-bayern.de\/wp-content\/uploads\/2024\/12\/student-pencil.jpg 1700w\" sizes=\"auto, (max-width: 1024px) 100vw, 1024px\" \/><\/figure><div class=\"wp-block-media-text__content\"><h2 class=\"wp-block-heading\">Complete booklet management<\/h2>\n\n<p>We don't want a paperless classroom, so the pupils print out the important entries in the exercise book after working on them digitally and thus have a complete exercise book for learning.<\/p>\n\n<p>If a student is ill, they can print out the missed lesson content at any time and catch up on the missed material.<\/p><\/div><\/div><div style=\"height:100px\" aria-hidden=\"true\" class=\"wp-block-spacer\"><\/div><h2 class=\"wp-block-heading\">EduPage simplifies everyday school life<\/h2><p>EduPage is our software for all areas of school organisation:<\/p><ul class=\"wp-block-list\"><li>Digital class register and timetable<\/li>\n\n<li>Substitution plan<\/li>\n\n<li>Internal communication<\/li>\n\n<li>Notes &amp; Ratings<\/li>\n\n<li>Appointment management<\/li>\n\n<li>Recording of absences<\/li><\/ul><div style=\"height:100px\" aria-hidden=\"true\" class=\"wp-block-spacer\"><\/div><h2 class=\"wp-block-heading\" id=\"digitaleSchule\">Digitale Schule der Zukunft<br>                    \u2013 F\u00f6rderantragsstellung<\/h2><p>unsere Schule beteiligt sich im Schuljahr 2025\/2026 an der \u201eDigitalen Schule der Zukunft\u201c.<br>Der Freistaat Bayern unterst\u00fctzt hierbei den Kauf des mobilen Endger\u00e4ts mit einem Zuschuss i. H. v. bis zu 350,- \u20ac.<br>Um diese F\u00f6rdermittel zu erhalten, m\u00fcssen Sie einen entsprechenden Antrag stellen. Mit diesem Schreiben<br>m\u00f6chten wir Sie \u00fcber den genauen Ablauf des Antragsprozesses informieren und Sie auf das medienp\u00e4dagogische<br>Angebot f\u00fcr Erziehungsberechtigte im Rahmen der \u201eDigitalen Schule der Zukunft\u201c hinweisen.<br><br><strong>Ablauf der Antragsstellung<\/strong><\/p><ol class=\"wp-block-list\"><li>Ab sofort k\u00f6nnen Sie Ihren Antrag auf der Internetseite <a href=\"https:\/\/formularserver.bayern.de\/intelliform\/forms\/rzsued\/stmuk\/stmuk\/digitale_schule_foerderantrag\/index\">www.dsdz.bayern.de<\/a> ausf\u00fcllen und den Kaufbeleg hochladen.<\/li>\n\n<li>Der online ausgef\u00fcllte Antrag wird Ihnen an die von Ihnen angegebene E-Mail-Adresse zugeschickt.<\/li>\n\n<li>Die Antr\u00e4ge werden anschlie\u00dfend von der Schule gepr\u00fcft und an das Landesamt f\u00fcr Schule \u00fcbermittelt.<\/li>\n\n<li>Danach werden die F\u00f6rderbescheide an die von Ihnen angegebene E-Mail-Adresse gesendet und die F\u00f6rderung ausbezahlt.<\/li><\/ol><p>Eine Hilfestellung zum Ausf\u00fcllen des Online-Formulars finden Sie auf der Homepage des Staatsministeriums f\u00fcr<br>Unterricht und Kultus: <a href=\"https:\/\/www.km.bayern.de\/digitale-schule-der-zukunft\/erziehungsberechtigte\/foerderantrag\">www.km.bayern.de\/dsdz\/antrag<\/a>.<br><br>Hier finden Sie auch ein <strong>Erkl\u00e4rvideo <\/strong>zum Ausf\u00fcllen des Formulars mit Untertiteln in verschiedenen Sprachen.<\/p><blockquote class=\"wp-block-quote is-layout-flow wp-block-quote-is-layout-flow\"><p>Unsere Schulen befinden sich im <strong>Regierungsbezirk: Oberbayern<\/strong><br>Dort suchen Sie nach folgenden Namen:<br><strong>Staat. Genehmigte DBBC-Privatschule \u2013 Realschule \u2013 Diakon. Institut f\u00fcr Bildung und Soziales GmbH in Bad Aibling<\/strong><br>bzw.<br><strong>Staat. Genehmigte DBBC-Privatschule \u2013 Mittelschule \u2013 Diakon. Institut f\u00fcr Bildung und Soziales GmbH in Bad Aibling<\/strong><\/p><\/blockquote><p><strong>Welche Jahrgangsstufen k\u00f6nnen sich beteiligen?<\/strong><br><br>Im Rahmen der \u201eDigitalen Schule der Zukunft\u201c haben in diesem Schuljahr die<strong> Jahrgangsstufen 5 bis 8<\/strong> der Mittel<br>und Realschule die M\u00f6glichkeit F\u00f6rderantr\u00e4ge f\u00fcr ein Tablet zu stellen.<br>Die Mindestkriterien der Tablets finden sie weiter <a href=\"https:\/\/www.dbbc-bayern.de\/en\/ueber-uns\/digital\/#tablet\">oben auf dieser Seite<\/a>.<\/p><div style=\"height:50px\" aria-hidden=\"true\" class=\"wp-block-spacer\"><\/div><hr class=\"wp-block-separator has-alpha-channel-opacity\"\/><div style=\"height:50px\" aria-hidden=\"true\" class=\"wp-block-spacer\"><\/div><p class=\"dbbc-overline\">Ready, Steady, Go!<\/p><h2 class=\"wp-block-heading\">Interested in our campus?<\/h2><p>We offer around 500 pupils from Bad Aibling, the Rosenheim area and far beyond the opportunity to pursue their individual goals and at the same time obtain the best possible personal school-leaving qualification. We want to make it as easy as possible to get started.<\/p><div class=\"wp-block-columns is-layout-flex wp-container-core-columns-is-layout-2 wp-block-columns-is-layout-flex\"><div class=\"wp-block-column is-layout-flow wp-block-column-is-layout-flow\"><p>That's why you can register with us at any time - even during the school year. If you are unsure about the right type of school, we will of course be happy to help and advise you.<\/p>\n\n<p>It is also easy to switch between school types at a later date. Pupils stay on campus, keep their friends and their social environment and parents don't have to make any changes either.<\/p><\/div>\n\n<div class=\"wp-block-column is-layout-flow wp-block-column-is-layout-flow\"><p>We offer campus tours or trial days to get a taste of what it's like, as well as trial training sessions for athletes.<\/p>\n\n<p>Our students come not only from Bad Aibling, but also from the catchment area of Rosenheim and beyond. This diversity enriches our school life and promotes lively interaction.<\/p><\/div><\/div><div class=\"block-icon-text w-full\" style=\"\">\n    <div class=\"grid grid-cols-1 lg:grid-cols-2 gap-x-16 gap-y-8 mt-16\">\n            <div class=\"icon-text flex gap-4 lg:gap-8 items-start\">\n          <div class=\"icon mb-4 inline-block not-prose\">\n            <div class=\"p-2 rounded-full bg-primary text-primary-inverse w-14 h-14 flex items-center justify-center\">\n                              <img decoding=\"async\" src=\"https:\/\/www.dbbc-bayern.de\/wp-content\/uploads\/2024\/12\/durchlaessigkeit.png\" alt=\"DBBC Icon\" class=\"w-8 h-auto\">\n                          <\/div>\n          <\/div>\n          <div class=\"copy -mt-6\"><h4>Registration possible at any time<\/h4>\n<p>Even during the school year.<\/p>\n<\/div>\n        <\/div>\n            <div class=\"icon-text flex gap-4 lg:gap-8 items-start\">\n          <div class=\"icon mb-4 inline-block not-prose\">\n            <div class=\"p-2 rounded-full bg-primary text-primary-inverse w-14 h-14 flex items-center justify-center\">\n                              <img decoding=\"async\" src=\"https:\/\/www.dbbc-bayern.de\/wp-content\/uploads\/2024\/12\/schulsystem.png\" alt=\"DBBC Icon\" class=\"w-8 h-auto\">\n                          <\/div>\n          <\/div>\n          <div class=\"copy -mt-6\"><h4>Campus tours<\/h4>\n<p>We would be happy to show you the campus in advance. Please contact us if you are interested.<\/p>\n<\/div>\n        <\/div>\n            <div class=\"icon-text flex gap-4 lg:gap-8 items-start\">\n          <div class=\"icon mb-4 inline-block not-prose\">\n            <div class=\"p-2 rounded-full bg-primary text-primary-inverse w-14 h-14 flex items-center justify-center\">\n                              <img decoding=\"async\" src=\"https:\/\/www.dbbc-bayern.de\/wp-content\/uploads\/2024\/12\/schulsystem.png\" alt=\"DBBC Icon\" class=\"w-8 h-auto\">\n                          <\/div>\n          <\/div>\n          <div class=\"copy -mt-6\"><h4>Prices<\/h4>\n<p>Prices vary depending on the type of school and the individualisations selected. Contact us for more information.<\/p>\n<\/div>\n        <\/div>\n        <\/div>\n<\/div><div style=\"height:50px\" aria-hidden=\"true\" class=\"wp-block-spacer\"><\/div><h3 class=\"wp-block-heading has-text-align-center\">We look forward to seeing you!<\/h3><div class=\"wp-block-buttons is-content-justification-center is-layout-flex wp-container-core-buttons-is-layout-1 wp-block-buttons-is-layout-flex\"><div class=\"wp-block-button\"><a class=\"wp-block-button__link has-background-color has-text-color has-background has-link-color wp-element-button\" href=\"\/en\/kontakt\/\" style=\"border-radius:0px;background-color:#8cbb3b\">Contact us<\/a><\/div><\/div><div style=\"height:100px\" aria-hidden=\"true\" class=\"wp-block-spacer\"><\/div>","protected":false},"excerpt":{"rendered":"<p>Wir arbeiten mit Windows Tablets Tastatur, Toucheingabe oder Digitaler Stift \u2013 mit Unterst\u00fctzung f\u00fcr Touchscreen und Digitalstift bieten uns Windows Tablets viele M\u00f6glichkeiten, kreativ zu sein, Ideen festzuhalten und Aufgaben im Unterricht zu erledigen. Mit Windows 11 haben wir eine robuste und produktive Lernumgebung gew\u00e4hlt, die in puncto Sicherheit und Leistung f\u00fcr den Unterricht optimiert<a href=\"https:\/\/www.dbbc-bayern.de\/en\/ueber-uns\/digital\/\">Continue reading <span class=\"sr-only\">&#8222;Digital&#8220;<\/span><\/a><\/p>","protected":false},"author":1789,"featured_media":0,"parent":10953,"menu_order":0,"comment_status":"closed","ping_status":"closed","template":"","meta":{"_acf_changed":false,"footnotes":""},"class_list":["post-10955","page","type-page","status-publish","hentry"],"acf":[],"_links":{"self":[{"href":"https:\/\/www.dbbc-bayern.de\/en\/wp-json\/wp\/v2\/pages\/10955","targetHints":{"allow":["GET"]}}],"collection":[{"href":"https:\/\/www.dbbc-bayern.de\/en\/wp-json\/wp\/v2\/pages"}],"about":[{"href":"https:\/\/www.dbbc-bayern.de\/en\/wp-json\/wp\/v2\/types\/page"}],"author":[{"embeddable":true,"href":"https:\/\/www.dbbc-bayern.de\/en\/wp-json\/wp\/v2\/users\/1789"}],"replies":[{"embeddable":true,"href":"https:\/\/www.dbbc-bayern.de\/en\/wp-json\/wp\/v2\/comments?post=10955"}],"version-history":[{"count":10,"href":"https:\/\/www.dbbc-bayern.de\/en\/wp-json\/wp\/v2\/pages\/10955\/revisions"}],"predecessor-version":[{"id":12703,"href":"https:\/\/www.dbbc-bayern.de\/en\/wp-json\/wp\/v2\/pages\/10955\/revisions\/12703"}],"up":[{"embeddable":true,"href":"https:\/\/www.dbbc-bayern.de\/en\/wp-json\/wp\/v2\/pages\/10953"}],"wp:attachment":[{"href":"https:\/\/www.dbbc-bayern.de\/en\/wp-json\/wp\/v2\/media?parent=10955"}],"curies":[{"name":"wp","href":"https:\/\/api.w.org\/{rel}","templated":true}]}}