{"id":10953,"date":"2024-12-09T11:24:13","date_gmt":"2024-12-09T10:24:13","guid":{"rendered":"https:\/\/portal.dbbc-bayern.de\/?page_id=10953"},"modified":"2024-12-09T14:10:55","modified_gmt":"2024-12-09T13:10:55","slug":"ueber-uns","status":"publish","type":"page","link":"https:\/\/www.dbbc-bayern.de\/en\/ueber-uns\/","title":{"rendered":"About us"},"content":{"rendered":"<h2 class=\"wp-block-heading has-text-align-center\">About us<\/h2><p class=\"has-text-align-center\">We look forward to providing your child with advice and support on their way to graduation.<\/p><div class=\"wp-block-media-text is-stacked-on-mobile is-image-fill is-image-fill-element\"><figure class=\"wp-block-media-text__media\" style=\"background-image:url(https:\/\/www.dbbc-bayern.de\/wp-content\/uploads\/2024\/12\/schule-topview.jpg);background-position:50% 50%\"><img loading=\"lazy\" decoding=\"async\" width=\"624\" height=\"352\" src=\"https:\/\/www.dbbc-bayern.de\/wp-content\/uploads\/2024\/12\/schule-topview.jpg\" alt=\"\" class=\"wp-image-10974 size-full\" srcset=\"https:\/\/www.dbbc-bayern.de\/wp-content\/uploads\/2024\/12\/schule-topview.jpg 624w, https:\/\/www.dbbc-bayern.de\/wp-content\/uploads\/2024\/12\/schule-topview-300x169.jpg 300w, https:\/\/www.dbbc-bayern.de\/wp-content\/uploads\/2024\/12\/schule-topview-600x338.jpg 600w\" sizes=\"auto, (max-width: 624px) 100vw, 624px\" \/><\/figure><div class=\"wp-block-media-text__content\"><p>The aim of offering guidance and support based on Christian values is an incentive for us every day. Problems are there to be solved. There's no such thing as impossible. We look forward to good co-operation between the school, parents and pupils.<\/p>\n\n<p>For Markus Schmidt and his school management team of Nina K\u00f6ppel (secondary school: MIttelschule), Manuel Endres (secondary school: Realschule), Markus Wei\u00df (vocational secondary school: Fachoberschule) and David M\u00fcller (head of international schools), it's all about direction and goals. The joy of opportunities. Respect and esteem for others. One of the priorities of the school management is to convey this and remind them of it again and again. Orientation. Clarity. Security. These are not just words, but fixed standards at the Dietrich Bonhoeffer Bildungscampus.<\/p>\n\n<p><a href=\"https:\/\/www.dbbc-bayern.de\/en\/ueber-uns\/philosophie\/\" data-type=\"page\" data-id=\"10959\">Find out more about our philosophy here<\/a><\/p><\/div><\/div><div style=\"height:50px\" aria-hidden=\"true\" class=\"wp-block-spacer\"><\/div><div class=\"block-team relative wide not-prose grid grid-cols-2 gap-x-12 gap-y-12 md:grid-cols-4 md:gap-x-16 md:gap-y-12 my-16 max-w-screen-lg mx-auto\" style=\"\">\n                  <article id=\"post-10986\" class=\"text-center post-10953 page type-page status-publish hentry\">\n        <figure class=\"relative w-[150px] h-[150px] aspect-square mx-auto\">\n          <img loading=\"lazy\" decoding=\"async\" width=\"150\" height=\"150\" src=\"https:\/\/www.dbbc-bayern.de\/wp-content\/uploads\/2024\/12\/markus-schmidt-150x150.jpg\" class=\"imagecontent-img relative rounded-full\" alt=\"\" srcset=\"https:\/\/www.dbbc-bayern.de\/wp-content\/uploads\/2024\/12\/markus-schmidt-150x150.jpg 150w, https:\/\/www.dbbc-bayern.de\/wp-content\/uploads\/2024\/12\/markus-schmidt-300x300.jpg 300w, https:\/\/www.dbbc-bayern.de\/wp-content\/uploads\/2024\/12\/markus-schmidt-100x100.jpg 100w\" sizes=\"auto, (max-width: 150px) 100vw, 150px\" \/>        <\/figure>\n        <h4 class=\"text-primary !mt-4 font-bold font-display\">Markus Schmidt<\/h4>\n        <p class=\"text-gray-500 text-xs\">Management &amp; school management<\/p>\n      <\/article>\n                <article id=\"post-10990\" class=\"text-center post-10953 page type-page status-publish hentry\">\n        <figure class=\"relative w-[150px] h-[150px] aspect-square mx-auto\">\n          <img loading=\"lazy\" decoding=\"async\" width=\"150\" height=\"150\" src=\"https:\/\/www.dbbc-bayern.de\/wp-content\/uploads\/2024\/12\/nina-koeppel-150x150.jpg\" class=\"imagecontent-img relative rounded-full\" alt=\"\" srcset=\"https:\/\/www.dbbc-bayern.de\/wp-content\/uploads\/2024\/12\/nina-koeppel-150x150.jpg 150w, https:\/\/www.dbbc-bayern.de\/wp-content\/uploads\/2024\/12\/nina-koeppel-300x300.jpg 300w, https:\/\/www.dbbc-bayern.de\/wp-content\/uploads\/2024\/12\/nina-koeppel-100x100.jpg 100w\" sizes=\"auto, (max-width: 150px) 100vw, 150px\" \/>        <\/figure>\n        <h4 class=\"text-primary !mt-4 font-bold font-display\">Nina K\u00f6ppel<\/h4>\n        <p class=\"text-gray-500 text-xs\">School management of the secondary school: Mittelschule<\/p>\n      <\/article>\n                <article id=\"post-10992\" class=\"text-center post-10953 page type-page status-publish hentry\">\n        <figure class=\"relative w-[150px] h-[150px] aspect-square mx-auto\">\n          <img loading=\"lazy\" decoding=\"async\" width=\"150\" height=\"150\" src=\"https:\/\/www.dbbc-bayern.de\/wp-content\/uploads\/2025\/03\/Bild-3k-150x150.jpg\" class=\"imagecontent-img relative rounded-full\" alt=\"\" srcset=\"https:\/\/www.dbbc-bayern.de\/wp-content\/uploads\/2025\/03\/Bild-3k-150x150.jpg 150w, https:\/\/www.dbbc-bayern.de\/wp-content\/uploads\/2025\/03\/Bild-3k-300x300.jpg 300w, https:\/\/www.dbbc-bayern.de\/wp-content\/uploads\/2025\/03\/Bild-3k-100x100.jpg 100w\" sizes=\"auto, (max-width: 150px) 100vw, 150px\" \/>        <\/figure>\n        <h4 class=\"text-primary !mt-4 font-bold font-display\">Manuel Endres<\/h4>\n        <p class=\"text-gray-500 text-xs\">School management of the secondary school: Realschule<\/p>\n      <\/article>\n                <article id=\"post-10994\" class=\"text-center post-10953 page type-page status-publish hentry\">\n        <figure class=\"relative w-[150px] h-[150px] aspect-square mx-auto\">\n          <img loading=\"lazy\" decoding=\"async\" width=\"150\" height=\"150\" src=\"https:\/\/www.dbbc-bayern.de\/wp-content\/uploads\/2024\/12\/Bild-6-150x150.jpeg\" class=\"imagecontent-img relative rounded-full\" alt=\"\" srcset=\"https:\/\/www.dbbc-bayern.de\/wp-content\/uploads\/2024\/12\/Bild-6-150x150.jpeg 150w, https:\/\/www.dbbc-bayern.de\/wp-content\/uploads\/2024\/12\/Bild-6-300x300.jpeg 300w, https:\/\/www.dbbc-bayern.de\/wp-content\/uploads\/2024\/12\/Bild-6-100x100.jpeg 100w\" sizes=\"auto, (max-width: 150px) 100vw, 150px\" \/>        <\/figure>\n        <h4 class=\"text-primary !mt-4 font-bold font-display\">Marcus Wei\u00df<\/h4>\n        <p class=\"text-gray-500 text-xs\">School management of the vocational secondary school: Fachoberschule<\/p>\n      <\/article>\n                <article id=\"post-11000\" class=\"text-center post-10953 page type-page status-publish hentry\">\n        <figure class=\"relative w-[150px] h-[150px] aspect-square mx-auto\">\n          <img loading=\"lazy\" decoding=\"async\" width=\"150\" height=\"150\" src=\"https:\/\/www.dbbc-bayern.de\/wp-content\/uploads\/2025\/03\/Bild-4k-150x150.jpg\" class=\"imagecontent-img relative rounded-full\" alt=\"\" srcset=\"https:\/\/www.dbbc-bayern.de\/wp-content\/uploads\/2025\/03\/Bild-4k-150x150.jpg 150w, https:\/\/www.dbbc-bayern.de\/wp-content\/uploads\/2025\/03\/Bild-4k-300x300.jpg 300w, https:\/\/www.dbbc-bayern.de\/wp-content\/uploads\/2025\/03\/Bild-4k-100x100.jpg 100w\" sizes=\"auto, (max-width: 150px) 100vw, 150px\" \/>        <\/figure>\n        <h4 class=\"text-primary !mt-4 font-bold font-display\">Martin Scheider<\/h4>\n        <p class=\"text-gray-500 text-xs\">Fachbereichsleiter IT \/ Schulorganisation<\/p>\n      <\/article>\n                <article id=\"post-11004\" class=\"text-center post-10953 page type-page status-publish hentry\">\n        <figure class=\"relative w-[150px] h-[150px] aspect-square mx-auto\">\n          <img loading=\"lazy\" decoding=\"async\" width=\"150\" height=\"150\" src=\"https:\/\/www.dbbc-bayern.de\/wp-content\/uploads\/2024\/12\/DBBC_MBrinkmann_01-Kopie-150x150.jpg\" class=\"imagecontent-img relative rounded-full\" alt=\"\" srcset=\"https:\/\/www.dbbc-bayern.de\/wp-content\/uploads\/2024\/12\/DBBC_MBrinkmann_01-Kopie-150x150.jpg 150w, https:\/\/www.dbbc-bayern.de\/wp-content\/uploads\/2024\/12\/DBBC_MBrinkmann_01-Kopie-300x300.jpg 300w, https:\/\/www.dbbc-bayern.de\/wp-content\/uploads\/2024\/12\/DBBC_MBrinkmann_01-Kopie-100x100.jpg 100w\" sizes=\"auto, (max-width: 150px) 100vw, 150px\" \/>        <\/figure>\n        <h4 class=\"text-primary !mt-4 font-bold font-display\">Manuela Brinkmann<\/h4>\n        <p class=\"text-gray-500 text-xs\">Head of Individualisation &amp; Communication<\/p>\n      <\/article>\n                <article id=\"post-11683\" class=\"text-center post-10953 page type-page status-publish hentry\">\n        <figure class=\"relative w-[150px] h-[150px] aspect-square mx-auto\">\n          <img loading=\"lazy\" decoding=\"async\" width=\"150\" height=\"150\" src=\"https:\/\/www.dbbc-bayern.de\/wp-content\/uploads\/2025\/03\/Bild-1-150x150.jpeg\" class=\"imagecontent-img relative rounded-full\" alt=\"\" srcset=\"https:\/\/www.dbbc-bayern.de\/wp-content\/uploads\/2025\/03\/Bild-1-150x150.jpeg 150w, https:\/\/www.dbbc-bayern.de\/wp-content\/uploads\/2025\/03\/Bild-1-300x300.jpeg 300w, https:\/\/www.dbbc-bayern.de\/wp-content\/uploads\/2025\/03\/Bild-1-100x100.jpeg 100w\" sizes=\"auto, (max-width: 150px) 100vw, 150px\" \/>        <\/figure>\n        <h4 class=\"text-primary !mt-4 font-bold font-display\">Hans Schloder<\/h4>\n        <p class=\"text-gray-500 text-xs\">Schulleiter Cambridge International School \/ Akademie<\/p>\n      <\/article>\n      <\/div><p class=\"has-text-align-center\"><a href=\"https:\/\/www.dbbc-bayern.de\/en\/ueber-uns\/\" data-type=\"page\" data-id=\"10953\">Find out more about our team here<\/a><\/p>","protected":false},"excerpt":{"rendered":"<p>\u00dcber uns Wir freuen uns, Ihr Kind auf seinem Weg zum Schulabschluss mit Rat und Tat zur Seite stehen und begleiten zu d\u00fcrfen. Das Ziel, auf Basis der christlichen Werte Orientierung und Hilfestellungen zu bieten, ist f\u00fcr uns jeden Tag auf\u2019s neue Ansporn. Probleme sind zum L\u00f6sen da. Geht nicht, gibt\u2019s nicht. Wir freuen uns<a href=\"https:\/\/www.dbbc-bayern.de\/en\/ueber-uns\/\">Continue reading <span class=\"sr-only\">&#8222;\u00dcber uns&#8220;<\/span><\/a><\/p>","protected":false},"author":1789,"featured_media":0,"parent":0,"menu_order":0,"comment_status":"closed","ping_status":"closed","template":"","meta":{"_acf_changed":false,"footnotes":""},"class_list":["post-10953","page","type-page","status-publish","hentry"],"acf":[],"_links":{"self":[{"href":"https:\/\/www.dbbc-bayern.de\/en\/wp-json\/wp\/v2\/pages\/10953","targetHints":{"allow":["GET"]}}],"collection":[{"href":"https:\/\/www.dbbc-bayern.de\/en\/wp-json\/wp\/v2\/pages"}],"about":[{"href":"https:\/\/www.dbbc-bayern.de\/en\/wp-json\/wp\/v2\/types\/page"}],"author":[{"embeddable":true,"href":"https:\/\/www.dbbc-bayern.de\/en\/wp-json\/wp\/v2\/users\/1789"}],"replies":[{"embeddable":true,"href":"https:\/\/www.dbbc-bayern.de\/en\/wp-json\/wp\/v2\/comments?post=10953"}],"version-history":[{"count":2,"href":"https:\/\/www.dbbc-bayern.de\/en\/wp-json\/wp\/v2\/pages\/10953\/revisions"}],"predecessor-version":[{"id":11126,"href":"https:\/\/www.dbbc-bayern.de\/en\/wp-json\/wp\/v2\/pages\/10953\/revisions\/11126"}],"wp:attachment":[{"href":"https:\/\/www.dbbc-bayern.de\/en\/wp-json\/wp\/v2\/media?parent=10953"}],"curies":[{"name":"wp","href":"https:\/\/api.w.org\/{rel}","templated":true}]}}