{"id":10945,"date":"2024-12-09T11:22:32","date_gmt":"2024-12-09T10:22:32","guid":{"rendered":"https:\/\/portal.dbbc-bayern.de\/?page_id=10945"},"modified":"2024-12-09T13:17:39","modified_gmt":"2024-12-09T12:17:39","slug":"golf","status":"publish","type":"page","link":"https:\/\/www.dbbc-bayern.de\/en\/sport\/golf\/","title":{"rendered":"Golf"},"content":{"rendered":"<div class=\"hero full-width content-grid py-32 md:py-40 lg:pt-20 lg:pb-24 xl:pb-54 relative overflow-clip\" style=\"position: relative\">\n  <div class=\"full-width absolute inset-0 h-full w-full my-0\">\n    <img decoding=\"async\" src=\"https:\/\/www.dbbc-bayern.de\/wp-content\/themes\/dbbc\/theme\/images\/bg-pattern.jpg\" alt=\"DBBC\" class=\"absolute inset-0 my-0 w-full h-full object-cover\">\n  <\/div>\n  <div class=\"relative flex flex-col lg:flex-row gap-4 lg:gap-44 items-center\">\n\n    <div class=\"hero-main grow text-white lg:w-1\/2 lg:max-w-xl xl:max-w-3xl\">\n      <p class=\"dbbc-overline dbbc-overline-offset\">Golf + school in perfect combination <\/p>\n      <h1 class=\"!mt-4 !mb-6 !text-white font-bold font-display\">Your school as a golfer<\/h1>\n      <div class=\"text-lg\"><p>A successful conclusion. Everything is possible - with us on campus.<br \/>\nWith all-day care, of course. In Bad Aibling.<\/p>\n<p>Golf is integrated directly into the lessons. This allows pupils to pursue their sporting goals and at the same time obtain the best possible school-leaving qualification for their individual needs.<\/p>\n<\/div>\n    <\/div>\n\n    <div class=\"relative md:px-36 lg:px-0 lg:w-1\/2\">\n              \n        <figure class=\"max-w-full overflow-hidden\">\n          <img loading=\"lazy\" decoding=\"async\" width=\"1024\" height=\"844\" src=\"https:\/\/www.dbbc-bayern.de\/wp-content\/uploads\/2024\/12\/hero-2.png\" class=\"herofront-img\" alt=\"\" srcset=\"https:\/\/www.dbbc-bayern.de\/wp-content\/uploads\/2024\/12\/hero-2.png 1024w, https:\/\/www.dbbc-bayern.de\/wp-content\/uploads\/2024\/12\/hero-2-300x247.png 300w, https:\/\/www.dbbc-bayern.de\/wp-content\/uploads\/2024\/12\/hero-2-768x633.png 768w, https:\/\/www.dbbc-bayern.de\/wp-content\/uploads\/2024\/12\/hero-2-600x495.png 600w\" sizes=\"auto, (max-width: 1024px) 100vw, 1024px\" \/>        <\/figure>\n        \n        \n          <\/div>\n  <\/div>\n\n  <svg class=\"full-width absolute bottom-0 left-0 w-full text-white h-12 md:h-20 lg:h-36 -scale-x-100\" xmlns=\"http:\/\/www.w3.org\/2000\/svg\" preserveaspectratio=\"none\" viewbox=\"0 0 960 161.55\"><path fill=\"#ffffff\" d=\"m844.84,34.33c-14.76,2.95-29.86,5.57-44.95,4.59-38.72-1.64-67.26-4.43-99.74-25.08-15.09-9.51-33.46-17.05-50.85-12.46-40.03,10.16-46.92,43.77-86.94,54.26-21.33,5.57-34.51,4.6-53.35,15.9-10,6-47,46-101,19-31.51-15.75-76.32-12.96-109,2s-47.03,50.97-80.82,49.98c-13.45-.66-25.92-5.57-39.37-7.54-32.48-4.92-64.63,8.2-96.79,15.08-27.56,6.23-60.04,6.23-82.02-10.49v21.97h960v-67.87c-26.58-36.07-68.24-68.53-115.16-59.35\"><\/path><\/svg>\n<\/div><h2 class=\"wp-block-heading\">Up to 4 golf sessions per week - directly in the classroom<\/h2><div class=\"wp-block-media-text has-media-on-the-right is-stacked-on-mobile is-image-fill is-image-fill-element\"><div class=\"wp-block-media-text__content\"><p>Golf training during school lessons is a great way for students to improve their golfing skills while building their physical fitness and mental stamina. Under the guidance of experienced coaches, students learn not only the techniques of the sport, but also the importance of patience, concentration and self-discipline. Golf training also encourages the development of self-confidence and the ability to focus on and achieve a goal. It is also a great way to teach students to relax and enjoy the outdoors.<\/p>\n\n<p>Golf training helps students achieve their goals in both sport and academics. Each player receives training tailored to their strengths and weaknesses up to four times a week in the mornings, thanks to a timetable tailored to the needs of the athletes.<\/p><\/div><figure class=\"wp-block-media-text__media\" style=\"background-image:url(https:\/\/www.dbbc-bayern.de\/wp-content\/uploads\/2024\/12\/golf-training-01-1024x683.jpg);background-position:50% 50%\"><img loading=\"lazy\" decoding=\"async\" width=\"1024\" height=\"683\" src=\"https:\/\/www.dbbc-bayern.de\/wp-content\/uploads\/2024\/12\/golf-training-01-1024x683.jpg\" alt=\"\" class=\"wp-image-11096 size-full\" srcset=\"https:\/\/www.dbbc-bayern.de\/wp-content\/uploads\/2024\/12\/golf-training-01-1024x683.jpg 1024w, https:\/\/www.dbbc-bayern.de\/wp-content\/uploads\/2024\/12\/golf-training-01-300x200.jpg 300w, https:\/\/www.dbbc-bayern.de\/wp-content\/uploads\/2024\/12\/golf-training-01-768x512.jpg 768w, https:\/\/www.dbbc-bayern.de\/wp-content\/uploads\/2024\/12\/golf-training-01-1536x1025.jpg 1536w, https:\/\/www.dbbc-bayern.de\/wp-content\/uploads\/2024\/12\/golf-training-01-600x400.jpg 600w, https:\/\/www.dbbc-bayern.de\/wp-content\/uploads\/2024\/12\/golf-training-01.jpg 1920w\" sizes=\"auto, (max-width: 1024px) 100vw, 1024px\" \/><\/figure><\/div><div style=\"height:50px\" aria-hidden=\"true\" class=\"wp-block-spacer\"><\/div><p>In order to ensure the best possible and professional sports education, the students are supervised by coaches from our strong partner, among others:<\/p><figure class=\"wp-block-image size-full\"><img loading=\"lazy\" decoding=\"async\" width=\"134\" height=\"143\" src=\"https:\/\/www.dbbc-bayern.de\/wp-content\/uploads\/2024\/12\/golfclub-maxlrain.jpg\" alt=\"\" class=\"wp-image-11098\"\/><\/figure><h4 class=\"wp-block-heading\">Golfclub Maxlrain<\/h4><p>In the immediate vicinity of the campus on the 18-hole championship course.<\/p><div style=\"height:50px\" aria-hidden=\"true\" class=\"wp-block-spacer\"><\/div><hr class=\"wp-block-separator has-alpha-channel-opacity\"\/><div style=\"height:50px\" aria-hidden=\"true\" class=\"wp-block-spacer\"><\/div><p class=\"dbbc-overline\">Ready, Steady, Go!<\/p><h2 class=\"wp-block-heading\">Interested in our campus?<\/h2><p>We offer around 500 pupils from Bad Aibling, the Rosenheim area and far beyond the opportunity to pursue their individual goals and at the same time obtain the best possible personal school-leaving qualification. We want to make it as easy as possible to get started.<\/p><div class=\"wp-block-columns is-layout-flex wp-container-core-columns-is-layout-1 wp-block-columns-is-layout-flex\"><div class=\"wp-block-column is-layout-flow wp-block-column-is-layout-flow\"><p>That's why you can register with us at any time - even during the school year. If you are unsure about the right type of school, we will of course be happy to help and advise you.<\/p>\n\n<p>It is also easy to switch between school types at a later date. Pupils stay on campus, keep their friends and their social environment and parents don't have to make any changes either.<\/p><\/div>\n\n<div class=\"wp-block-column is-layout-flow wp-block-column-is-layout-flow\"><p>We offer campus tours or trial days to get a taste of what it's like, as well as trial training sessions for athletes.<\/p>\n\n<p>Our students come not only from Bad Aibling, but also from the catchment area of Rosenheim and beyond. This diversity enriches our school life and promotes lively interaction.<\/p><\/div><\/div><div class=\"block-icon-text w-full\" style=\"\">\n    <div class=\"grid grid-cols-1 lg:grid-cols-2 gap-x-16 gap-y-8 mt-16\">\n            <div class=\"icon-text flex gap-4 lg:gap-8 items-start\">\n          <div class=\"icon mb-4 inline-block not-prose\">\n            <div class=\"p-2 rounded-full bg-primary text-primary-inverse w-14 h-14 flex items-center justify-center\">\n                              <img decoding=\"async\" src=\"https:\/\/www.dbbc-bayern.de\/wp-content\/uploads\/2024\/12\/durchlaessigkeit.png\" alt=\"DBBC Icon\" class=\"w-8 h-auto\">\n                          <\/div>\n          <\/div>\n          <div class=\"copy -mt-6\"><h4>Registration possible at any time<\/h4>\n<p>Even during the school year.<\/p>\n<\/div>\n        <\/div>\n            <div class=\"icon-text flex gap-4 lg:gap-8 items-start\">\n          <div class=\"icon mb-4 inline-block not-prose\">\n            <div class=\"p-2 rounded-full bg-primary text-primary-inverse w-14 h-14 flex items-center justify-center\">\n                              <img decoding=\"async\" src=\"https:\/\/www.dbbc-bayern.de\/wp-content\/uploads\/2024\/12\/schulsystem.png\" alt=\"DBBC Icon\" class=\"w-8 h-auto\">\n                          <\/div>\n          <\/div>\n          <div class=\"copy -mt-6\"><h4>Campus tours<\/h4>\n<p>We would be happy to show you the campus in advance. Please contact us if you are interested.<\/p>\n<\/div>\n        <\/div>\n            <div class=\"icon-text flex gap-4 lg:gap-8 items-start\">\n          <div class=\"icon mb-4 inline-block not-prose\">\n            <div class=\"p-2 rounded-full bg-primary text-primary-inverse w-14 h-14 flex items-center justify-center\">\n                              <img decoding=\"async\" src=\"https:\/\/www.dbbc-bayern.de\/wp-content\/uploads\/2024\/12\/schulsystem.png\" alt=\"DBBC Icon\" class=\"w-8 h-auto\">\n                          <\/div>\n          <\/div>\n          <div class=\"copy -mt-6\"><h4>Prices<\/h4>\n<p>Prices vary depending on the type of school and the individualisations selected. Contact us for more information.<\/p>\n<\/div>\n        <\/div>\n        <\/div>\n<\/div><div style=\"height:50px\" aria-hidden=\"true\" class=\"wp-block-spacer\"><\/div><h3 class=\"wp-block-heading has-text-align-center\">We look forward to seeing you!<\/h3><div class=\"wp-block-buttons is-content-justification-center is-layout-flex wp-container-core-buttons-is-layout-1 wp-block-buttons-is-layout-flex\"><div class=\"wp-block-button\"><a class=\"wp-block-button__link has-background-color has-text-color has-background has-link-color wp-element-button\" href=\"\/en\/kontakt\/\" style=\"border-radius:0px;background-color:#8cbb3b\">Contact us<\/a><\/div><\/div><div style=\"height:100px\" aria-hidden=\"true\" class=\"wp-block-spacer\"><\/div>","protected":false},"excerpt":{"rendered":"<p>Bis zu 4 Golf-Einheiten pro Woche &#8211; direkt im Unterricht Golftraining w\u00e4hrend des Schulunterrichts ist eine gro\u00dfartige M\u00f6glichkeit f\u00fcr Sch\u00fcler, ihre F\u00e4higkeiten im Golfsport zu verbessern und gleichzeitig ihre k\u00f6rperliche Fitness und mentale Ausdauer zu st\u00e4rken. Unter Anleitung erfahrener Trainer, lernen Sch\u00fcler nicht nur die Techniken des Sports, sondern auch die Bedeutung von Geduld, Konzentration<a href=\"https:\/\/www.dbbc-bayern.de\/en\/sport\/golf\/\">Continue reading <span class=\"sr-only\">&#8222;Golf&#8220;<\/span><\/a><\/p>","protected":false},"author":1789,"featured_media":0,"parent":10937,"menu_order":0,"comment_status":"closed","ping_status":"closed","template":"","meta":{"_acf_changed":false,"footnotes":""},"class_list":["post-10945","page","type-page","status-publish","hentry"],"acf":[],"_links":{"self":[{"href":"https:\/\/www.dbbc-bayern.de\/en\/wp-json\/wp\/v2\/pages\/10945","targetHints":{"allow":["GET"]}}],"collection":[{"href":"https:\/\/www.dbbc-bayern.de\/en\/wp-json\/wp\/v2\/pages"}],"about":[{"href":"https:\/\/www.dbbc-bayern.de\/en\/wp-json\/wp\/v2\/types\/page"}],"author":[{"embeddable":true,"href":"https:\/\/www.dbbc-bayern.de\/en\/wp-json\/wp\/v2\/users\/1789"}],"replies":[{"embeddable":true,"href":"https:\/\/www.dbbc-bayern.de\/en\/wp-json\/wp\/v2\/comments?post=10945"}],"version-history":[{"count":3,"href":"https:\/\/www.dbbc-bayern.de\/en\/wp-json\/wp\/v2\/pages\/10945\/revisions"}],"predecessor-version":[{"id":11099,"href":"https:\/\/www.dbbc-bayern.de\/en\/wp-json\/wp\/v2\/pages\/10945\/revisions\/11099"}],"up":[{"embeddable":true,"href":"https:\/\/www.dbbc-bayern.de\/en\/wp-json\/wp\/v2\/pages\/10937"}],"wp:attachment":[{"href":"https:\/\/www.dbbc-bayern.de\/en\/wp-json\/wp\/v2\/media?parent=10945"}],"curies":[{"name":"wp","href":"https:\/\/api.w.org\/{rel}","templated":true}]}}