{"id":10937,"date":"2024-12-09T11:20:55","date_gmt":"2024-12-09T10:20:55","guid":{"rendered":"https:\/\/portal.dbbc-bayern.de\/?page_id=10937"},"modified":"2024-12-09T12:59:22","modified_gmt":"2024-12-09T11:59:22","slug":"sport","status":"publish","type":"page","link":"https:\/\/www.dbbc-bayern.de\/en\/sport\/","title":{"rendered":"Sports"},"content":{"rendered":"<div class=\"hero full-width content-grid py-32 md:py-40 lg:pt-20 lg:pb-24 xl:pb-54 relative overflow-clip\" style=\"position: relative\">\n  <div class=\"full-width absolute inset-0 h-full w-full my-0\">\n    <img decoding=\"async\" src=\"https:\/\/www.dbbc-bayern.de\/wp-content\/themes\/dbbc\/theme\/images\/bg-pattern.jpg\" alt=\"DBBC\" class=\"absolute inset-0 my-0 w-full h-full object-cover\">\n  <\/div>\n  <div class=\"relative flex flex-col lg:flex-row gap-4 lg:gap-44 items-center\">\n\n    <div class=\"hero-main grow text-white lg:w-1\/2 lg:max-w-xl xl:max-w-3xl\">\n      <p class=\"dbbc-overline dbbc-overline-offset\">Sport + school ideally combined <\/p>\n      <h1 class=\"!mt-4 !mb-6 !text-white font-bold font-display\">Your school as an athlete<\/h1>\n      <div class=\"text-lg\"><p>Everything under one roof: Secondary schools - Mittelschule, Realschule. Technical secondary school - Fachoberschule (FOS) and language academy. With all-day care, of course. In Bad Aibling.<\/p>\n<p>Sport is integrated directly into lessons, allowing pupils to pursue their sporting goals and at the same time achieve the best possible school-leaving qualification for their individual needs.<\/p>\n<\/div>\n    <\/div>\n\n    <div class=\"relative md:px-36 lg:px-0 lg:w-1\/2\">\n              \n        <figure class=\"max-w-full overflow-hidden\">\n          <img loading=\"lazy\" decoding=\"async\" width=\"1024\" height=\"844\" src=\"https:\/\/www.dbbc-bayern.de\/wp-content\/uploads\/2024\/12\/training.png\" class=\"herofront-img\" alt=\"\" srcset=\"https:\/\/www.dbbc-bayern.de\/wp-content\/uploads\/2024\/12\/training.png 1024w, https:\/\/www.dbbc-bayern.de\/wp-content\/uploads\/2024\/12\/training-300x247.png 300w, https:\/\/www.dbbc-bayern.de\/wp-content\/uploads\/2024\/12\/training-768x633.png 768w, https:\/\/www.dbbc-bayern.de\/wp-content\/uploads\/2024\/12\/training-600x495.png 600w\" sizes=\"auto, (max-width: 1024px) 100vw, 1024px\" \/>        <\/figure>\n        \n        \n          <\/div>\n  <\/div>\n\n  <svg class=\"full-width absolute bottom-0 left-0 w-full text-white h-12 md:h-20 lg:h-36 -scale-x-100\" xmlns=\"http:\/\/www.w3.org\/2000\/svg\" preserveaspectratio=\"none\" viewbox=\"0 0 960 161.55\"><path fill=\"#ffffff\" d=\"m844.84,34.33c-14.76,2.95-29.86,5.57-44.95,4.59-38.72-1.64-67.26-4.43-99.74-25.08-15.09-9.51-33.46-17.05-50.85-12.46-40.03,10.16-46.92,43.77-86.94,54.26-21.33,5.57-34.51,4.6-53.35,15.9-10,6-47,46-101,19-31.51-15.75-76.32-12.96-109,2s-47.03,50.97-80.82,49.98c-13.45-.66-25.92-5.57-39.37-7.54-32.48-4.92-64.63,8.2-96.79,15.08-27.56,6.23-60.04,6.23-82.02-10.49v21.97h960v-67.87c-26.58-36.07-68.24-68.53-115.16-59.35\"><\/path><\/svg>\n<\/div><h2 class=\"wp-block-heading\">Sport directly integrated into lessons<\/h2><p>Sport is an integral part of our campus. This is because sport teaches children many skills that are not part of regular lessons - such as team spirit, perseverance, the courage to surpass oneself, dealing with victories and defeats.<\/p><p>We help your child to achieve the best possible school-leaving qualification for their individual needs while at the same time promoting their sporting talent - with us, the two go hand in hand. A unique timetable enables each pupil to work on their individual strengths and weaknesses up to four times a week in the morning through individual training in small groups.<\/p><div class=\"block-icon-text w-full\" style=\"\">\n    <div class=\"grid grid-cols-1 lg:grid-cols-2 gap-x-16 gap-y-8 mt-16\">\n            <div class=\"icon-text flex gap-4 lg:gap-8 items-start\">\n          <div class=\"icon mb-4 inline-block not-prose\">\n            <div class=\"p-2 rounded-full bg-primary text-primary-inverse w-14 h-14 flex items-center justify-center\">\n                              <img decoding=\"async\" src=\"https:\/\/www.dbbc-bayern.de\/wp-content\/uploads\/2024\/12\/meisterschaft.png\" alt=\"DBBC Icon\" class=\"w-8 h-auto\">\n                          <\/div>\n          <\/div>\n          <div class=\"copy -mt-6\"><h4 class=\"!mb-2\">Top-class sport in our core sports<\/h4>\n<p>Work on individual strengths and weaknesses up to four times a week with professional trainers in small groups.<\/p>\n<\/div>\n        <\/div>\n            <div class=\"icon-text flex gap-4 lg:gap-8 items-start\">\n          <div class=\"icon mb-4 inline-block not-prose\">\n            <div class=\"p-2 rounded-full bg-primary text-primary-inverse w-14 h-14 flex items-center justify-center\">\n                              <img decoding=\"async\" src=\"https:\/\/www.dbbc-bayern.de\/wp-content\/uploads\/2024\/12\/meisterschaft.png\" alt=\"DBBC Icon\" class=\"w-8 h-auto\">\n                          <\/div>\n          <\/div>\n          <div class=\"copy -mt-6\"><h4 class=\"!mb-2\">Popular sport for all<\/h4>\n<p>For all those who simply want to enjoy sport and exercise, we offer many other options in addition to our core sports.<\/p>\n<\/div>\n        <\/div>\n        <\/div>\n<\/div><div style=\"height:100px\" aria-hidden=\"true\" class=\"wp-block-spacer\"><\/div><div class=\"block-color-teaser w-full not-prose text-white text-center\" style=\"\">\n        <div class=\"grid grid-cols-1 lg:flex gap-8 mt-16\">\n                      <a href=\"https:\/\/www.dbbc-bayern.de\/en\/sport\/fussball\/\" class=\"icon-text py-12 px-8 rounded-xl flex flex-col gap-4 items-start basis-1\/6\" style=\"background-color: #8cbb3b\">\n                            <h4 class=\"my-0 block w-full no-underline text-white font-display font-bold text-2xl text-center leading-tight\">Football<\/h4>\n          <div class=\"copy w-full leading-tight\"><\/div>\n                  <\/a>\n                              <a href=\"https:\/\/www.dbbc-bayern.de\/en\/sport\/basketball\/\" class=\"icon-text py-12 px-8 rounded-xl flex flex-col gap-4 items-start basis-1\/6\" style=\"background-color: #43609c\">\n                            <h4 class=\"my-0 block w-full no-underline text-white font-display font-bold text-2xl text-center leading-tight\">Basketball<\/h4>\n          <div class=\"copy w-full leading-tight\"><\/div>\n                  <\/a>\n                              <a href=\"https:\/\/www.dbbc-bayern.de\/en\/sport\/eishockey\/\" class=\"icon-text py-12 px-8 rounded-xl flex flex-col gap-4 items-start basis-1\/6\" style=\"background-color: #c13185\">\n                            <h4 class=\"my-0 block w-full no-underline text-white font-display font-bold text-2xl text-center leading-tight\">Icehockey<\/h4>\n          <div class=\"copy w-full leading-tight\"><\/div>\n                  <\/a>\n                              <a href=\"https:\/\/www.dbbc-bayern.de\/en\/sport\/tennis\/\" class=\"icon-text py-12 px-8 rounded-xl flex flex-col gap-4 items-start basis-1\/6\" style=\"background-color: #ffc000\">\n                            <h4 class=\"my-0 block w-full no-underline text-white font-display font-bold text-2xl text-center leading-tight\">Tennis<\/h4>\n          <div class=\"copy w-full leading-tight\"><\/div>\n                  <\/a>\n                              <a href=\"https:\/\/www.dbbc-bayern.de\/en\/sport\/golf\/\" class=\"icon-text py-12 px-8 rounded-xl flex flex-col gap-4 items-start basis-1\/6\" style=\"background-color: #7f32ba\">\n                            <h4 class=\"my-0 block w-full no-underline text-white font-display font-bold text-2xl text-center leading-tight\">Golf<\/h4>\n          <div class=\"copy w-full leading-tight\"><\/div>\n                  <\/a>\n                              <a href=\"https:\/\/www.dbbc-bayern.de\/en\/sport\/weitere-sportarten\/\" class=\"icon-text py-12 px-8 rounded-xl flex flex-col gap-4 items-start basis-1\/6\" style=\"background-color: #8cbb3b\">\n                            <h4 class=\"my-0 block w-full no-underline text-white font-display font-bold text-2xl text-center leading-tight\">Other sports<\/h4>\n          <div class=\"copy w-full leading-tight\"><\/div>\n                  <\/a>\n                <\/div>\n<\/div><div style=\"height:100px\" aria-hidden=\"true\" class=\"wp-block-spacer\"><\/div><h3 class=\"wp-block-heading\">Sports training at the highest level<\/h3><p>In order to ensure the best possible and professional sports education, the students are supervised by coaches from our strong partners, among others:<\/p><h4 class=\"wp-block-heading\">Deutsches Fu\u00dfball Internat (Boarding School)<\/h4><p>Directly on campus with professional, full-time trainers.<\/p><h4 class=\"wp-block-heading\">Starbulls Rosenheim<\/h4><p>Own training ground in the Innovation Centre on campus, shuttle bus directly to the ice rink.<\/p><h4 class=\"wp-block-heading\">Golfclub Maxlrain<\/h4><p>In the immediate vicinity of the campus on the 18-hole championship course.<\/p><h4 class=\"wp-block-heading\">Change sport? Not so much sport anymore? No problem.<\/h4><p>Interests and inclinations develop over the course of school life. Every year, pupils can therefore choose which sports they want to practise and to what extent. Even if you are no longer interested in sport, we have an&nbsp;<a class=\"\" href=\"https:\/\/www.dbbc-bayern.de\/en\/indi-angebote\/\">extensive range of options<\/a>&nbsp;within the fields of music, languages and vocational training.<\/p><div style=\"height:50px\" aria-hidden=\"true\" class=\"wp-block-spacer\"><\/div><hr class=\"wp-block-separator has-alpha-channel-opacity\"\/><div style=\"height:50px\" aria-hidden=\"true\" class=\"wp-block-spacer\"><\/div><p class=\"dbbc-overline\">Ready, Steady, Go!<\/p><h2 class=\"wp-block-heading\">Interested in our campus?<\/h2><p>We offer around 500 pupils from Bad Aibling, the Rosenheim area and far beyond the opportunity to pursue their individual goals and at the same time obtain the best possible personal school-leaving qualification. We want to make it as easy as possible to get started.<\/p><div class=\"wp-block-columns is-layout-flex wp-container-core-columns-is-layout-1 wp-block-columns-is-layout-flex\"><div class=\"wp-block-column is-layout-flow wp-block-column-is-layout-flow\"><p>That's why you can register with us at any time - even during the school year. If you are unsure about the right type of school, we will of course be happy to help and advise you.<\/p>\n\n<p>It is also easy to switch between school types at a later date. Pupils stay on campus, keep their friends and their social environment and parents don't have to make any changes either.<\/p><\/div>\n\n<div class=\"wp-block-column is-layout-flow wp-block-column-is-layout-flow\"><p>We offer campus tours or trial days to get a taste of what it's like, as well as trial training sessions for athletes.<\/p>\n\n<p>Our students come not only from Bad Aibling, but also from the catchment area of Rosenheim and beyond. This diversity enriches our school life and promotes lively interaction.<\/p><\/div><\/div><div class=\"block-icon-text w-full\" style=\"\">\n    <div class=\"grid grid-cols-1 lg:grid-cols-2 gap-x-16 gap-y-8 mt-16\">\n            <div class=\"icon-text flex gap-4 lg:gap-8 items-start\">\n          <div class=\"icon mb-4 inline-block not-prose\">\n            <div class=\"p-2 rounded-full bg-primary text-primary-inverse w-14 h-14 flex items-center justify-center\">\n                              <img decoding=\"async\" src=\"https:\/\/www.dbbc-bayern.de\/wp-content\/uploads\/2024\/12\/durchlaessigkeit.png\" alt=\"DBBC Icon\" class=\"w-8 h-auto\">\n                          <\/div>\n          <\/div>\n          <div class=\"copy -mt-6\"><h4>Registration possible at any time<\/h4>\n<p>Even during the school year.<\/p>\n<\/div>\n        <\/div>\n            <div class=\"icon-text flex gap-4 lg:gap-8 items-start\">\n          <div class=\"icon mb-4 inline-block not-prose\">\n            <div class=\"p-2 rounded-full bg-primary text-primary-inverse w-14 h-14 flex items-center justify-center\">\n                              <img decoding=\"async\" src=\"https:\/\/www.dbbc-bayern.de\/wp-content\/uploads\/2024\/12\/schulsystem.png\" alt=\"DBBC Icon\" class=\"w-8 h-auto\">\n                          <\/div>\n          <\/div>\n          <div class=\"copy -mt-6\"><h4>Campus tours<\/h4>\n<p>We would be happy to show you the campus in advance. Please contact us if you are interested.<\/p>\n<\/div>\n        <\/div>\n            <div class=\"icon-text flex gap-4 lg:gap-8 items-start\">\n          <div class=\"icon mb-4 inline-block not-prose\">\n            <div class=\"p-2 rounded-full bg-primary text-primary-inverse w-14 h-14 flex items-center justify-center\">\n                              <img decoding=\"async\" src=\"https:\/\/www.dbbc-bayern.de\/wp-content\/uploads\/2024\/12\/schulsystem.png\" alt=\"DBBC Icon\" class=\"w-8 h-auto\">\n                          <\/div>\n          <\/div>\n          <div class=\"copy -mt-6\"><h4>Prices<\/h4>\n<p>Prices vary depending on the type of school and the individualisations selected. Contact us for more information.<\/p>\n<\/div>\n        <\/div>\n        <\/div>\n<\/div><div style=\"height:50px\" aria-hidden=\"true\" class=\"wp-block-spacer\"><\/div><h3 class=\"wp-block-heading has-text-align-center\">We look forward to seeing you!<\/h3><div class=\"wp-block-buttons is-content-justification-center is-layout-flex wp-container-core-buttons-is-layout-1 wp-block-buttons-is-layout-flex\"><div class=\"wp-block-button\"><a class=\"wp-block-button__link has-background-color has-text-color has-background has-link-color wp-element-button\" href=\"\/en\/kontakt\/\" style=\"border-radius:0px;background-color:#8cbb3b\">Contact us<\/a><\/div><\/div><div style=\"height:100px\" aria-hidden=\"true\" class=\"wp-block-spacer\"><\/div>","protected":false},"excerpt":{"rendered":"<p>Sport direkt im Unterricht untegriert Sport ist ein integraler Bestandteil unseres Campus. Denn durch Sport erlernen die Kinder viele F\u00e4higkeiten, die nicht Teil des regul\u00e4ren Unterrichts sind &#8211; wie Teamgeist, Durchhalteverm\u00f6gen, Mut \u00fcber sich selbst hinauszuwachsen, Umgang mit Siegen, aber auch mit Niederlagen. Wir begleiten Ihr Kind zum individuell bestm\u00f6glichen Schulabschluss bei gleichzeitiger F\u00f6rderung des<a href=\"https:\/\/www.dbbc-bayern.de\/en\/sport\/\">Continue reading <span class=\"sr-only\">&#8222;Sport&#8220;<\/span><\/a><\/p>","protected":false},"author":1789,"featured_media":0,"parent":0,"menu_order":0,"comment_status":"closed","ping_status":"closed","template":"","meta":{"_acf_changed":false,"footnotes":""},"class_list":["post-10937","page","type-page","status-publish","hentry"],"acf":[],"_links":{"self":[{"href":"https:\/\/www.dbbc-bayern.de\/en\/wp-json\/wp\/v2\/pages\/10937","targetHints":{"allow":["GET"]}}],"collection":[{"href":"https:\/\/www.dbbc-bayern.de\/en\/wp-json\/wp\/v2\/pages"}],"about":[{"href":"https:\/\/www.dbbc-bayern.de\/en\/wp-json\/wp\/v2\/types\/page"}],"author":[{"embeddable":true,"href":"https:\/\/www.dbbc-bayern.de\/en\/wp-json\/wp\/v2\/users\/1789"}],"replies":[{"embeddable":true,"href":"https:\/\/www.dbbc-bayern.de\/en\/wp-json\/wp\/v2\/comments?post=10937"}],"version-history":[{"count":5,"href":"https:\/\/www.dbbc-bayern.de\/en\/wp-json\/wp\/v2\/pages\/10937\/revisions"}],"predecessor-version":[{"id":11078,"href":"https:\/\/www.dbbc-bayern.de\/en\/wp-json\/wp\/v2\/pages\/10937\/revisions\/11078"}],"wp:attachment":[{"href":"https:\/\/www.dbbc-bayern.de\/en\/wp-json\/wp\/v2\/media?parent=10937"}],"curies":[{"name":"wp","href":"https:\/\/api.w.org\/{rel}","templated":true}]}}