{"id":10935,"date":"2024-12-09T11:19:20","date_gmt":"2024-12-09T10:19:20","guid":{"rendered":"https:\/\/portal.dbbc-bayern.de\/?page_id=10935"},"modified":"2024-12-09T12:45:59","modified_gmt":"2024-12-09T11:45:59","slug":"realschule","status":"publish","type":"page","link":"https:\/\/www.dbbc-bayern.de\/en\/schulen\/realschule\/","title":{"rendered":"Secondary school: Realschule"},"content":{"rendered":"<div class=\"hero full-width content-grid py-32 md:py-40 lg:pt-20 lg:pb-24 xl:pb-54 relative overflow-clip\" style=\"position: relative\">\n  <div class=\"full-width absolute inset-0 h-full w-full my-0\">\n    <img decoding=\"async\" src=\"https:\/\/www.dbbc-bayern.de\/wp-content\/themes\/dbbc\/theme\/images\/bg-pattern.jpg\" alt=\"DBBC\" class=\"absolute inset-0 my-0 w-full h-full object-cover\">\n  <\/div>\n  <div class=\"relative flex flex-col lg:flex-row gap-4 lg:gap-44 items-center\">\n\n    <div class=\"hero-main grow text-white lg:w-1\/2 lg:max-w-xl xl:max-w-3xl\">\n      <p class=\"dbbc-overline dbbc-overline-offset\">Fostering individuality &amp; talent <\/p>\n      <h1 class=\"!mt-4 !mb-6 !text-white font-bold font-display\">Secondary school: Realschule<\/h1>\n      <div class=\"text-lg\"><p>Graduate with success. And then, what's next? We also have another secondary school called \"FOS\" on our Campus. So many options on the DBBC. With an all-day concept, of course. In Bad Aibling.<\/p>\n<p>At our secondary school, we support students on their way into the professional and working world. The school offers a wide range of subjects that are tailored to the individual needs and interests of the students.<\/p>\n<\/div>\n    <\/div>\n\n    <div class=\"relative md:px-36 lg:px-0 lg:w-1\/2\">\n              \n        <figure class=\"max-w-full overflow-hidden\">\n          <img loading=\"lazy\" decoding=\"async\" width=\"1024\" height=\"986\" src=\"https:\/\/www.dbbc-bayern.de\/wp-content\/uploads\/2024\/12\/schueler-03.png\" class=\"herofront-img\" alt=\"\" srcset=\"https:\/\/www.dbbc-bayern.de\/wp-content\/uploads\/2024\/12\/schueler-03.png 1024w, https:\/\/www.dbbc-bayern.de\/wp-content\/uploads\/2024\/12\/schueler-03-300x289.png 300w, https:\/\/www.dbbc-bayern.de\/wp-content\/uploads\/2024\/12\/schueler-03-768x740.png 768w, https:\/\/www.dbbc-bayern.de\/wp-content\/uploads\/2024\/12\/schueler-03-600x578.png 600w\" sizes=\"auto, (max-width: 1024px) 100vw, 1024px\" \/>        <\/figure>\n        \n        \n          <\/div>\n  <\/div>\n\n  <svg class=\"full-width absolute bottom-0 left-0 w-full text-white h-12 md:h-20 lg:h-36 -scale-x-100\" xmlns=\"http:\/\/www.w3.org\/2000\/svg\" preserveaspectratio=\"none\" viewbox=\"0 0 960 161.55\"><path fill=\"#ffffff\" d=\"m844.84,34.33c-14.76,2.95-29.86,5.57-44.95,4.59-38.72-1.64-67.26-4.43-99.74-25.08-15.09-9.51-33.46-17.05-50.85-12.46-40.03,10.16-46.92,43.77-86.94,54.26-21.33,5.57-34.51,4.6-53.35,15.9-10,6-47,46-101,19-31.51-15.75-76.32-12.96-109,2s-47.03,50.97-80.82,49.98c-13.45-.66-25.92-5.57-39.37-7.54-32.48-4.92-64.63,8.2-96.79,15.08-27.56,6.23-60.04,6.23-82.02-10.49v21.97h960v-67.87c-26.58-36.07-68.24-68.53-115.16-59.35\"><\/path><\/svg>\n<\/div><p class=\"dbbc-overline\">Our goal<\/p><h2 class=\"wp-block-heading\">No pupil leaves school without a school-leaving certificate<\/h2><div class=\"wp-block-media-text is-stacked-on-mobile is-image-fill is-image-fill-element\"><figure class=\"wp-block-media-text__media\" style=\"background-image:url(https:\/\/www.dbbc-bayern.de\/wp-content\/uploads\/2024\/12\/schule-topview.jpg);background-position:50% 50%\"><img loading=\"lazy\" decoding=\"async\" width=\"624\" height=\"352\" src=\"https:\/\/www.dbbc-bayern.de\/wp-content\/uploads\/2024\/12\/schule-topview.jpg\" alt=\"\" class=\"wp-image-10974 size-full\" srcset=\"https:\/\/www.dbbc-bayern.de\/wp-content\/uploads\/2024\/12\/schule-topview.jpg 624w, https:\/\/www.dbbc-bayern.de\/wp-content\/uploads\/2024\/12\/schule-topview-300x169.jpg 300w, https:\/\/www.dbbc-bayern.de\/wp-content\/uploads\/2024\/12\/schule-topview-600x338.jpg 600w\" sizes=\"auto, (max-width: 624px) 100vw, 624px\" \/><\/figure><div class=\"wp-block-media-text__content\"><p>The secondary school offers a learning environment in which young people are encouraged and supported on their path to the future. Our pupils benefit from a dedicated and experienced team of teachers who help them to fully realise their talents and optimally prepare for their future challenges.<\/p>\n\n<p>We see education as a holistic process in which the success of FORMAL EDUCATION is closely linked to the success of INFORMAL EDUCATION. In this context, our campus offers a wide range of opportunities for personal and academic development.<\/p>\n\n<p>This means that pupils can easily transfer to other educational institutions if they are suitable.<\/p>\n\n<p>This change takes place without parents having to worry about new organisational processes and without additional stress for the pupils. Everything remains familiar: the location, the faces, the daily routines. Contact with school friends also remains the same.<\/p><\/div><\/div><hr class=\"wp-block-separator has-alpha-channel-opacity\"\/><p class=\"dbbc-overline\">Focus on individuality<\/p><h2 class=\"wp-block-heading\">Our Concept<\/h2><div class=\"wp-block-media-text has-media-on-the-right is-stacked-on-mobile is-image-fill is-image-fill-element\"><div class=\"wp-block-media-text__content\"><p>The Dietrich Bonhoeffer Bildungscampus was developed as an all-day school in order to offer parents reliable and pedagogically sound care for their children.<\/p>\n\n<p>This gives pupils much more time to develop their skills and interests. We encourage this through our wide range of individualised activities in the areas of sport, but also technology\/science, social, creative, music, languages and many more activities that encourage pupils to discover and develop their talents.<\/p>\n\n<h3 class=\"wp-block-heading\">Private time is private time<\/h3>\n\n<p>Pupils usually complete their written homework at school and can prepare for exams under pedagogical guidance. After school, they can devote themselves entirely to their free time.<\/p>\n\n<p>Lessons start at 08:05 and end at 16:05. On Fridays, lessons end at 13:25.<\/p><\/div><figure class=\"wp-block-media-text__media\" style=\"background-image:url(https:\/\/www.dbbc-bayern.de\/wp-content\/uploads\/2024\/12\/schueler-03-1024x576.jpg);background-position:70% 46%\"><img loading=\"lazy\" decoding=\"async\" width=\"1024\" height=\"576\" src=\"https:\/\/www.dbbc-bayern.de\/wp-content\/uploads\/2024\/12\/schueler-03-1024x576.jpg\" alt=\"\" class=\"wp-image-10973 size-full\" srcset=\"https:\/\/www.dbbc-bayern.de\/wp-content\/uploads\/2024\/12\/schueler-03-1024x576.jpg 1024w, https:\/\/www.dbbc-bayern.de\/wp-content\/uploads\/2024\/12\/schueler-03-300x169.jpg 300w, https:\/\/www.dbbc-bayern.de\/wp-content\/uploads\/2024\/12\/schueler-03-768x432.jpg 768w, https:\/\/www.dbbc-bayern.de\/wp-content\/uploads\/2024\/12\/schueler-03-1536x864.jpg 1536w, https:\/\/www.dbbc-bayern.de\/wp-content\/uploads\/2024\/12\/schueler-03-600x338.jpg 600w, https:\/\/www.dbbc-bayern.de\/wp-content\/uploads\/2024\/12\/schueler-03.jpg 1920w\" sizes=\"auto, (max-width: 1024px) 100vw, 1024px\" \/><\/figure><\/div><hr class=\"wp-block-separator has-alpha-channel-opacity\"\/><h2 class=\"wp-block-heading\">3 ways to successfully complete school<\/h2><p>The branches of a Realschule represent different specialisations that pupils can choose from Year 7 onwards. At our Realschule, we offer the branches of Business, French and Nutrition &amp; Health.<\/p><figure class=\"wp-block-image size-full\"><img loading=\"lazy\" decoding=\"async\" width=\"1505\" height=\"223\" src=\"https:\/\/www.dbbc-bayern.de\/wp-content\/uploads\/2024\/12\/realschule-weg.jpg\" alt=\"\" class=\"wp-image-11050\" srcset=\"https:\/\/www.dbbc-bayern.de\/wp-content\/uploads\/2024\/12\/realschule-weg.jpg 1505w, https:\/\/www.dbbc-bayern.de\/wp-content\/uploads\/2024\/12\/realschule-weg-300x44.jpg 300w, https:\/\/www.dbbc-bayern.de\/wp-content\/uploads\/2024\/12\/realschule-weg-1024x152.jpg 1024w, https:\/\/www.dbbc-bayern.de\/wp-content\/uploads\/2024\/12\/realschule-weg-768x114.jpg 768w, https:\/\/www.dbbc-bayern.de\/wp-content\/uploads\/2024\/12\/realschule-weg-600x89.jpg 600w\" sizes=\"auto, (max-width: 1505px) 100vw, 1505px\" \/><\/figure><h3 class=\"wp-block-heading\">Perspective<\/h3><p>After the intermediate school-leaving certificate, pupils have various options: They can start a dual vocational training programme or, alternatively, acquire the general entrance qualification for universities of applied sciences via the Fachoberschule and finally even the general higher education entrance qualification within 13 regular school years. There is also the option of completing the International Abitur (AICE Diploma) at our Cambridge International School. This means that all educational pathways are open to our students.<\/p><hr class=\"wp-block-separator has-alpha-channel-opacity\"\/><p class=\"dbbc-overline\">Responsible digital<\/p><h2 class=\"wp-block-heading\">Digitalisation and digitality<\/h2><div class=\"wp-block-media-text is-stacked-on-mobile is-image-fill is-image-fill-element\"><figure class=\"wp-block-media-text__media\" style=\"background-image:url(https:\/\/www.dbbc-bayern.de\/wp-content\/uploads\/2024\/12\/student-tablet-1024x576.jpg);background-position:50% 50%\"><img loading=\"lazy\" decoding=\"async\" width=\"1024\" height=\"576\" src=\"https:\/\/www.dbbc-bayern.de\/wp-content\/uploads\/2024\/12\/student-tablet-1024x576.jpg\" alt=\"\" class=\"wp-image-10979 size-full\" srcset=\"https:\/\/www.dbbc-bayern.de\/wp-content\/uploads\/2024\/12\/student-tablet-1024x576.jpg 1024w, https:\/\/www.dbbc-bayern.de\/wp-content\/uploads\/2024\/12\/student-tablet-300x169.jpg 300w, https:\/\/www.dbbc-bayern.de\/wp-content\/uploads\/2024\/12\/student-tablet-768x432.jpg 768w, https:\/\/www.dbbc-bayern.de\/wp-content\/uploads\/2024\/12\/student-tablet-1536x864.jpg 1536w, https:\/\/www.dbbc-bayern.de\/wp-content\/uploads\/2024\/12\/student-tablet-600x338.jpg 600w, https:\/\/www.dbbc-bayern.de\/wp-content\/uploads\/2024\/12\/student-tablet.jpg 1920w\" sizes=\"auto, (max-width: 1024px) 100vw, 1024px\" \/><\/figure><div class=\"wp-block-media-text__content\"><p>Working with electronic media has become an integral part of today's working world. The Dietrich Bonhoeffer Bildungscampus is also facing up to these requirements and is preparing pupils accordingly by integrating technology into lessons. Our main aim is to use a sensible mix of \"analogue\" and \"digital\" technology.<\/p>\n\n<p>Both handwriting and the use of digital media result in modern learning skills. Recognising limits and opportunities - for us, this includes the independent use of both technologies and methods. We are breaking new ground here.<\/p>\n\n<p>All pupils work with laptops (\"bring your own device\") and learn in classrooms with interactive touchscreens. We utilise modern ways and possibilities of the digital world in both sport and school.<\/p><\/div><\/div><div style=\"height:100px\" aria-hidden=\"true\" class=\"wp-block-spacer\"><\/div><p class=\"dbbc-overline\">4\u00d7100 minutes per week<\/p><h2 class=\"wp-block-heading\">Individualisations<\/h2><div class=\"wp-block-media-text is-stacked-on-mobile is-image-fill is-image-fill-element\"><figure class=\"wp-block-media-text__media\" style=\"background-image:url(https:\/\/www.dbbc-bayern.de\/wp-content\/uploads\/2024\/12\/indi-bass-1024x576.jpg);background-position:50% 50%\"><img loading=\"lazy\" decoding=\"async\" width=\"1024\" height=\"576\" src=\"https:\/\/www.dbbc-bayern.de\/wp-content\/uploads\/2024\/12\/indi-bass-1024x576.jpg\" alt=\"\" class=\"wp-image-10980 size-full\" srcset=\"https:\/\/www.dbbc-bayern.de\/wp-content\/uploads\/2024\/12\/indi-bass-1024x576.jpg 1024w, https:\/\/www.dbbc-bayern.de\/wp-content\/uploads\/2024\/12\/indi-bass-300x169.jpg 300w, https:\/\/www.dbbc-bayern.de\/wp-content\/uploads\/2024\/12\/indi-bass-768x432.jpg 768w, https:\/\/www.dbbc-bayern.de\/wp-content\/uploads\/2024\/12\/indi-bass-1536x864.jpg 1536w, https:\/\/www.dbbc-bayern.de\/wp-content\/uploads\/2024\/12\/indi-bass-600x338.jpg 600w, https:\/\/www.dbbc-bayern.de\/wp-content\/uploads\/2024\/12\/indi-bass.jpg 1920w\" sizes=\"auto, (max-width: 1024px) 100vw, 1024px\" \/><\/figure><div class=\"wp-block-media-text__content\"><p>In addition to school-based training, we offer time slots for individualisation directly in the classroom: four 100-minute units per week. Two lessons per day.<\/p>\n\n<p>Pupils can choose between courses in sports, but also technology\/MINT, social, creative, music, languages and many more activities that encourage them to discover and develop their talents.<\/p>\n\n<p>We value uniqueness and specifically promote individuality. At the same time, we emphasise a sense of community. That is why we have created a modern living space on campus that is orientated towards the individual talents and needs of the young people entrusted to us.<\/p><\/div><\/div><div style=\"height:100px\" aria-hidden=\"true\" class=\"wp-block-spacer\"><\/div><p class=\"dbbc-overline\">Realising potential<\/p><h2 class=\"wp-block-heading\">Tutoring<\/h2><div class=\"wp-block-media-text has-media-on-the-right is-stacked-on-mobile is-image-fill is-image-fill-element\"><div class=\"wp-block-media-text__content\"><p>Our aim is to help our pupils achieve the best possible school-leaving qualification. They can receive targeted support and improve their performance through individualised support programmes.<\/p>\n\n<p>In addition to the use of modern technologies such as learning platforms and digital learning materials, we provide our students with targeted support in school matters, for example through holiday support before exams, exam simulations and presentation training.<\/p>\n\n<p>We regularly review and adapt our programmes to ensure that they meet the current needs of our students.<\/p><\/div><figure class=\"wp-block-media-text__media\" style=\"background-image:url(https:\/\/www.dbbc-bayern.de\/wp-content\/uploads\/2024\/12\/schueler-04-1024x576.jpg);background-position:50% 50%\"><img loading=\"lazy\" decoding=\"async\" width=\"1024\" height=\"576\" src=\"https:\/\/www.dbbc-bayern.de\/wp-content\/uploads\/2024\/12\/schueler-04-1024x576.jpg\" alt=\"\" class=\"wp-image-10981 size-full\" srcset=\"https:\/\/www.dbbc-bayern.de\/wp-content\/uploads\/2024\/12\/schueler-04-1024x576.jpg 1024w, https:\/\/www.dbbc-bayern.de\/wp-content\/uploads\/2024\/12\/schueler-04-300x169.jpg 300w, https:\/\/www.dbbc-bayern.de\/wp-content\/uploads\/2024\/12\/schueler-04-768x432.jpg 768w, https:\/\/www.dbbc-bayern.de\/wp-content\/uploads\/2024\/12\/schueler-04-1536x864.jpg 1536w, https:\/\/www.dbbc-bayern.de\/wp-content\/uploads\/2024\/12\/schueler-04-600x338.jpg 600w, https:\/\/www.dbbc-bayern.de\/wp-content\/uploads\/2024\/12\/schueler-04.jpg 1920w\" sizes=\"auto, (max-width: 1024px) 100vw, 1024px\" \/><\/figure><\/div><div style=\"height:100px\" aria-hidden=\"true\" class=\"wp-block-spacer\"><\/div><p class=\"dbbc-overline\">No degree without a connection<\/p><h2 class=\"wp-block-heading\">Perspective<\/h2><p>No graduation without a connection - with this goal in mind, we want to prepare our students optimally for the time after graduation. Vocational orientation begins at school and our targeted support programmes support the transition.<\/p><div class=\"wp-block-columns is-layout-flex wp-container-core-columns-is-layout-1 wp-block-columns-is-layout-flex\"><div class=\"wp-block-column is-layout-flow wp-block-column-is-layout-flow\"><h3 class=\"wp-block-heading\">Career orientation + career prospects<\/h3>\n\n<ul class=\"wp-block-list\"><li>Internships<\/li>\n\n<li>Visiting trade fairs<\/li>\n\n<li>Cooperation with the Federal Employment Agency<\/li>\n\n<li>Cooperation with the Rosenheim Chamber of Crafts<\/li>\n\n<li>IHK Scouts present their training occupations<\/li><\/ul>\n\n<p>Of course, secondary school pupils also have the opportunity to transfer seamlessly to our specialised secondary school after graduation or to obtain the international Abitur at our Cambridge International School.<\/p><\/div>\n\n<div class=\"wp-block-column is-layout-flow wp-block-column-is-layout-flow\"><h3 class=\"wp-block-heading\">International exchange programme<\/h3>\n\n<ul class=\"wp-block-list\"><li>Building an international network<\/li>\n\n<li>Mutual cultural exchange<\/li>\n\n<li>Reference school in the RTI Education Programme (first German school alongside Norway, Sweden, England, India)<\/li>\n\n<li>Founder and sponsor of the programme: Prince Kunwar Singh Ranawat (India, Udaipur)<\/li>\n\n<li>Further exchange programmes will follow<\/li><\/ul><\/div><\/div><div style=\"height:50px\" aria-hidden=\"true\" class=\"wp-block-spacer\"><\/div><hr class=\"wp-block-separator has-alpha-channel-opacity\"\/><div style=\"height:50px\" aria-hidden=\"true\" class=\"wp-block-spacer\"><\/div><p class=\"dbbc-overline\">Ready, Steady, Go!<\/p><h2 class=\"wp-block-heading\">Interested in our campus?<\/h2><p>We offer around 500 pupils from Bad Aibling, the Rosenheim area and far beyond the opportunity to pursue their individual goals and at the same time obtain the best possible personal school-leaving qualification. We want to make it as easy as possible to get started.<\/p><div class=\"wp-block-columns is-layout-flex wp-container-core-columns-is-layout-2 wp-block-columns-is-layout-flex\"><div class=\"wp-block-column is-layout-flow wp-block-column-is-layout-flow\"><p>That's why you can register with us at any time - even during the school year. If you are unsure about the right type of school, we will of course be happy to help and advise you.<\/p>\n\n<p>It is also easy to switch between school types at a later date. Pupils stay on campus, keep their friends and their social environment and parents don't have to make any changes either.<\/p><\/div>\n\n<div class=\"wp-block-column is-layout-flow wp-block-column-is-layout-flow\"><p>We offer campus tours or trial days to get a taste of what it's like, as well as trial training sessions for athletes.<\/p>\n\n<p>Our students come not only from Bad Aibling, but also from the catchment area of Rosenheim and beyond. This diversity enriches our school life and promotes lively interaction.<\/p><\/div><\/div><div class=\"block-icon-text w-full\" style=\"\">\n    <div class=\"grid grid-cols-1 lg:grid-cols-2 gap-x-16 gap-y-8 mt-16\">\n            <div class=\"icon-text flex gap-4 lg:gap-8 items-start\">\n          <div class=\"icon mb-4 inline-block not-prose\">\n            <div class=\"p-2 rounded-full bg-primary text-primary-inverse w-14 h-14 flex items-center justify-center\">\n                              <img decoding=\"async\" src=\"https:\/\/www.dbbc-bayern.de\/wp-content\/uploads\/2024\/12\/durchlaessigkeit.png\" alt=\"DBBC Icon\" class=\"w-8 h-auto\">\n                          <\/div>\n          <\/div>\n          <div class=\"copy -mt-6\"><h4>Registration possible at any time<\/h4>\n<p>Even during the school year.<\/p>\n<\/div>\n        <\/div>\n            <div class=\"icon-text flex gap-4 lg:gap-8 items-start\">\n          <div class=\"icon mb-4 inline-block not-prose\">\n            <div class=\"p-2 rounded-full bg-primary text-primary-inverse w-14 h-14 flex items-center justify-center\">\n                              <img decoding=\"async\" src=\"https:\/\/www.dbbc-bayern.de\/wp-content\/uploads\/2024\/12\/schulsystem.png\" alt=\"DBBC Icon\" class=\"w-8 h-auto\">\n                          <\/div>\n          <\/div>\n          <div class=\"copy -mt-6\"><h4>Campus tours<\/h4>\n<p>We would be happy to show you the campus in advance. Please contact us if you are interested.<\/p>\n<\/div>\n        <\/div>\n            <div class=\"icon-text flex gap-4 lg:gap-8 items-start\">\n          <div class=\"icon mb-4 inline-block not-prose\">\n            <div class=\"p-2 rounded-full bg-primary text-primary-inverse w-14 h-14 flex items-center justify-center\">\n                              <img decoding=\"async\" src=\"https:\/\/www.dbbc-bayern.de\/wp-content\/uploads\/2024\/12\/schulsystem.png\" alt=\"DBBC Icon\" class=\"w-8 h-auto\">\n                          <\/div>\n          <\/div>\n          <div class=\"copy -mt-6\"><h4>Prices<\/h4>\n<p>Prices vary depending on the type of school and the individualisations selected. Contact us for more information.<\/p>\n<\/div>\n        <\/div>\n        <\/div>\n<\/div><div style=\"height:50px\" aria-hidden=\"true\" class=\"wp-block-spacer\"><\/div><h3 class=\"wp-block-heading has-text-align-center\">We look forward to seeing you!<\/h3><div class=\"wp-block-buttons is-content-justification-center is-layout-flex wp-container-core-buttons-is-layout-1 wp-block-buttons-is-layout-flex\"><div class=\"wp-block-button\"><a class=\"wp-block-button__link has-background-color has-text-color has-background has-link-color wp-element-button\" href=\"\/en\/kontakt\/\" style=\"border-radius:0px;background-color:#8cbb3b\">Contact us<\/a><\/div><\/div><div style=\"height:100px\" aria-hidden=\"true\" class=\"wp-block-spacer\"><\/div>","protected":false},"excerpt":{"rendered":"<p>Unser Ziel Keine Sch\u00fclerin und kein Sch\u00fcler verl\u00e4sst die Schule ohne Schulabschluss Die Mittelschule bietet eine Lernumgebung, in der junge Menschen auf ihrem Weg in die Zukunft gef\u00f6rdert und unterst\u00fctzt werden. Unsere Sch\u00fclerinnen und Sch\u00fcler profitieren von einem engagierten und erfahrenen Lehrerteam, das sie dabei unterst\u00fctzt, ihre Talente voll auszusch\u00f6pfen und sich optimal auf ihre<a href=\"https:\/\/www.dbbc-bayern.de\/en\/schulen\/realschule\/\">Continue reading <span class=\"sr-only\">&#8222;Realschule&#8220;<\/span><\/a><\/p>","protected":false},"author":1789,"featured_media":0,"parent":10925,"menu_order":0,"comment_status":"closed","ping_status":"closed","template":"","meta":{"_acf_changed":false,"footnotes":""},"class_list":["post-10935","page","type-page","status-publish","hentry"],"acf":[],"_links":{"self":[{"href":"https:\/\/www.dbbc-bayern.de\/en\/wp-json\/wp\/v2\/pages\/10935","targetHints":{"allow":["GET"]}}],"collection":[{"href":"https:\/\/www.dbbc-bayern.de\/en\/wp-json\/wp\/v2\/pages"}],"about":[{"href":"https:\/\/www.dbbc-bayern.de\/en\/wp-json\/wp\/v2\/types\/page"}],"author":[{"embeddable":true,"href":"https:\/\/www.dbbc-bayern.de\/en\/wp-json\/wp\/v2\/users\/1789"}],"replies":[{"embeddable":true,"href":"https:\/\/www.dbbc-bayern.de\/en\/wp-json\/wp\/v2\/comments?post=10935"}],"version-history":[{"count":3,"href":"https:\/\/www.dbbc-bayern.de\/en\/wp-json\/wp\/v2\/pages\/10935\/revisions"}],"predecessor-version":[{"id":11061,"href":"https:\/\/www.dbbc-bayern.de\/en\/wp-json\/wp\/v2\/pages\/10935\/revisions\/11061"}],"up":[{"embeddable":true,"href":"https:\/\/www.dbbc-bayern.de\/en\/wp-json\/wp\/v2\/pages\/10925"}],"wp:attachment":[{"href":"https:\/\/www.dbbc-bayern.de\/en\/wp-json\/wp\/v2\/media?parent=10935"}],"curies":[{"name":"wp","href":"https:\/\/api.w.org\/{rel}","templated":true}]}}