{"id":10931,"date":"2024-12-09T11:17:54","date_gmt":"2024-12-09T10:17:54","guid":{"rendered":"https:\/\/portal.dbbc-bayern.de\/?page_id=10931"},"modified":"2024-12-09T12:40:57","modified_gmt":"2024-12-09T11:40:57","slug":"fachoberschule","status":"publish","type":"page","link":"https:\/\/www.dbbc-bayern.de\/en\/schulen\/fachoberschule\/","title":{"rendered":"Vocational secondary school: Fachoberschule"},"content":{"rendered":"<div class=\"hero full-width content-grid py-32 md:py-40 lg:pt-20 lg:pb-24 xl:pb-54 relative overflow-clip\" style=\"position: relative\">\n  <div class=\"full-width absolute inset-0 h-full w-full my-0\">\n    <img decoding=\"async\" src=\"https:\/\/www.dbbc-bayern.de\/wp-content\/themes\/dbbc\/theme\/images\/bg-pattern.jpg\" alt=\"DBBC\" class=\"absolute inset-0 my-0 w-full h-full object-cover\">\n  <\/div>\n  <div class=\"relative flex flex-col lg:flex-row gap-4 lg:gap-44 items-center\">\n\n    <div class=\"hero-main grow text-white lg:w-1\/2 lg:max-w-xl xl:max-w-3xl\">\n      <p class=\"dbbc-overline dbbc-overline-offset\">Success through practical relevance <\/p>\n      <h1 class=\"!mt-4 !mb-6 !text-white font-bold font-display\">Fachoberschule (FOS)<\/h1>\n      <div class=\"text-lg\"><p>Welcome to our specialised secondary school: Fachoberschule (FOS). Here we offer students a practice-oriented and high-quality education that optimally prepares them for a successful professional future or studies at a university of applied sciences. With customised curricula and a close link between theory and practice, we promote the potential of our students and create the basis for a wide range of academic and professional opportunities.<\/p>\n<p>At the Dietrich Bonhoeffer Bildungscampus we offer the branches BWR (Business Administration\/Accounting) and ABU (Agricultural Economics, Bio- &amp; Environmental Technology).<\/p>\n<\/div>\n    <\/div>\n\n    <div class=\"relative md:px-36 lg:px-0 lg:w-1\/2\">\n              \n        <figure class=\"max-w-full overflow-hidden\">\n          <img loading=\"lazy\" decoding=\"async\" width=\"1024\" height=\"986\" src=\"https:\/\/www.dbbc-bayern.de\/wp-content\/uploads\/2024\/12\/schueler-06.png\" class=\"herofront-img\" alt=\"\" srcset=\"https:\/\/www.dbbc-bayern.de\/wp-content\/uploads\/2024\/12\/schueler-06.png 1024w, https:\/\/www.dbbc-bayern.de\/wp-content\/uploads\/2024\/12\/schueler-06-300x289.png 300w, https:\/\/www.dbbc-bayern.de\/wp-content\/uploads\/2024\/12\/schueler-06-768x740.png 768w, https:\/\/www.dbbc-bayern.de\/wp-content\/uploads\/2024\/12\/schueler-06-600x578.png 600w\" sizes=\"auto, (max-width: 1024px) 100vw, 1024px\" \/>        <\/figure>\n        \n        \n          <\/div>\n  <\/div>\n\n  <svg class=\"full-width absolute bottom-0 left-0 w-full text-white h-12 md:h-20 lg:h-36 -scale-x-100\" xmlns=\"http:\/\/www.w3.org\/2000\/svg\" preserveaspectratio=\"none\" viewbox=\"0 0 960 161.55\"><path fill=\"#ffffff\" d=\"m844.84,34.33c-14.76,2.95-29.86,5.57-44.95,4.59-38.72-1.64-67.26-4.43-99.74-25.08-15.09-9.51-33.46-17.05-50.85-12.46-40.03,10.16-46.92,43.77-86.94,54.26-21.33,5.57-34.51,4.6-53.35,15.9-10,6-47,46-101,19-31.51-15.75-76.32-12.96-109,2s-47.03,50.97-80.82,49.98c-13.45-.66-25.92-5.57-39.37-7.54-32.48-4.92-64.63,8.2-96.79,15.08-27.56,6.23-60.04,6.23-82.02-10.49v21.97h960v-67.87c-26.58-36.07-68.24-68.53-115.16-59.35\"><\/path><\/svg>\n<\/div><p class=\"dbbc-overline\">Theory &amp; practice combined<\/p><h2 class=\"wp-block-heading\">Practical education with a future<\/h2><div class=\"wp-block-media-text is-stacked-on-mobile is-image-fill is-image-fill-element\"><figure class=\"wp-block-media-text__media\" style=\"background-image:url(https:\/\/www.dbbc-bayern.de\/wp-content\/uploads\/2024\/12\/schule-topview.jpg);background-position:50% 50%\"><img loading=\"lazy\" decoding=\"async\" width=\"624\" height=\"352\" src=\"https:\/\/www.dbbc-bayern.de\/wp-content\/uploads\/2024\/12\/schule-topview.jpg\" alt=\"\" class=\"wp-image-10974 size-full\" srcset=\"https:\/\/www.dbbc-bayern.de\/wp-content\/uploads\/2024\/12\/schule-topview.jpg 624w, https:\/\/www.dbbc-bayern.de\/wp-content\/uploads\/2024\/12\/schule-topview-300x169.jpg 300w, https:\/\/www.dbbc-bayern.de\/wp-content\/uploads\/2024\/12\/schule-topview-600x338.jpg 600w\" sizes=\"auto, (max-width: 624px) 100vw, 624px\" \/><\/figure><div class=\"wp-block-media-text__content\"><p>The Fachoberschule is characterised by a high-quality and practical education that is individually tailored to the needs and interests of the students.<\/p>\n\n<p>Our dedicated and experienced team of teachers accompanies the students on their path to a professional future and prepares them for both the university entrance qualification and a dual training programme. By combining theoretical knowledge with practical application, the students are ideally prepared to enter their desired profession.<\/p>\n\n<p>We view education as a holistic process that requires the successful combination of FORMAL EDUCATION and INFORMAL EDUCATION. Our campus offers a wide range of opportunities for this and creates optimal conditions for the educational success of our pupils.<\/p><\/div><\/div><hr class=\"wp-block-separator has-alpha-channel-opacity\"\/><p class=\"dbbc-overline\">Focus on individuality<\/p><h2 class=\"wp-block-heading\">Our Concept<\/h2><div class=\"wp-block-media-text has-media-on-the-right is-stacked-on-mobile is-image-fill is-image-fill-element\"><div class=\"wp-block-media-text__content\"><p>The Dietrich Bonhoeffer Bildungscampus was developed as an all-day school in order to offer parents reliable and pedagogically sound care for their children.<\/p>\n\n<p>This gives pupils much more time to develop their skills and interests. We encourage this through our wide range of individualised activities in the areas of sport, but also technology\/science, social, creative, music, languages and many more activities that encourage pupils to discover and develop their talents.<\/p>\n\n<h3 class=\"wp-block-heading\">Private time is private time<\/h3>\n\n<p>Pupils usually complete their written homework at school and can prepare for exams under pedagogical guidance. After school, they can devote themselves entirely to their free time.<\/p>\n\n<p>Lessons start at 08:05 and end at 16:05. On Fridays, lessons end at 13:25.<\/p><\/div><figure class=\"wp-block-media-text__media\" style=\"background-image:url(https:\/\/www.dbbc-bayern.de\/wp-content\/uploads\/2024\/12\/schueler-03-1024x576.jpg);background-position:70% 46%\"><img loading=\"lazy\" decoding=\"async\" width=\"1024\" height=\"576\" src=\"https:\/\/www.dbbc-bayern.de\/wp-content\/uploads\/2024\/12\/schueler-03-1024x576.jpg\" alt=\"\" class=\"wp-image-10973 size-full\" srcset=\"https:\/\/www.dbbc-bayern.de\/wp-content\/uploads\/2024\/12\/schueler-03-1024x576.jpg 1024w, https:\/\/www.dbbc-bayern.de\/wp-content\/uploads\/2024\/12\/schueler-03-300x169.jpg 300w, https:\/\/www.dbbc-bayern.de\/wp-content\/uploads\/2024\/12\/schueler-03-768x432.jpg 768w, https:\/\/www.dbbc-bayern.de\/wp-content\/uploads\/2024\/12\/schueler-03-1536x864.jpg 1536w, https:\/\/www.dbbc-bayern.de\/wp-content\/uploads\/2024\/12\/schueler-03-600x338.jpg 600w, https:\/\/www.dbbc-bayern.de\/wp-content\/uploads\/2024\/12\/schueler-03.jpg 1920w\" sizes=\"auto, (max-width: 1024px) 100vw, 1024px\" \/><\/figure><\/div><hr class=\"wp-block-separator has-alpha-channel-opacity\"\/><h2 class=\"wp-block-heading\">Ready for general higher education in two years<\/h2><p>Our Fachoberschule (FOS) is a place where students have the opportunity to prepare for the general higher education entrance qualification in just two years. In this short period of time, we not only impart theoretical knowledge, but also place a special focus on practical application. Our aim is to prepare our graduates in the best possible way for a wide range of professional and academic paths.<\/p><h3 class=\"wp-block-heading\">Business and administration branch<\/h3><p>Our Business and Administration branch offers students a broad foundation in business and administration-related topics. Practical projects and lessons prepare them for a variety of business degree programmes and careers by giving them a deep understanding of business processes.<\/p><p class=\"dbbc-overline\">New from the 2024\/2025 school year:<\/p><h3 class=\"wp-block-heading\">Branch Agriculture, Bio- &amp; Environmental Technology<\/h3><p>ABU stands for Agricultural Economics, Bio- &amp; Environmental Technology. In addition to the general education subjects, the profile of the course is characterised by teaching in several scientific subjects such as biology, chemistry, physics and technology. Subject-specific working methods, modern working techniques and current research methods are covered. The programme also focuses on subjects such as microbiology, ecology, genetics and metabolism. In addition to the theoretical background, a further focus is on practical work: Experimentation, microscopy and investigation form central teaching components. In addition to basic chemistry, environmental issues and the basics of soil and plant science also play an important role. Practical training offers diverse and interesting opportunities to gain an insight into professions and work processes and to gain important initial practical experience in the fields of ecology, chemical and environmental technology or agriculture, forestry, horticulture and landscaping.<\/p><p>The ABU specialisation therefore offers a contemporary and future-oriented basic education in the socially relevant areas of sustainability and responsible action. Topics such as nutrition and environmental protection, which are particularly relevant to the younger generation, are also discussed in depth.<\/p><p>In preparation for subsequent studies, ABU provides the foundations for degree programmes in the fields of biology and environment, nutritional science and food technology or medicine, health and sport and is therefore a promising, very broad and often interesting branch of education.<\/p><h3 class=\"wp-block-heading\">Perspective<\/h3><p>Graduates with the general entrance qualification for universities of applied sciences open up numerous academic and professional prospects. This qualification gives them access to universities of applied sciences and universities of applied sciences, where they can deepen and expand their specialist knowledge in a variety of degree programmes. There are technical, economic, social and artistic degree programmes available that are tailored to the requirements of the modern working world and offer practical training.<\/p><p>In addition, graduates of the Fachoberschule have the opportunity to acquire the general higher education entrance qualification via FOS 13. This opens further doors for studying at universities, in addition to the universities of applied sciences and universities of applied sciences that are already accessible.<\/p><p>As a speciality, our Cambridge International School offers the opportunity to obtain the International Baccalaureate in just 1 year.<\/p><p>In the professional field, the general entrance qualification for universities of applied sciences opens up attractive prospects, as graduates can enter the labour market directly and qualify for demanding positions in a wide range of industries. The combination of theoretical knowledge and practical skills acquired during the course makes them sought-after specialists in companies, organisations and institutions.<\/p><hr class=\"wp-block-separator has-alpha-channel-opacity\"\/><p class=\"dbbc-overline\">Responsible digital<\/p><h2 class=\"wp-block-heading\">Digitalisation and digitality<\/h2><div class=\"wp-block-media-text is-stacked-on-mobile is-image-fill is-image-fill-element\"><figure class=\"wp-block-media-text__media\" style=\"background-image:url(https:\/\/www.dbbc-bayern.de\/wp-content\/uploads\/2024\/12\/student-tablet-1024x576.jpg);background-position:50% 50%\"><img loading=\"lazy\" decoding=\"async\" width=\"1024\" height=\"576\" src=\"https:\/\/www.dbbc-bayern.de\/wp-content\/uploads\/2024\/12\/student-tablet-1024x576.jpg\" alt=\"\" class=\"wp-image-10979 size-full\" srcset=\"https:\/\/www.dbbc-bayern.de\/wp-content\/uploads\/2024\/12\/student-tablet-1024x576.jpg 1024w, https:\/\/www.dbbc-bayern.de\/wp-content\/uploads\/2024\/12\/student-tablet-300x169.jpg 300w, https:\/\/www.dbbc-bayern.de\/wp-content\/uploads\/2024\/12\/student-tablet-768x432.jpg 768w, https:\/\/www.dbbc-bayern.de\/wp-content\/uploads\/2024\/12\/student-tablet-1536x864.jpg 1536w, https:\/\/www.dbbc-bayern.de\/wp-content\/uploads\/2024\/12\/student-tablet-600x338.jpg 600w, https:\/\/www.dbbc-bayern.de\/wp-content\/uploads\/2024\/12\/student-tablet.jpg 1920w\" sizes=\"auto, (max-width: 1024px) 100vw, 1024px\" \/><\/figure><div class=\"wp-block-media-text__content\"><p>Working with electronic media has become an integral part of today's working world. The Dietrich Bonhoeffer Bildungscampus is also facing up to these requirements and is preparing pupils accordingly by integrating technology into lessons. Our main aim is to use a sensible mix of \"analogue\" and \"digital\" technology.<\/p>\n\n<p>Both handwriting and the use of digital media result in modern learning skills. Recognising limits and opportunities - for us, this includes the independent use of both technologies and methods. We are breaking new ground here.<\/p>\n\n<p>All pupils work with laptops (\"bring your own device\") and learn in classrooms with interactive touchscreens. We utilise modern ways and possibilities of the digital world in both sport and school.<\/p><\/div><\/div><div style=\"height:100px\" aria-hidden=\"true\" class=\"wp-block-spacer\"><\/div><p class=\"dbbc-overline\">4\u00d7100 minutes per week<\/p><h2 class=\"wp-block-heading\">Individualisations<\/h2><div class=\"wp-block-media-text is-stacked-on-mobile is-image-fill is-image-fill-element\"><figure class=\"wp-block-media-text__media\" style=\"background-image:url(https:\/\/www.dbbc-bayern.de\/wp-content\/uploads\/2024\/12\/indi-bass-1024x576.jpg);background-position:50% 50%\"><img loading=\"lazy\" decoding=\"async\" width=\"1024\" height=\"576\" src=\"https:\/\/www.dbbc-bayern.de\/wp-content\/uploads\/2024\/12\/indi-bass-1024x576.jpg\" alt=\"\" class=\"wp-image-10980 size-full\" srcset=\"https:\/\/www.dbbc-bayern.de\/wp-content\/uploads\/2024\/12\/indi-bass-1024x576.jpg 1024w, https:\/\/www.dbbc-bayern.de\/wp-content\/uploads\/2024\/12\/indi-bass-300x169.jpg 300w, https:\/\/www.dbbc-bayern.de\/wp-content\/uploads\/2024\/12\/indi-bass-768x432.jpg 768w, https:\/\/www.dbbc-bayern.de\/wp-content\/uploads\/2024\/12\/indi-bass-1536x864.jpg 1536w, https:\/\/www.dbbc-bayern.de\/wp-content\/uploads\/2024\/12\/indi-bass-600x338.jpg 600w, https:\/\/www.dbbc-bayern.de\/wp-content\/uploads\/2024\/12\/indi-bass.jpg 1920w\" sizes=\"auto, (max-width: 1024px) 100vw, 1024px\" \/><\/figure><div class=\"wp-block-media-text__content\"><p>In addition to school-based training, we offer time slots for individualisation directly in the classroom: four 100-minute units per week. Two lessons per day.<\/p>\n\n<p>Pupils can choose between courses in sports, but also technology\/MINT, social, creative, music, languages and many more activities that encourage them to discover and develop their talents.<\/p>\n\n<p>We value uniqueness and specifically promote individuality. At the same time, we emphasise a sense of community. That is why we have created a modern living space on campus that is orientated towards the individual talents and needs of the young people entrusted to us.<\/p><\/div><\/div><div style=\"height:100px\" aria-hidden=\"true\" class=\"wp-block-spacer\"><\/div><p class=\"dbbc-overline\">Realising potential<\/p><h2 class=\"wp-block-heading\">Tutoring<\/h2><div class=\"wp-block-media-text has-media-on-the-right is-stacked-on-mobile is-image-fill is-image-fill-element\"><div class=\"wp-block-media-text__content\"><p>Our aim is to help our pupils achieve the best possible school-leaving qualification. They can receive targeted support and improve their performance through individualised support programmes.<\/p>\n\n<p>In addition to the use of modern technologies such as learning platforms and digital learning materials, we provide our students with targeted support in school matters, for example through holiday support before exams, exam simulations and presentation training.<\/p>\n\n<p>We regularly review and adapt our programmes to ensure that they meet the current needs of our students.<\/p><\/div><figure class=\"wp-block-media-text__media\" style=\"background-image:url(https:\/\/www.dbbc-bayern.de\/wp-content\/uploads\/2024\/12\/schueler-04-1024x576.jpg);background-position:50% 50%\"><img loading=\"lazy\" decoding=\"async\" width=\"1024\" height=\"576\" src=\"https:\/\/www.dbbc-bayern.de\/wp-content\/uploads\/2024\/12\/schueler-04-1024x576.jpg\" alt=\"\" class=\"wp-image-10981 size-full\" srcset=\"https:\/\/www.dbbc-bayern.de\/wp-content\/uploads\/2024\/12\/schueler-04-1024x576.jpg 1024w, https:\/\/www.dbbc-bayern.de\/wp-content\/uploads\/2024\/12\/schueler-04-300x169.jpg 300w, https:\/\/www.dbbc-bayern.de\/wp-content\/uploads\/2024\/12\/schueler-04-768x432.jpg 768w, https:\/\/www.dbbc-bayern.de\/wp-content\/uploads\/2024\/12\/schueler-04-1536x864.jpg 1536w, https:\/\/www.dbbc-bayern.de\/wp-content\/uploads\/2024\/12\/schueler-04-600x338.jpg 600w, https:\/\/www.dbbc-bayern.de\/wp-content\/uploads\/2024\/12\/schueler-04.jpg 1920w\" sizes=\"auto, (max-width: 1024px) 100vw, 1024px\" \/><\/figure><\/div><div style=\"height:100px\" aria-hidden=\"true\" class=\"wp-block-spacer\"><\/div><p class=\"dbbc-overline\">No degree without a connection<\/p><h2 class=\"wp-block-heading\">Perspective<\/h2><p>No graduation without a connection - with this goal in mind, we want to prepare our students optimally for the time after graduation. Vocational orientation begins at school and our targeted support programmes support the transition.<\/p><div class=\"wp-block-columns is-layout-flex wp-container-core-columns-is-layout-1 wp-block-columns-is-layout-flex\"><div class=\"wp-block-column is-layout-flow wp-block-column-is-layout-flow\"><h3 class=\"wp-block-heading\">Career orientation + career prospects<\/h3>\n\n<ul class=\"wp-block-list\"><li>Internships<\/li>\n\n<li>Visiting trade fairs<\/li>\n\n<li>Cooperation with the Federal Employment Agency<\/li>\n\n<li>Cooperation with the Rosenheim Chamber of Crafts<\/li>\n\n<li>IHK Scouts present their training occupations<\/li><\/ul>\n\n<p>Of course, secondary school pupils also have the opportunity to transfer seamlessly to our specialised secondary school after graduation or to obtain the international Abitur at our Cambridge International School.<\/p><\/div>\n\n<div class=\"wp-block-column is-layout-flow wp-block-column-is-layout-flow\"><h3 class=\"wp-block-heading\">International exchange programme<\/h3>\n\n<ul class=\"wp-block-list\"><li>Building an international network<\/li>\n\n<li>Mutual cultural exchange<\/li>\n\n<li>Reference school in the RTI Education Programme (first German school alongside Norway, Sweden, England, India)<\/li>\n\n<li>Founder and sponsor of the programme: Prince Kunwar Singh Ranawat (India, Udaipur)<\/li>\n\n<li>Further exchange programmes will follow<\/li><\/ul><\/div><\/div><div style=\"height:50px\" aria-hidden=\"true\" class=\"wp-block-spacer\"><\/div><hr class=\"wp-block-separator has-alpha-channel-opacity\"\/><div style=\"height:50px\" aria-hidden=\"true\" class=\"wp-block-spacer\"><\/div><p class=\"dbbc-overline\">Ready, Steady, Go!<\/p><h2 class=\"wp-block-heading\">Interested in our campus?<\/h2><p>We offer around 500 pupils from Bad Aibling, the Rosenheim area and far beyond the opportunity to pursue their individual goals and at the same time obtain the best possible personal school-leaving qualification. We want to make it as easy as possible to get started.<\/p><div class=\"wp-block-columns is-layout-flex wp-container-core-columns-is-layout-2 wp-block-columns-is-layout-flex\"><div class=\"wp-block-column is-layout-flow wp-block-column-is-layout-flow\"><p>That's why you can register with us at any time - even during the school year. If you are unsure about the right type of school, we will of course be happy to help and advise you.<\/p>\n\n<p>It is also easy to switch between school types at a later date. Pupils stay on campus, keep their friends and their social environment and parents don't have to make any changes either.<\/p><\/div>\n\n<div class=\"wp-block-column is-layout-flow wp-block-column-is-layout-flow\"><p>We offer campus tours or trial days to get a taste of what it's like, as well as trial training sessions for athletes.<\/p>\n\n<p>Our students come not only from Bad Aibling, but also from the catchment area of Rosenheim and beyond. This diversity enriches our school life and promotes lively interaction.<\/p><\/div><\/div><div class=\"block-icon-text w-full\" style=\"\">\n    <div class=\"grid grid-cols-1 lg:grid-cols-2 gap-x-16 gap-y-8 mt-16\">\n            <div class=\"icon-text flex gap-4 lg:gap-8 items-start\">\n          <div class=\"icon mb-4 inline-block not-prose\">\n            <div class=\"p-2 rounded-full bg-primary text-primary-inverse w-14 h-14 flex items-center justify-center\">\n                              <img decoding=\"async\" src=\"https:\/\/www.dbbc-bayern.de\/wp-content\/uploads\/2024\/12\/durchlaessigkeit.png\" alt=\"DBBC Icon\" class=\"w-8 h-auto\">\n                          <\/div>\n          <\/div>\n          <div class=\"copy -mt-6\"><h4>Registration possible at any time<\/h4>\n<p>Even during the school year.<\/p>\n<\/div>\n        <\/div>\n            <div class=\"icon-text flex gap-4 lg:gap-8 items-start\">\n          <div class=\"icon mb-4 inline-block not-prose\">\n            <div class=\"p-2 rounded-full bg-primary text-primary-inverse w-14 h-14 flex items-center justify-center\">\n                              <img decoding=\"async\" src=\"https:\/\/www.dbbc-bayern.de\/wp-content\/uploads\/2024\/12\/schulsystem.png\" alt=\"DBBC Icon\" class=\"w-8 h-auto\">\n                          <\/div>\n          <\/div>\n          <div class=\"copy -mt-6\"><h4>Campus tours<\/h4>\n<p>We would be happy to show you the campus in advance. Please contact us if you are interested.<\/p>\n<\/div>\n        <\/div>\n            <div class=\"icon-text flex gap-4 lg:gap-8 items-start\">\n          <div class=\"icon mb-4 inline-block not-prose\">\n            <div class=\"p-2 rounded-full bg-primary text-primary-inverse w-14 h-14 flex items-center justify-center\">\n                              <img decoding=\"async\" src=\"https:\/\/www.dbbc-bayern.de\/wp-content\/uploads\/2024\/12\/schulsystem.png\" alt=\"DBBC Icon\" class=\"w-8 h-auto\">\n                          <\/div>\n          <\/div>\n          <div class=\"copy -mt-6\"><h4>Prices<\/h4>\n<p>Prices vary depending on the type of school and the individualisations selected. Contact us for more information.<\/p>\n<\/div>\n        <\/div>\n        <\/div>\n<\/div><div style=\"height:50px\" aria-hidden=\"true\" class=\"wp-block-spacer\"><\/div><h3 class=\"wp-block-heading has-text-align-center\">We look forward to seeing you!<\/h3><div class=\"wp-block-buttons is-content-justification-center is-layout-flex wp-container-core-buttons-is-layout-1 wp-block-buttons-is-layout-flex\"><div class=\"wp-block-button\"><a class=\"wp-block-button__link has-background-color has-text-color has-background has-link-color wp-element-button\" href=\"\/en\/kontakt\/\" style=\"border-radius:0px;background-color:#8cbb3b\">Contact us<\/a><\/div><\/div><div style=\"height:100px\" aria-hidden=\"true\" class=\"wp-block-spacer\"><\/div>","protected":false},"excerpt":{"rendered":"<p>Theorie &amp; Praxis vereint Praxisnahe Bildung mit Zukunft Die Fachoberschule zeichnet sich durch eine qualitativ hochwertige und praxisnahe Ausbildung aus, die individuell auf die Bed\u00fcrfnisse und Interessen der Sch\u00fclerinnen und Sch\u00fcler zugeschnitten ist. Unser engagiertes und erfahrenes Lehrerteam begleitet die Sch\u00fcler auf ihrem Weg in die berufliche Zukunft und bereitet sie sowohl auf die Fachhochschulreife<a href=\"https:\/\/www.dbbc-bayern.de\/en\/schulen\/fachoberschule\/\">Continue reading <span class=\"sr-only\">&#8222;Fachoberschule&#8220;<\/span><\/a><\/p>","protected":false},"author":1789,"featured_media":0,"parent":10925,"menu_order":0,"comment_status":"closed","ping_status":"closed","template":"","meta":{"_acf_changed":false,"footnotes":""},"class_list":["post-10931","page","type-page","status-publish","hentry"],"acf":[],"_links":{"self":[{"href":"https:\/\/www.dbbc-bayern.de\/en\/wp-json\/wp\/v2\/pages\/10931","targetHints":{"allow":["GET"]}}],"collection":[{"href":"https:\/\/www.dbbc-bayern.de\/en\/wp-json\/wp\/v2\/pages"}],"about":[{"href":"https:\/\/www.dbbc-bayern.de\/en\/wp-json\/wp\/v2\/types\/page"}],"author":[{"embeddable":true,"href":"https:\/\/www.dbbc-bayern.de\/en\/wp-json\/wp\/v2\/users\/1789"}],"replies":[{"embeddable":true,"href":"https:\/\/www.dbbc-bayern.de\/en\/wp-json\/wp\/v2\/comments?post=10931"}],"version-history":[{"count":2,"href":"https:\/\/www.dbbc-bayern.de\/en\/wp-json\/wp\/v2\/pages\/10931\/revisions"}],"predecessor-version":[{"id":11057,"href":"https:\/\/www.dbbc-bayern.de\/en\/wp-json\/wp\/v2\/pages\/10931\/revisions\/11057"}],"up":[{"embeddable":true,"href":"https:\/\/www.dbbc-bayern.de\/en\/wp-json\/wp\/v2\/pages\/10925"}],"wp:attachment":[{"href":"https:\/\/www.dbbc-bayern.de\/en\/wp-json\/wp\/v2\/media?parent=10931"}],"curies":[{"name":"wp","href":"https:\/\/api.w.org\/{rel}","templated":true}]}}