{"id":10929,"date":"2024-12-09T11:15:12","date_gmt":"2024-12-09T10:15:12","guid":{"rendered":"https:\/\/portal.dbbc-bayern.de\/?page_id=10929"},"modified":"2025-07-01T11:17:27","modified_gmt":"2025-07-01T09:17:27","slug":"cambridge-international-school","status":"publish","type":"page","link":"https:\/\/www.dbbc-bayern.de\/en\/schulen\/cambridge-international-school\/","title":{"rendered":"Cambridge International School"},"content":{"rendered":"<div class=\"hero full-width content-grid py-32 md:py-40 lg:pt-20 lg:pb-24 xl:pb-54 relative overflow-clip\" style=\"position: relative\">\n  <div class=\"full-width absolute inset-0 h-full w-full my-0\">\n    <img decoding=\"async\" src=\"https:\/\/www.dbbc-bayern.de\/wp-content\/themes\/dbbc\/theme\/images\/bg-pattern.jpg\" alt=\"DBBC\" class=\"absolute inset-0 my-0 w-full h-full object-cover\">\n  <\/div>\n  <div class=\"relative flex flex-col lg:flex-row gap-4 lg:gap-44 items-center\">\n\n    <div class=\"hero-main grow text-white lg:w-1\/2 lg:max-w-xl xl:max-w-3xl\">\n      <p class=\"dbbc-overline dbbc-overline-offset\">Cambridge International School <\/p>\n      <h1 class=\"!mt-4 !mb-6 !text-white font-bold font-display\">international \"Abitur\"<\/h1>\n      <div class=\"text-lg\"><p>With the AICE Diploma from Cambridge International, all doors are open for your studies. Directly and without detours at universities in Bavaria, Germany or the big wide world.<\/p>\n<\/div>\n    <\/div>\n\n    <div class=\"relative md:px-36 lg:px-0 lg:w-1\/2\">\n              \n        <figure class=\"max-w-full overflow-hidden\">\n          <img loading=\"lazy\" decoding=\"async\" width=\"1024\" height=\"986\" src=\"https:\/\/www.dbbc-bayern.de\/wp-content\/uploads\/2024\/12\/schueler-04.png\" class=\"herofront-img\" alt=\"\" srcset=\"https:\/\/www.dbbc-bayern.de\/wp-content\/uploads\/2024\/12\/schueler-04.png 1024w, https:\/\/www.dbbc-bayern.de\/wp-content\/uploads\/2024\/12\/schueler-04-300x289.png 300w, https:\/\/www.dbbc-bayern.de\/wp-content\/uploads\/2024\/12\/schueler-04-768x740.png 768w, https:\/\/www.dbbc-bayern.de\/wp-content\/uploads\/2024\/12\/schueler-04-600x578.png 600w\" sizes=\"auto, (max-width: 1024px) 100vw, 1024px\" \/>        <\/figure>\n        \n        \n          <\/div>\n  <\/div>\n\n  <svg class=\"full-width absolute bottom-0 left-0 w-full text-white h-12 md:h-20 lg:h-36 -scale-x-100\" xmlns=\"http:\/\/www.w3.org\/2000\/svg\" preserveaspectratio=\"none\" viewbox=\"0 0 960 161.55\"><path fill=\"#ffffff\" d=\"m844.84,34.33c-14.76,2.95-29.86,5.57-44.95,4.59-38.72-1.64-67.26-4.43-99.74-25.08-15.09-9.51-33.46-17.05-50.85-12.46-40.03,10.16-46.92,43.77-86.94,54.26-21.33,5.57-34.51,4.6-53.35,15.9-10,6-47,46-101,19-31.51-15.75-76.32-12.96-109,2s-47.03,50.97-80.82,49.98c-13.45-.66-25.92-5.57-39.37-7.54-32.48-4.92-64.63,8.2-96.79,15.08-27.56,6.23-60.04,6.23-82.02-10.49v21.97h960v-67.87c-26.58-36.07-68.24-68.53-115.16-59.35\"><\/path><\/svg>\n<\/div><p class=\"dbbc-overline\">Preparing for the World of Tomorrow<\/p><h2 class=\"wp-block-heading\">Global Educational Excellence for a Successful Future<\/h2><div class=\"wp-block-media-text is-stacked-on-mobile is-image-fill-element\"><figure class=\"wp-block-media-text__media\"><img loading=\"lazy\" decoding=\"async\" width=\"624\" height=\"352\" src=\"https:\/\/www.dbbc-bayern.de\/wp-content\/uploads\/2024\/12\/schule-topview.jpg\" alt=\"\" class=\"wp-image-10974 size-full\" style=\"object-position:50% 50%\" srcset=\"https:\/\/www.dbbc-bayern.de\/wp-content\/uploads\/2024\/12\/schule-topview.jpg 624w, https:\/\/www.dbbc-bayern.de\/wp-content\/uploads\/2024\/12\/schule-topview-300x169.jpg 300w, https:\/\/www.dbbc-bayern.de\/wp-content\/uploads\/2024\/12\/schule-topview-600x338.jpg 600w\" sizes=\"auto, (max-width: 624px) 100vw, 624px\" \/><\/figure><div class=\"wp-block-media-text__content\"><p>The Cambridge International School is based on the curricula and examinations of the renowned Cambridge Assessment International Education and promotes critical thinking, problem-solving skills, and intercultural understanding. Curricula are individually tailored to enable students to realize their potential in a challenging environment.<\/p>\n\n<p>A significant advantage of a Cambridge International School lies in the internationally recognized qualification of the Cambridge Advanced International Certificate of Education (AICE) Diploma. These qualifications are valued and recognized by universities and employers worldwide, providing graduates with a wide range of academic and professional opportunities.<\/p><\/div><\/div><hr class=\"wp-block-separator has-alpha-channel-opacity\"\/><p class=\"dbbc-overline\">TUITION Language: English<\/p><h2 class=\"wp-block-heading\">Cambridge AICE Diploma<\/h2><p><strong>(&#8222;Internationales Abitur&#8220;)<\/strong><\/p><p>At Dietrich Bonhoeffer Educational Campus, we offer the Cambridge Advanced Program. You can choose between a&nbsp;<strong>one-year and a two-year program<\/strong>. Both end with the AICE Diploma, which is recognised as the \"International Abitur\" and is equivalent to the German Abitur. It should be emphasised that for the university entrance qualification&nbsp;<strong>no second foreign language<\/strong>&nbsp;is necessary.<\/p><div class=\"wp-block-columns is-layout-flex wp-container-core-columns-is-layout-1 wp-block-columns-is-layout-flex\"><div class=\"wp-block-column is-layout-flow wp-block-column-is-layout-flow\"><p><strong>Subjects AICE Diploma in one or two school years:<\/strong><\/p>\n\n<ul class=\"wp-block-list\"><li>German<\/li>\n\n<li>Economy<\/li>\n\n<li>Mathematics<\/li>\n\n<li>Global Perspectives<\/li><\/ul>\n\n<p>The chosen subjects are predominantly taught in English. Subject combinations and support options are arranged individually.<\/p>\n\n<p>The written examinations take place in May and June. There is only one oral exam - in German.<\/p><\/div>\n\n<div class=\"wp-block-column is-layout-flow wp-block-column-is-layout-flow\"><p><strong>Who?<\/strong><\/p>\n\n<p>Prerequisite: Secondary school leaving certificate (\"Mittlere Reife\") or 10 successfully completed school years<\/p>\n\n<p>Students with a good command of English (B1+) and German (A2+)<\/p>\n\n<p><strong>WITH...<\/strong><\/p>\n\n<ul class=\"wp-block-list\"><li>Recognised by universities - in Germany and worldwide<\/li>\n\n<li>only four subjects<\/li>\n\n<li>Preparation for university (subject: Global Perspectives)<\/li><\/ul>\n\n<p><strong>WITHOUT...<\/strong><\/p>\n\n<ul class=\"wp-block-list\"><li>second foreign language<\/li><\/ul><\/div><\/div><div style=\"height:50px\" aria-hidden=\"true\" class=\"wp-block-spacer\"><\/div><hr class=\"wp-block-separator has-alpha-channel-opacity\"\/><div style=\"height:50px\" aria-hidden=\"true\" class=\"wp-block-spacer\"><\/div><p class=\"dbbc-overline\">Ready, Steady, Go!<\/p><h2 class=\"wp-block-heading\">Interested in our campus?<\/h2><p>We offer around 500 pupils from Bad Aibling, the Rosenheim area and far beyond the opportunity to pursue their individual goals and at the same time obtain the best possible personal school-leaving qualification. We want to make it as easy as possible to get started.<\/p><div class=\"wp-block-columns is-layout-flex wp-container-core-columns-is-layout-2 wp-block-columns-is-layout-flex\"><div class=\"wp-block-column is-layout-flow wp-block-column-is-layout-flow\"><p>That's why you can register with us at any time - even during the school year. If you are unsure about the right type of school, we will of course be happy to help and advise you.<\/p>\n\n<p>It is also easy to switch between school types at a later date. Pupils stay on campus, keep their friends and their social environment and parents don't have to make any changes either.<\/p><\/div>\n\n<div class=\"wp-block-column is-layout-flow wp-block-column-is-layout-flow\"><p>We offer campus tours or trial days to get a taste of what it's like, as well as trial training sessions for athletes.<\/p>\n\n<p>Our students come not only from Bad Aibling, but also from the catchment area of Rosenheim and beyond. This diversity enriches our school life and promotes lively interaction.<\/p><\/div><\/div><div class=\"block-icon-text w-full\" style=\"\">\n    <div class=\"grid grid-cols-1 lg:grid-cols-2 gap-x-16 gap-y-8 mt-16\">\n            <div class=\"icon-text flex gap-4 lg:gap-8 items-start\">\n          <div class=\"icon mb-4 inline-block not-prose\">\n            <div class=\"p-2 rounded-full bg-primary text-primary-inverse w-14 h-14 flex items-center justify-center\">\n                              <img decoding=\"async\" src=\"https:\/\/www.dbbc-bayern.de\/wp-content\/uploads\/2024\/12\/durchlaessigkeit.png\" alt=\"DBBC Icon\" class=\"w-8 h-auto\">\n                          <\/div>\n          <\/div>\n          <div class=\"copy -mt-6\"><h4>Registration possible at any time<\/h4>\n<p>Even during the school year.<\/p>\n<\/div>\n        <\/div>\n            <div class=\"icon-text flex gap-4 lg:gap-8 items-start\">\n          <div class=\"icon mb-4 inline-block not-prose\">\n            <div class=\"p-2 rounded-full bg-primary text-primary-inverse w-14 h-14 flex items-center justify-center\">\n                              <img decoding=\"async\" src=\"https:\/\/www.dbbc-bayern.de\/wp-content\/uploads\/2024\/12\/schulsystem.png\" alt=\"DBBC Icon\" class=\"w-8 h-auto\">\n                          <\/div>\n          <\/div>\n          <div class=\"copy -mt-6\"><h4>Campus tours<\/h4>\n<p>We would be happy to show you the campus in advance. Please contact us if you are interested.<\/p>\n<\/div>\n        <\/div>\n            <div class=\"icon-text flex gap-4 lg:gap-8 items-start\">\n          <div class=\"icon mb-4 inline-block not-prose\">\n            <div class=\"p-2 rounded-full bg-primary text-primary-inverse w-14 h-14 flex items-center justify-center\">\n                              <img decoding=\"async\" src=\"https:\/\/www.dbbc-bayern.de\/wp-content\/uploads\/2024\/12\/schulsystem.png\" alt=\"DBBC Icon\" class=\"w-8 h-auto\">\n                          <\/div>\n          <\/div>\n          <div class=\"copy -mt-6\"><h4>Prices<\/h4>\n<p>Prices vary depending on the type of school and the individualisations selected. Contact us for more information.<\/p>\n<\/div>\n        <\/div>\n        <\/div>\n<\/div><div style=\"height:50px\" aria-hidden=\"true\" class=\"wp-block-spacer\"><\/div><h3 class=\"wp-block-heading has-text-align-center\">We look forward to seeing you!<\/h3><div class=\"wp-block-buttons is-content-justification-center is-layout-flex wp-container-core-buttons-is-layout-1 wp-block-buttons-is-layout-flex\"><div class=\"wp-block-button\"><a class=\"wp-block-button__link has-background-color has-text-color has-background has-link-color wp-element-button\" href=\"\/en\/kontakt\/\" style=\"border-radius:0px;background-color:#8cbb3b\">Contact us<\/a><\/div><\/div><div style=\"height:100px\" aria-hidden=\"true\" class=\"wp-block-spacer\"><\/div>","protected":false},"excerpt":{"rendered":"<p>Vorbereitung auf die Welt von morgen Globale Bildungs\u00adexzellenz f\u00fcr eine erfolgreiche Zukunft Die Cambridge International School basiert auf den Lehrpl\u00e4nen und Pr\u00fcfungen des renommierten Cambridge Assessment International Education und f\u00f6rdert kritisches Denken, Probleml\u00f6sungskompetenzen und interkulturelles Verst\u00e4ndnis. Lehrpl\u00e4ne sind individuell angepasst, um Sch\u00fclern zu erm\u00f6glichen, ihr Potenzial in anspruchsvollem Umfeld zu entfalten. Ein wesentlicher Vorteil einer<a href=\"https:\/\/www.dbbc-bayern.de\/en\/schulen\/cambridge-international-school\/\">Continue reading <span class=\"sr-only\">&#8222;Cambridge International School&#8220;<\/span><\/a><\/p>","protected":false},"author":1789,"featured_media":0,"parent":10925,"menu_order":0,"comment_status":"closed","ping_status":"closed","template":"","meta":{"_acf_changed":false,"footnotes":""},"class_list":["post-10929","page","type-page","status-publish","hentry"],"acf":[],"_links":{"self":[{"href":"https:\/\/www.dbbc-bayern.de\/en\/wp-json\/wp\/v2\/pages\/10929","targetHints":{"allow":["GET"]}}],"collection":[{"href":"https:\/\/www.dbbc-bayern.de\/en\/wp-json\/wp\/v2\/pages"}],"about":[{"href":"https:\/\/www.dbbc-bayern.de\/en\/wp-json\/wp\/v2\/types\/page"}],"author":[{"embeddable":true,"href":"https:\/\/www.dbbc-bayern.de\/en\/wp-json\/wp\/v2\/users\/1789"}],"replies":[{"embeddable":true,"href":"https:\/\/www.dbbc-bayern.de\/en\/wp-json\/wp\/v2\/comments?post=10929"}],"version-history":[{"count":6,"href":"https:\/\/www.dbbc-bayern.de\/en\/wp-json\/wp\/v2\/pages\/10929\/revisions"}],"predecessor-version":[{"id":11932,"href":"https:\/\/www.dbbc-bayern.de\/en\/wp-json\/wp\/v2\/pages\/10929\/revisions\/11932"}],"up":[{"embeddable":true,"href":"https:\/\/www.dbbc-bayern.de\/en\/wp-json\/wp\/v2\/pages\/10925"}],"wp:attachment":[{"href":"https:\/\/www.dbbc-bayern.de\/en\/wp-json\/wp\/v2\/media?parent=10929"}],"curies":[{"name":"wp","href":"https:\/\/api.w.org\/{rel}","templated":true}]}}