{"id":10927,"date":"2024-12-09T11:14:39","date_gmt":"2024-12-09T10:14:39","guid":{"rendered":"https:\/\/portal.dbbc-bayern.de\/?page_id=10927"},"modified":"2025-07-01T09:50:37","modified_gmt":"2025-07-01T07:50:37","slug":"akademie","status":"publish","type":"page","link":"https:\/\/www.dbbc-bayern.de\/en\/schulen\/akademie\/","title":{"rendered":"Language Academy"},"content":{"rendered":"<div class=\"hero full-width content-grid py-32 md:py-40 lg:pt-20 lg:pb-24 xl:pb-54 relative overflow-clip\" style=\"position: relative\">\n  <div class=\"full-width absolute inset-0 h-full w-full my-0\">\n    <img decoding=\"async\" src=\"https:\/\/www.dbbc-bayern.de\/wp-content\/themes\/dbbc\/theme\/images\/bg-pattern.jpg\" alt=\"DBBC\" class=\"absolute inset-0 my-0 w-full h-full object-cover\">\n  <\/div>\n  <div class=\"relative flex flex-col lg:flex-row gap-4 lg:gap-44 items-center\">\n\n    <div class=\"hero-main grow text-white lg:w-1\/2 lg:max-w-xl xl:max-w-3xl\">\n      <p class=\"dbbc-overline dbbc-overline-offset\">Individual support and preparation <\/p>\n      <h1 class=\"!mt-4 !mb-6 !text-white font-bold font-display\">Language Academy<\/h1>\n      <div class=\"text-lg\"><h5>Welcome to our language academy:<\/h5>\n<h5>We offer <strong>Language courses &amp; language qualifications for vocational training and education, and<span style=\"font-size: 1rem\">\u00a0<\/span>German as a foreign language (DaF)<\/strong> .<\/h5>\n<h5>We are also one of the most renowned <strong>TELC - Examination centres<\/strong> in the Rosenheim\/Bad Aibling area<span style=\"font-size: 1rem\">.<\/span><\/h5>\n<\/div>\n    <\/div>\n\n    <div class=\"relative md:px-36 lg:px-0 lg:w-1\/2\">\n              \n        <figure class=\"max-w-full overflow-hidden\">\n          <img loading=\"lazy\" decoding=\"async\" width=\"1024\" height=\"986\" src=\"https:\/\/www.dbbc-bayern.de\/wp-content\/uploads\/2024\/12\/schueler-05.png\" class=\"herofront-img\" alt=\"\" srcset=\"https:\/\/www.dbbc-bayern.de\/wp-content\/uploads\/2024\/12\/schueler-05.png 1024w, https:\/\/www.dbbc-bayern.de\/wp-content\/uploads\/2024\/12\/schueler-05-300x289.png 300w, https:\/\/www.dbbc-bayern.de\/wp-content\/uploads\/2024\/12\/schueler-05-768x740.png 768w, https:\/\/www.dbbc-bayern.de\/wp-content\/uploads\/2024\/12\/schueler-05-600x578.png 600w\" sizes=\"auto, (max-width: 1024px) 100vw, 1024px\" \/>        <\/figure>\n        \n        \n          <\/div>\n  <\/div>\n\n  <svg class=\"full-width absolute bottom-0 left-0 w-full text-white h-12 md:h-20 lg:h-36 -scale-x-100\" xmlns=\"http:\/\/www.w3.org\/2000\/svg\" preserveaspectratio=\"none\" viewbox=\"0 0 960 161.55\"><path fill=\"#ffffff\" d=\"m844.84,34.33c-14.76,2.95-29.86,5.57-44.95,4.59-38.72-1.64-67.26-4.43-99.74-25.08-15.09-9.51-33.46-17.05-50.85-12.46-40.03,10.16-46.92,43.77-86.94,54.26-21.33,5.57-34.51,4.6-53.35,15.9-10,6-47,46-101,19-31.51-15.75-76.32-12.96-109,2s-47.03,50.97-80.82,49.98c-13.45-.66-25.92-5.57-39.37-7.54-32.48-4.92-64.63,8.2-96.79,15.08-27.56,6.23-60.04,6.23-82.02-10.49v21.97h960v-67.87c-26.58-36.07-68.24-68.53-115.16-59.35\"><\/path><\/svg>\n<\/div><h2 class=\"wp-block-heading\">1. language courses + language qualification for vocational (education) training<\/h2><p>The Academy division at the DBBC organises ongoing language courses for <strong>German as a foreign language (DaF)<\/strong> .<\/p><p>Participants learn in small groups, guided and accompanied by the school's GFL professionals.<\/p><p>The DBBC relies on <strong>Multi-Channel-Learning<\/strong>Conversation-orientated language training in the group, project work in the group. Creation and delivery of presentations are combined with state-of-the-art e-learning applications such as <a href=\"https:\/\/deutschfuchs.de\/\">Deutschfuchs<\/a>.<\/p><figure class=\"wp-block-image size-large is-resized\"><a href=\"https:\/\/deutschfuchs.de\/\"><img loading=\"lazy\" decoding=\"async\" width=\"1024\" height=\"630\" src=\"https:\/\/www.dbbc-bayern.de\/wp-content\/uploads\/2025\/06\/Deutschfuchs-1024x630.png\" alt=\"\" class=\"wp-image-11888\" style=\"width:111px;height:auto\" srcset=\"https:\/\/www.dbbc-bayern.de\/wp-content\/uploads\/2025\/06\/Deutschfuchs-1024x630.png 1024w, https:\/\/www.dbbc-bayern.de\/wp-content\/uploads\/2025\/06\/Deutschfuchs-300x184.png 300w, https:\/\/www.dbbc-bayern.de\/wp-content\/uploads\/2025\/06\/Deutschfuchs-768x472.png 768w, https:\/\/www.dbbc-bayern.de\/wp-content\/uploads\/2025\/06\/Deutschfuchs-1536x944.png 1536w, https:\/\/www.dbbc-bayern.de\/wp-content\/uploads\/2025\/06\/Deutschfuchs-18x12.png 18w, https:\/\/www.dbbc-bayern.de\/wp-content\/uploads\/2025\/06\/Deutschfuchs-600x369.png 600w, https:\/\/www.dbbc-bayern.de\/wp-content\/uploads\/2025\/06\/Deutschfuchs.png 1999w\" sizes=\"auto, (max-width: 1024px) 100vw, 1024px\" \/><\/a><\/figure><p>The key to our success and at the same time our unique selling point is our <strong>consistent internal differentiation<\/strong>. In this way, we provide each individual learner with the support, materials and tasks that are appropriate for their level of knowledge.&nbsp;<\/p><p>With <strong>Kanban<\/strong> we use a common method in the industry to transparently agree and track learning objectives and check their achievement.&nbsp;<\/p><figure class=\"wp-block-image size-large is-resized\"><img loading=\"lazy\" decoding=\"async\" width=\"1024\" height=\"522\" src=\"https:\/\/www.dbbc-bayern.de\/wp-content\/uploads\/2025\/07\/whiteboard-4051662_1280-1024x522.jpg\" alt=\"\" class=\"wp-image-11917\" style=\"width:186px;height:auto\" srcset=\"https:\/\/www.dbbc-bayern.de\/wp-content\/uploads\/2025\/07\/whiteboard-4051662_1280-1024x522.jpg 1024w, https:\/\/www.dbbc-bayern.de\/wp-content\/uploads\/2025\/07\/whiteboard-4051662_1280-300x153.jpg 300w, https:\/\/www.dbbc-bayern.de\/wp-content\/uploads\/2025\/07\/whiteboard-4051662_1280-768x392.jpg 768w, https:\/\/www.dbbc-bayern.de\/wp-content\/uploads\/2025\/07\/whiteboard-4051662_1280-18x9.jpg 18w, https:\/\/www.dbbc-bayern.de\/wp-content\/uploads\/2025\/07\/whiteboard-4051662_1280-600x306.jpg 600w, https:\/\/www.dbbc-bayern.de\/wp-content\/uploads\/2025\/07\/whiteboard-4051662_1280.jpg 1280w\" sizes=\"auto, (max-width: 1024px) 100vw, 1024px\" \/><\/figure><p>The objectives:<\/p><ul class=\"wp-block-list\"><li>To make our participants fit for entry into native German-speaking school classes.<\/li>\n\n<li>Start your vocational training or further education with linguistic confidence and perfect preparation.<\/li>\n\n<li>To master German at a level that enables you to enter an academic degree programme.<\/li><\/ul><p>We advise, support and train your individual participants or groups to meet your requirements and expectations in a targeted and age-group-appropriate manner.<\/p><p>Our courses take place on site and\/or virtually via MS Teams.<\/p><div style=\"height:100px\" aria-hidden=\"true\" class=\"wp-block-spacer\"><\/div><h2 class=\"wp-block-heading\">2. TELC - our offer as an examination centre<\/h2><p>Foreign language skills are a key qualification in our interconnected world. Whether at school, university or at work - languages are the key to success. You can prove your language skills with a telc language certificate.<\/p><figure class=\"wp-block-image size-large\"><img loading=\"lazy\" decoding=\"async\" width=\"1024\" height=\"549\" src=\"https:\/\/www.dbbc-bayern.de\/wp-content\/uploads\/2025\/06\/TELC-1024x549.png\" alt=\"\" class=\"wp-image-11889\" srcset=\"https:\/\/www.dbbc-bayern.de\/wp-content\/uploads\/2025\/06\/TELC-1024x549.png 1024w, https:\/\/www.dbbc-bayern.de\/wp-content\/uploads\/2025\/06\/TELC-300x161.png 300w, https:\/\/www.dbbc-bayern.de\/wp-content\/uploads\/2025\/06\/TELC-768x412.png 768w, https:\/\/www.dbbc-bayern.de\/wp-content\/uploads\/2025\/06\/TELC-18x10.png 18w, https:\/\/www.dbbc-bayern.de\/wp-content\/uploads\/2025\/06\/TELC-600x322.png 600w, https:\/\/www.dbbc-bayern.de\/wp-content\/uploads\/2025\/06\/TELC.png 1078w\" sizes=\"auto, (max-width: 1024px) 100vw, 1024px\" \/><\/figure><p>TELC (The European Language Certificates) is a provider of language examinations based in \"Bad Homburg vor der H\u00f6he\".<br>All TELC language tests are based on the Common European Framework of Reference for Languages (CEFR), which covers listening, reading, speaking and writing.<br>TELC is a full member of the Association of Language Testers in Europe (ALTE) and offers examinations in languages such as English, German, Turkish, Spanish, French, Italian, Russian, Portuguese, Polish and Arabic.<\/p><figure class=\"wp-block-image size-large is-resized\"><img loading=\"lazy\" decoding=\"async\" width=\"1024\" height=\"310\" src=\"https:\/\/www.dbbc-bayern.de\/wp-content\/uploads\/2025\/07\/Screenshot-2025-07-01-094922-1024x310.png\" alt=\"\" class=\"wp-image-11920\" style=\"width:281px;height:auto\" srcset=\"https:\/\/www.dbbc-bayern.de\/wp-content\/uploads\/2025\/07\/Screenshot-2025-07-01-094922-1024x310.png 1024w, https:\/\/www.dbbc-bayern.de\/wp-content\/uploads\/2025\/07\/Screenshot-2025-07-01-094922-300x91.png 300w, https:\/\/www.dbbc-bayern.de\/wp-content\/uploads\/2025\/07\/Screenshot-2025-07-01-094922-768x232.png 768w, https:\/\/www.dbbc-bayern.de\/wp-content\/uploads\/2025\/07\/Screenshot-2025-07-01-094922-18x5.png 18w, https:\/\/www.dbbc-bayern.de\/wp-content\/uploads\/2025\/07\/Screenshot-2025-07-01-094922-600x182.png 600w, https:\/\/www.dbbc-bayern.de\/wp-content\/uploads\/2025\/07\/Screenshot-2025-07-01-094922.png 1494w\" sizes=\"auto, (max-width: 1024px) 100vw, 1024px\" \/><\/figure><p>At the DBBC you can take these official, state-recognised language examinations from language level A1 to B2.<br>The following link provides an overview of current language skills: <a href=\"http:\/\/-\tSelf-assessment grid - Table 2 (CEFR 3.3) : Common Reference levels - Common European Framework of Reference for Languages (CEFR)\">Self-assessment grid<\/a><\/p><p>The DBBC is a certified TELC examination centre.<br>We offer flexibly scheduled group and individual examinations with our empathetic DBBC examiners - and we are convinced that the atmosphere in an examination should be positive and encouraging in order to achieve success.<br>We also organise tailor-made TELC preparation training courses for you. In this way, you can take the TELC test with confidence and without exam anxiety.<\/p>","protected":false},"excerpt":{"rendered":"<p>1. sprachkurse + sprachliche qualifizierung f\u00fcr die berufliche (aus)Bildung Die Sparte Akademie am DBBC f\u00fchrt laufend Sprachkurse f\u00fcr Deutsch als Fremdsprache (DaF) durch. Dabei lernen die Teilnehmer in Kleingruppen; angeleitet und begleitet von den DaF-Profis der Schule. Das DBBC setzt dabei auf Multi-Channel-Learning: Konversationsorientiertes Sprachtraining in der Gruppe, Projektarbeiten in der Gruppe. Erstellung und Vortrag<a href=\"https:\/\/www.dbbc-bayern.de\/en\/schulen\/akademie\/\">Continue reading <span class=\"sr-only\">&#8222;Akademie&#8220;<\/span><\/a><\/p>","protected":false},"author":1789,"featured_media":0,"parent":10925,"menu_order":0,"comment_status":"closed","ping_status":"closed","template":"","meta":{"_acf_changed":false,"footnotes":""},"class_list":["post-10927","page","type-page","status-publish","hentry"],"acf":[],"_links":{"self":[{"href":"https:\/\/www.dbbc-bayern.de\/en\/wp-json\/wp\/v2\/pages\/10927","targetHints":{"allow":["GET"]}}],"collection":[{"href":"https:\/\/www.dbbc-bayern.de\/en\/wp-json\/wp\/v2\/pages"}],"about":[{"href":"https:\/\/www.dbbc-bayern.de\/en\/wp-json\/wp\/v2\/types\/page"}],"author":[{"embeddable":true,"href":"https:\/\/www.dbbc-bayern.de\/en\/wp-json\/wp\/v2\/users\/1789"}],"replies":[{"embeddable":true,"href":"https:\/\/www.dbbc-bayern.de\/en\/wp-json\/wp\/v2\/comments?post=10927"}],"version-history":[{"count":13,"href":"https:\/\/www.dbbc-bayern.de\/en\/wp-json\/wp\/v2\/pages\/10927\/revisions"}],"predecessor-version":[{"id":11921,"href":"https:\/\/www.dbbc-bayern.de\/en\/wp-json\/wp\/v2\/pages\/10927\/revisions\/11921"}],"up":[{"embeddable":true,"href":"https:\/\/www.dbbc-bayern.de\/en\/wp-json\/wp\/v2\/pages\/10925"}],"wp:attachment":[{"href":"https:\/\/www.dbbc-bayern.de\/en\/wp-json\/wp\/v2\/media?parent=10927"}],"curies":[{"name":"wp","href":"https:\/\/api.w.org\/{rel}","templated":true}]}}