{"id":10925,"date":"2024-12-09T11:14:12","date_gmt":"2024-12-09T10:14:12","guid":{"rendered":"https:\/\/portal.dbbc-bayern.de\/?page_id=10925"},"modified":"2024-12-09T12:31:05","modified_gmt":"2024-12-09T11:31:05","slug":"schulen","status":"publish","type":"page","link":"https:\/\/www.dbbc-bayern.de\/en\/schulen\/","title":{"rendered":"Schools"},"content":{"rendered":"<div class=\"hero full-width content-grid py-32 md:py-40 lg:pt-20 lg:pb-24 xl:pb-54 relative overflow-clip\" style=\"position: relative\">\n  <div class=\"full-width absolute inset-0 h-full w-full my-0\">\n    <img decoding=\"async\" src=\"https:\/\/www.dbbc-bayern.de\/wp-content\/themes\/dbbc\/theme\/images\/bg-pattern.jpg\" alt=\"DBBC\" class=\"absolute inset-0 my-0 w-full h-full object-cover\">\n  <\/div>\n  <div class=\"relative flex flex-col lg:flex-row gap-4 lg:gap-44 items-center\">\n\n    <div class=\"hero-main grow text-white lg:w-1\/2 lg:max-w-xl xl:max-w-3xl\">\n      <p class=\"dbbc-overline dbbc-overline-offset\">Four types of school. Five state-recognised qualifications. <\/p>\n      <h1 class=\"!mt-4 !mb-6 !text-white font-bold font-display\">One Campus<\/h1>\n      <div class=\"text-lg\"><p>One Campus - many options: Secondary schools: Mittelschule, Realschule, Fachoberschule and Cambridge International School. This is:\u00a0<span class=\"font-bold text-quarternary\">Dietrich-Bonhoeffer-Bildungscampus<\/span>\u00a0in Bad Aibling.<\/p>\n<p class=\"mt-4\">A private school that has more to offer as an all-day school. And is still affordable.<\/p>\n<\/div>\n    <\/div>\n\n    <div class=\"relative md:px-36 lg:px-0 lg:w-1\/2\">\n              \n        <figure class=\"max-w-full overflow-hidden\">\n          <img loading=\"lazy\" decoding=\"async\" width=\"1024\" height=\"986\" src=\"https:\/\/www.dbbc-bayern.de\/wp-content\/uploads\/2024\/12\/bg-dbbc.png\" class=\"herofront-img\" alt=\"\" srcset=\"https:\/\/www.dbbc-bayern.de\/wp-content\/uploads\/2024\/12\/bg-dbbc.png 1024w, https:\/\/www.dbbc-bayern.de\/wp-content\/uploads\/2024\/12\/bg-dbbc-300x289.png 300w, https:\/\/www.dbbc-bayern.de\/wp-content\/uploads\/2024\/12\/bg-dbbc-768x740.png 768w, https:\/\/www.dbbc-bayern.de\/wp-content\/uploads\/2024\/12\/bg-dbbc-600x578.png 600w\" sizes=\"auto, (max-width: 1024px) 100vw, 1024px\" \/>        <\/figure>\n        \n        \n          <\/div>\n  <\/div>\n\n  <svg class=\"full-width absolute bottom-0 left-0 w-full text-white h-12 md:h-20 lg:h-36 -scale-x-100\" xmlns=\"http:\/\/www.w3.org\/2000\/svg\" preserveaspectratio=\"none\" viewbox=\"0 0 960 161.55\"><path fill=\"#ffffff\" d=\"m844.84,34.33c-14.76,2.95-29.86,5.57-44.95,4.59-38.72-1.64-67.26-4.43-99.74-25.08-15.09-9.51-33.46-17.05-50.85-12.46-40.03,10.16-46.92,43.77-86.94,54.26-21.33,5.57-34.51,4.6-53.35,15.9-10,6-47,46-101,19-31.51-15.75-76.32-12.96-109,2s-47.03,50.97-80.82,49.98c-13.45-.66-25.92-5.57-39.37-7.54-32.48-4.92-64.63,8.2-96.79,15.08-27.56,6.23-60.04,6.23-82.02-10.49v21.97h960v-67.87c-26.58-36.07-68.24-68.53-115.16-59.35\"><\/path><\/svg>\n<\/div><div class=\"block-color-teaser w-full not-prose text-white text-center\" style=\"\">\n        <div class=\"grid grid-cols-1 lg:flex gap-8 mt-16\">\n                      <a href=\"https:\/\/www.dbbc-bayern.de\/en\/schulen\/mittelschule\/\" class=\"icon-text py-12 px-8 rounded-xl flex flex-col gap-4 items-start basis-1\/5\" style=\"background-color: #8cbb3b\">\n                    \n            <img decoding=\"async\" src=\"https:\/\/www.dbbc-bayern.de\/wp-content\/uploads\/2024\/12\/mittelschule.png\" alt=\"DBBC Icon\" class=\"w-16 h-auto mx-auto\">\n                    <h4 class=\"my-0 block w-full no-underline text-white font-display font-bold text-2xl text-center leading-tight\">Secondary school: Mittelschule<\/h4>\n          <div class=\"copy w-full leading-tight\">Successful completion, qualifying qualification: \"Quali\", intermediate school leaving certificate: \"Mittlere Reife\"<\/div>\n                  <\/a>\n                              <a href=\"https:\/\/www.dbbc-bayern.de\/en\/schulen\/realschule\/\" class=\"icon-text py-12 px-8 rounded-xl flex flex-col gap-4 items-start basis-1\/5\" style=\"background-color: #43609c\">\n                    \n            <img decoding=\"async\" src=\"https:\/\/www.dbbc-bayern.de\/wp-content\/uploads\/2024\/12\/realschule.png\" alt=\"DBBC Icon\" class=\"w-16 h-auto mx-auto\">\n                    <h4 class=\"my-0 block w-full no-underline text-white font-display font-bold text-2xl text-center leading-tight\">Secondary school: Realschule<\/h4>\n          <div class=\"copy w-full leading-tight\">intermediate school leaving certificate: \"Mittlere Reife\"<\/div>\n                  <\/a>\n                              <a href=\"https:\/\/www.dbbc-bayern.de\/en\/schulen\/fachoberschule\/\" class=\"icon-text py-12 px-8 rounded-xl flex flex-col gap-4 items-start basis-1\/5\" style=\"background-color: #c13185\">\n                    \n            <img decoding=\"async\" src=\"https:\/\/www.dbbc-bayern.de\/wp-content\/uploads\/2024\/12\/fos.png\" alt=\"DBBC Icon\" class=\"w-16 h-auto mx-auto\">\n                    <h4 class=\"my-0 block w-full no-underline text-white font-display font-bold text-2xl text-center leading-tight\">Vocational secondary school: Fachoberschule<\/h4>\n          <div class=\"copy w-full leading-tight\">\"Fachabitur\"<\/div>\n                  <\/a>\n                              <a href=\"https:\/\/www.dbbc-bayern.de\/en\/schulen\/cambridge-international-school\/\" class=\"icon-text py-12 px-8 rounded-xl flex flex-col gap-4 items-start basis-1\/5\" style=\"background-color: #ffc000\">\n                    \n            <img decoding=\"async\" src=\"https:\/\/www.dbbc-bayern.de\/wp-content\/uploads\/2024\/12\/cis.png\" alt=\"DBBC Icon\" class=\"w-16 h-auto mx-auto\">\n                    <h4 class=\"my-0 block w-full no-underline text-white font-display font-bold text-2xl text-center leading-tight\">Cambridge International School<\/h4>\n          <div class=\"copy w-full leading-tight\">AICE-Diploma, A-Levels<\/div>\n                  <\/a>\n                              <a href=\"https:\/\/www.dbbc-bayern.de\/en\/schulen\/akademie\/\" class=\"icon-text py-12 px-8 rounded-xl flex flex-col gap-4 items-start basis-1\/5\" style=\"background-color: #7f32ba\">\n                    \n            <img decoding=\"async\" src=\"https:\/\/www.dbbc-bayern.de\/wp-content\/uploads\/2024\/12\/akademie.png\" alt=\"DBBC Icon\" class=\"w-16 h-auto mx-auto\">\n                    <h4 class=\"my-0 block w-full no-underline text-white font-display font-bold text-2xl text-center leading-tight\">Language Academy<\/h4>\n          <div class=\"copy w-full leading-tight\">TELC Language certificates<\/div>\n                  <\/a>\n                <\/div>\n<\/div><div style=\"height:100px\" aria-hidden=\"true\" class=\"wp-block-spacer\"><\/div><h2 class=\"wp-block-heading\">Unser Ziel: Keine Sch\u00fclerin und kein Sch\u00fcler verl\u00e4sst die Schule ohne Schulabschluss<\/h2><p>Wir verstehen Bildung in einem ganzheitlichen Sinne, die davon ausgeht, dass FORMALE BILDUNG nur mit gelingender INFORMELLER BILDUNG m\u00f6glich ist. Dabei bietet der Campus alle Aufstiegschancen. So ist es m\u00f6glich, bei entsprechender Qualifikation flie\u00dfend in eine andere Schulform zu wechseln. Und dies erfolgt, ohne dass Eltern \u00fcber eine neue Logistik nachdenken m\u00fcssen. Und ganz ohne Stress f\u00fcr die Sch\u00fcler. Alles bleibt, wie es war: Gleicher Ort, vertraute Gesichter, bekannte Abl\u00e4ufe. Und der Kontakt zu den Schulfreunden geht auch nicht verloren.<\/p><div class=\"block-icon-text w-full\" style=\"\">\n    <div class=\"grid grid-cols-1 lg:grid-cols-2 gap-x-16 gap-y-8 mt-16\">\n            <div class=\"icon-text flex gap-4 lg:gap-8 items-start\">\n          <div class=\"icon mb-4 inline-block not-prose\">\n            <div class=\"p-2 rounded-full bg-primary text-primary-inverse w-14 h-14 flex items-center justify-center\">\n                              <img decoding=\"async\" src=\"https:\/\/www.dbbc-bayern.de\/wp-content\/uploads\/2024\/12\/durchlaessigkeit.png\" alt=\"DBBC Icon\" class=\"w-8 h-auto\">\n                          <\/div>\n          <\/div>\n          <div class=\"copy -mt-6\"><h4 class=\"pb-3\">Permeability of the school system<\/h4>\n<p>Switching between school types (under certain conditions) is possible at any time<\/p>\n<\/div>\n        <\/div>\n            <div class=\"icon-text flex gap-4 lg:gap-8 items-start\">\n          <div class=\"icon mb-4 inline-block not-prose\">\n            <div class=\"p-2 rounded-full bg-primary text-primary-inverse w-14 h-14 flex items-center justify-center\">\n                              <img decoding=\"async\" src=\"https:\/\/www.dbbc-bayern.de\/wp-content\/uploads\/2024\/12\/schulsystem.png\" alt=\"DBBC Icon\" class=\"w-8 h-auto\">\n                          <\/div>\n          <\/div>\n          <div class=\"copy -mt-6\"><h4 class=\"pb-3\">Best possible school-leaving qualification<\/h4>\n<p>We enable every pupil to obtain the BEST POSSIBLE, individually ACHIEVABLE school-leaving qualification<\/p>\n<\/div>\n        <\/div>\n            <div class=\"icon-text flex gap-4 lg:gap-8 items-start\">\n          <div class=\"icon mb-4 inline-block not-prose\">\n            <div class=\"p-2 rounded-full bg-primary text-primary-inverse w-14 h-14 flex items-center justify-center\">\n                              <img decoding=\"async\" src=\"https:\/\/www.dbbc-bayern.de\/wp-content\/uploads\/2024\/12\/meisterschaft.png\" alt=\"DBBC Icon\" class=\"w-8 h-auto\">\n                          <\/div>\n          <\/div>\n          <div class=\"copy -mt-6\"><h4 class=\"pb-3\">Personal mastery<\/h4>\n<p>We accompany and support the pupils in their individual personal development.<\/p>\n<\/div>\n        <\/div>\n            <div class=\"icon-text flex gap-4 lg:gap-8 items-start\">\n          <div class=\"icon mb-4 inline-block not-prose\">\n            <div class=\"p-2 rounded-full bg-primary text-primary-inverse w-14 h-14 flex items-center justify-center\">\n                              <img decoding=\"async\" src=\"https:\/\/www.dbbc-bayern.de\/wp-content\/uploads\/2024\/12\/perspektive.png\" alt=\"DBBC Icon\" class=\"w-8 h-auto\">\n                          <\/div>\n          <\/div>\n          <div class=\"copy -mt-6\"><h4 class=\"pb-3\">Perspective<\/h4>\n<p>No qualification without a connection to the future. Prospects are offered throughout: educational &amp; vocational<\/p>\n<\/div>\n        <\/div>\n        <\/div>\n<\/div><div style=\"height:100px\" aria-hidden=\"true\" class=\"wp-block-spacer\"><\/div><p class=\"dbbc-overline\">Focus on individuality<\/p><h2 class=\"wp-block-heading\">All-day school<\/h2><div class=\"wp-block-media-text has-media-on-the-right is-stacked-on-mobile is-image-fill is-image-fill-element\"><div class=\"wp-block-media-text__content\"><p>The all-day school concept of the Dietrich Bonhoeffer Bildungscampus offers parents reliable and pedagogically sound care for their children.<\/p>\n\n<p>This gives pupils much more time to develop their skills and interests. We encourage this through our wide range of individualised activities in the areas of sport, but also technology\/science, social, creative, music, languages and many more activities that encourage pupils to discover and develop their talents.<\/p>\n\n<h3 class=\"wp-block-heading\">Private time is private time<\/h3>\n\n<p>Thanks to the special structure of the teaching units, pupils learn, practise and consolidate the subject matter at school. As a result, there is usually no homework. They can also prepare for exams under pedagogical guidance. After school, they can devote themselves entirely to their free time.<\/p><\/div><figure class=\"wp-block-media-text__media\" style=\"background-image:url(https:\/\/www.dbbc-bayern.de\/wp-content\/uploads\/2024\/12\/schueler-03-1024x576.jpg);background-position:66% 39%\"><img loading=\"lazy\" decoding=\"async\" width=\"1024\" height=\"576\" src=\"https:\/\/www.dbbc-bayern.de\/wp-content\/uploads\/2024\/12\/schueler-03-1024x576.jpg\" alt=\"\" class=\"wp-image-10973 size-full\" srcset=\"https:\/\/www.dbbc-bayern.de\/wp-content\/uploads\/2024\/12\/schueler-03-1024x576.jpg 1024w, https:\/\/www.dbbc-bayern.de\/wp-content\/uploads\/2024\/12\/schueler-03-300x169.jpg 300w, https:\/\/www.dbbc-bayern.de\/wp-content\/uploads\/2024\/12\/schueler-03-768x432.jpg 768w, https:\/\/www.dbbc-bayern.de\/wp-content\/uploads\/2024\/12\/schueler-03-1536x864.jpg 1536w, https:\/\/www.dbbc-bayern.de\/wp-content\/uploads\/2024\/12\/schueler-03-600x338.jpg 600w, https:\/\/www.dbbc-bayern.de\/wp-content\/uploads\/2024\/12\/schueler-03.jpg 1920w\" sizes=\"auto, (max-width: 1024px) 100vw, 1024px\" \/><\/figure><\/div><div style=\"height:50px\" aria-hidden=\"true\" class=\"wp-block-spacer\"><\/div><div class=\"block-icon-text w-full\" style=\"\">\n    <div class=\"grid grid-cols-1 lg:grid-cols-2 gap-x-16 gap-y-8 mt-16\">\n            <div class=\"icon-text flex gap-4 lg:gap-8 items-start\">\n          <div class=\"icon mb-4 inline-block not-prose\">\n            <div class=\"p-2 rounded-full bg-primary text-primary-inverse w-14 h-14 flex items-center justify-center\">\n                              <img decoding=\"async\" src=\"https:\/\/www.dbbc-bayern.de\/wp-content\/uploads\/2024\/12\/durchlaessigkeit.png\" alt=\"DBBC Icon\" class=\"w-8 h-auto\">\n                          <\/div>\n          <\/div>\n          <div class=\"copy -mt-6\"><h4 class=\"pb-3\">Individualisation offers<\/h4>\n<p>Sport, music, languages, alpacas, robotics, 3D printing and much more<\/p>\n<\/div>\n        <\/div>\n            <div class=\"icon-text flex gap-4 lg:gap-8 items-start\">\n          <div class=\"icon mb-4 inline-block not-prose\">\n            <div class=\"p-2 rounded-full bg-primary text-primary-inverse w-14 h-14 flex items-center justify-center\">\n                              <img decoding=\"async\" src=\"https:\/\/www.dbbc-bayern.de\/wp-content\/uploads\/2024\/12\/schulsystem.png\" alt=\"DBBC Icon\" class=\"w-8 h-auto\">\n                          <\/div>\n          <\/div>\n          <div class=\"copy -mt-6\"><h4 class=\"pb-2\">Individualised support<\/h4>\n<p>Independent learning as well as individual and group support<\/p>\n<\/div>\n        <\/div>\n            <div class=\"icon-text flex gap-4 lg:gap-8 items-start\">\n          <div class=\"icon mb-4 inline-block not-prose\">\n            <div class=\"p-2 rounded-full bg-primary text-primary-inverse w-14 h-14 flex items-center justify-center\">\n                              <img decoding=\"async\" src=\"https:\/\/www.dbbc-bayern.de\/wp-content\/uploads\/2024\/12\/meisterschaft.png\" alt=\"DBBC Icon\" class=\"w-8 h-auto\">\n                          <\/div>\n          <\/div>\n          <div class=\"copy -mt-6\"><h4 class=\"pb-2\">No more parental taxis<\/h4>\n<p>School, sport, music and more - already done after school<\/p>\n<\/div>\n        <\/div>\n        <\/div>\n<\/div><hr class=\"wp-block-separator has-alpha-channel-opacity\"\/><p class=\"dbbc-overline\">Responsible digital<\/p><h2 class=\"wp-block-heading\">Digitalisation and digitality<\/h2><div class=\"wp-block-media-text is-stacked-on-mobile is-image-fill is-image-fill-element\"><figure class=\"wp-block-media-text__media\" style=\"background-image:url(https:\/\/www.dbbc-bayern.de\/wp-content\/uploads\/2024\/12\/student-tablet-1024x576.jpg);background-position:50% 50%\"><img loading=\"lazy\" decoding=\"async\" width=\"1024\" height=\"576\" src=\"https:\/\/www.dbbc-bayern.de\/wp-content\/uploads\/2024\/12\/student-tablet-1024x576.jpg\" alt=\"\" class=\"wp-image-10979 size-full\" srcset=\"https:\/\/www.dbbc-bayern.de\/wp-content\/uploads\/2024\/12\/student-tablet-1024x576.jpg 1024w, https:\/\/www.dbbc-bayern.de\/wp-content\/uploads\/2024\/12\/student-tablet-300x169.jpg 300w, https:\/\/www.dbbc-bayern.de\/wp-content\/uploads\/2024\/12\/student-tablet-768x432.jpg 768w, https:\/\/www.dbbc-bayern.de\/wp-content\/uploads\/2024\/12\/student-tablet-1536x864.jpg 1536w, https:\/\/www.dbbc-bayern.de\/wp-content\/uploads\/2024\/12\/student-tablet-600x338.jpg 600w, https:\/\/www.dbbc-bayern.de\/wp-content\/uploads\/2024\/12\/student-tablet.jpg 1920w\" sizes=\"auto, (max-width: 1024px) 100vw, 1024px\" \/><\/figure><div class=\"wp-block-media-text__content\"><p>Working with electronic media has become an integral part of today's working world. The Dietrich Bonhoeffer Bildungscampus is also facing up to these requirements and is preparing pupils accordingly by integrating technology into lessons. Our main aim is to use a sensible mix of \"analogue\" and \"digital\" technology.<\/p>\n\n<p>Both handwriting and the use of digital media result in modern learning skills. Recognising limits and opportunities - for us, this includes the independent use of both technologies and methods. We are breaking new ground here.<\/p>\n\n<p>All pupils work with laptops (\"bring your own device\") and learn in classrooms with interactive touchscreens. We utilise modern ways and possibilities of the digital world in both sport and school.<\/p><\/div><\/div><div style=\"height:100px\" aria-hidden=\"true\" class=\"wp-block-spacer\"><\/div><p class=\"dbbc-overline\">4\u00d7100 minutes per week<\/p><h2 class=\"wp-block-heading\">Individualisations<\/h2><div class=\"wp-block-media-text is-stacked-on-mobile is-image-fill is-image-fill-element\"><figure class=\"wp-block-media-text__media\" style=\"background-image:url(https:\/\/www.dbbc-bayern.de\/wp-content\/uploads\/2024\/12\/indi-bass-1024x576.jpg);background-position:50% 50%\"><img loading=\"lazy\" decoding=\"async\" width=\"1024\" height=\"576\" src=\"https:\/\/www.dbbc-bayern.de\/wp-content\/uploads\/2024\/12\/indi-bass-1024x576.jpg\" alt=\"\" class=\"wp-image-10980 size-full\" srcset=\"https:\/\/www.dbbc-bayern.de\/wp-content\/uploads\/2024\/12\/indi-bass-1024x576.jpg 1024w, https:\/\/www.dbbc-bayern.de\/wp-content\/uploads\/2024\/12\/indi-bass-300x169.jpg 300w, https:\/\/www.dbbc-bayern.de\/wp-content\/uploads\/2024\/12\/indi-bass-768x432.jpg 768w, https:\/\/www.dbbc-bayern.de\/wp-content\/uploads\/2024\/12\/indi-bass-1536x864.jpg 1536w, https:\/\/www.dbbc-bayern.de\/wp-content\/uploads\/2024\/12\/indi-bass-600x338.jpg 600w, https:\/\/www.dbbc-bayern.de\/wp-content\/uploads\/2024\/12\/indi-bass.jpg 1920w\" sizes=\"auto, (max-width: 1024px) 100vw, 1024px\" \/><\/figure><div class=\"wp-block-media-text__content\"><p>In addition to school-based training, we offer time slots for individualisation directly in the classroom: four 100-minute units per week. Two lessons per day.<\/p>\n\n<p>Pupils can choose between courses in sports, but also technology\/MINT, social, creative, music, languages and many more activities that encourage them to discover and develop their talents.<\/p>\n\n<p>We value uniqueness and specifically promote individuality. At the same time, we emphasise a sense of community. That is why we have created a modern living space on campus that is orientated towards the individual talents and needs of the young people entrusted to us.<\/p><\/div><\/div><div style=\"height:100px\" aria-hidden=\"true\" class=\"wp-block-spacer\"><\/div><p class=\"dbbc-overline\">Realising potential<\/p><h2 class=\"wp-block-heading\">Tutoring<\/h2><div class=\"wp-block-media-text has-media-on-the-right is-stacked-on-mobile is-image-fill is-image-fill-element\"><div class=\"wp-block-media-text__content\"><p>Our aim is to help our pupils achieve the best possible school-leaving qualification. They can receive targeted support and improve their performance through individualised support programmes.<\/p>\n\n<p>In addition to the use of modern technologies such as learning platforms and digital learning materials, we provide our students with targeted support in school matters, for example through holiday support before exams, exam simulations and presentation training.<\/p>\n\n<p>We regularly review and adapt our programmes to ensure that they meet the current needs of our students.<\/p><\/div><figure class=\"wp-block-media-text__media\" style=\"background-image:url(https:\/\/www.dbbc-bayern.de\/wp-content\/uploads\/2024\/12\/schueler-04-1024x576.jpg);background-position:50% 50%\"><img loading=\"lazy\" decoding=\"async\" width=\"1024\" height=\"576\" src=\"https:\/\/www.dbbc-bayern.de\/wp-content\/uploads\/2024\/12\/schueler-04-1024x576.jpg\" alt=\"\" class=\"wp-image-10981 size-full\" srcset=\"https:\/\/www.dbbc-bayern.de\/wp-content\/uploads\/2024\/12\/schueler-04-1024x576.jpg 1024w, https:\/\/www.dbbc-bayern.de\/wp-content\/uploads\/2024\/12\/schueler-04-300x169.jpg 300w, https:\/\/www.dbbc-bayern.de\/wp-content\/uploads\/2024\/12\/schueler-04-768x432.jpg 768w, https:\/\/www.dbbc-bayern.de\/wp-content\/uploads\/2024\/12\/schueler-04-1536x864.jpg 1536w, https:\/\/www.dbbc-bayern.de\/wp-content\/uploads\/2024\/12\/schueler-04-600x338.jpg 600w, https:\/\/www.dbbc-bayern.de\/wp-content\/uploads\/2024\/12\/schueler-04.jpg 1920w\" sizes=\"auto, (max-width: 1024px) 100vw, 1024px\" \/><\/figure><\/div><div style=\"height:100px\" aria-hidden=\"true\" class=\"wp-block-spacer\"><\/div><p class=\"dbbc-overline\">No degree without a connection<\/p><h2 class=\"wp-block-heading\">Perspective<\/h2><p>No graduation without a connection - with this goal in mind, we want to prepare our students optimally for the time after graduation. Vocational orientation begins at school and our targeted support programmes support the transition.<\/p><div class=\"wp-block-columns is-layout-flex wp-container-core-columns-is-layout-1 wp-block-columns-is-layout-flex\"><div class=\"wp-block-column is-layout-flow wp-block-column-is-layout-flow\"><h3 class=\"wp-block-heading\">Career orientation + career prospects<\/h3>\n\n<ul class=\"wp-block-list\"><li>Internships<\/li>\n\n<li>Visiting trade fairs<\/li>\n\n<li>Cooperation with the Federal Employment Agency<\/li>\n\n<li>Cooperation with the Rosenheim Chamber of Crafts<\/li>\n\n<li>IHK Scouts present their training occupations<\/li><\/ul>\n\n<p>Of course, secondary school pupils also have the opportunity to transfer seamlessly to our specialised secondary school after graduation or to obtain the international Abitur at our Cambridge International School.<\/p><\/div>\n\n<div class=\"wp-block-column is-layout-flow wp-block-column-is-layout-flow\"><h3 class=\"wp-block-heading\">International exchange programme<\/h3>\n\n<ul class=\"wp-block-list\"><li>Building an international network<\/li>\n\n<li>Mutual cultural exchange<\/li>\n\n<li>Reference school in the RTI Education Programme (first German school alongside Norway, Sweden, England, India)<\/li>\n\n<li>Founder and sponsor of the programme: Prince Kunwar Singh Ranawat (India, Udaipur)<\/li>\n\n<li>Further exchange programmes will follow<\/li><\/ul><\/div><\/div><p><\/p>","protected":false},"excerpt":{"rendered":"<p>Unser Ziel: Keine Sch\u00fclerin und kein Sch\u00fcler verl\u00e4sst die Schule ohne Schulabschluss Wir verstehen Bildung in einem ganzheitlichen Sinne, die davon ausgeht, dass FORMALE BILDUNG nur mit gelingender INFORMELLER BILDUNG m\u00f6glich ist. Dabei bietet der Campus alle Aufstiegschancen. So ist es m\u00f6glich, bei entsprechender Qualifikation flie\u00dfend in eine andere Schulform zu wechseln. Und dies erfolgt,<a href=\"https:\/\/www.dbbc-bayern.de\/en\/schulen\/\">Continue reading <span class=\"sr-only\">&#8222;Schulen&#8220;<\/span><\/a><\/p>","protected":false},"author":1789,"featured_media":0,"parent":0,"menu_order":0,"comment_status":"closed","ping_status":"closed","template":"","meta":{"_acf_changed":false,"footnotes":""},"class_list":["post-10925","page","type-page","status-publish","hentry"],"acf":[],"_links":{"self":[{"href":"https:\/\/www.dbbc-bayern.de\/en\/wp-json\/wp\/v2\/pages\/10925","targetHints":{"allow":["GET"]}}],"collection":[{"href":"https:\/\/www.dbbc-bayern.de\/en\/wp-json\/wp\/v2\/pages"}],"about":[{"href":"https:\/\/www.dbbc-bayern.de\/en\/wp-json\/wp\/v2\/types\/page"}],"author":[{"embeddable":true,"href":"https:\/\/www.dbbc-bayern.de\/en\/wp-json\/wp\/v2\/users\/1789"}],"replies":[{"embeddable":true,"href":"https:\/\/www.dbbc-bayern.de\/en\/wp-json\/wp\/v2\/comments?post=10925"}],"version-history":[{"count":5,"href":"https:\/\/www.dbbc-bayern.de\/en\/wp-json\/wp\/v2\/pages\/10925\/revisions"}],"predecessor-version":[{"id":11048,"href":"https:\/\/www.dbbc-bayern.de\/en\/wp-json\/wp\/v2\/pages\/10925\/revisions\/11048"}],"wp:attachment":[{"href":"https:\/\/www.dbbc-bayern.de\/en\/wp-json\/wp\/v2\/media?parent=10925"}],"curies":[{"name":"wp","href":"https:\/\/api.w.org\/{rel}","templated":true}]}}