{"id":10920,"date":"2024-12-09T11:12:28","date_gmt":"2024-12-09T10:12:28","guid":{"rendered":"https:\/\/portal.dbbc-bayern.de\/?page_id=10920"},"modified":"2026-02-03T13:57:24","modified_gmt":"2026-02-03T12:57:24","slug":"druckertreiber","status":"publish","type":"page","link":"https:\/\/www.dbbc-bayern.de\/en\/intern\/druckertreiber\/","title":{"rendered":"Printer driver"},"content":{"rendered":"<p class=\"has-text-align-center\"><a href=\"https:\/\/www.eu.smart-integration.ricoh.com\/print-site-download\/windows\/bw\/RICOH_PCL6-Cloud_Printer-for64bitOS-2.5.0-setup_BW.exe\" data-type=\"link\" data-id=\"https:\/\/www.dbbc-bayern.de\/wp-content\/uploads\/2024\/12\/DBBC_Druckertreiber_Schueler_Ricoh.exe\" target=\"_blank\" rel=\"noreferrer noopener nofollow\">\u00a0Druckertreiber Win10\/11  (64-bit)<\/a> | <a href=\"https:\/\/www.dbbc-bayern.de\/wp-content\/uploads\/2025\/04\/Ricoh-Smart-Integration-270425-222113.pdf\" data-type=\"link\" data-id=\"https:\/\/www.dbbc-bayern.de\/wp-content\/uploads\/2024\/12\/DBBC_Haus-4_-_drucker-64Bit.exe\" target=\"_blank\" rel=\"noreferrer noopener\">PDF- Anleitung f\u00fcr Drucker <\/a><\/p><p class=\"has-text-align-center\"><strong>Ohne Installation:<\/strong> <strong><a href=\"https:\/\/eu.accounts.ricoh.com\/portal\/login.html?ltId=3183098445\">Cloud-L\u00f6sung<\/a><\/strong> (f\u00fcr Android \/ Windows ARM-Ger\u00e4te, z.B. &#8222;Snapdragon&#8220;)<\/p><div style=\"height:100px\" aria-hidden=\"true\" class=\"wp-block-spacer\"><\/div><p><\/p>","protected":false},"excerpt":{"rendered":"<p>\u00a0Druckertreiber Win10\/11 (64-bit) | PDF- Anleitung f\u00fcr Drucker Ohne Installation: Cloud-L\u00f6sung (f\u00fcr Android \/ Windows ARM-Ger\u00e4te, z.B. &#8222;Snapdragon&#8220;)<\/p>","protected":false},"author":1789,"featured_media":0,"parent":10914,"menu_order":0,"comment_status":"closed","ping_status":"closed","template":"","meta":{"_acf_changed":false,"footnotes":""},"class_list":["post-10920","page","type-page","status-publish","hentry"],"acf":[],"_links":{"self":[{"href":"https:\/\/www.dbbc-bayern.de\/en\/wp-json\/wp\/v2\/pages\/10920","targetHints":{"allow":["GET"]}}],"collection":[{"href":"https:\/\/www.dbbc-bayern.de\/en\/wp-json\/wp\/v2\/pages"}],"about":[{"href":"https:\/\/www.dbbc-bayern.de\/en\/wp-json\/wp\/v2\/types\/page"}],"author":[{"embeddable":true,"href":"https:\/\/www.dbbc-bayern.de\/en\/wp-json\/wp\/v2\/users\/1789"}],"replies":[{"embeddable":true,"href":"https:\/\/www.dbbc-bayern.de\/en\/wp-json\/wp\/v2\/comments?post=10920"}],"version-history":[{"count":9,"href":"https:\/\/www.dbbc-bayern.de\/en\/wp-json\/wp\/v2\/pages\/10920\/revisions"}],"predecessor-version":[{"id":12592,"href":"https:\/\/www.dbbc-bayern.de\/en\/wp-json\/wp\/v2\/pages\/10920\/revisions\/12592"}],"up":[{"embeddable":true,"href":"https:\/\/www.dbbc-bayern.de\/en\/wp-json\/wp\/v2\/pages\/10914"}],"wp:attachment":[{"href":"https:\/\/www.dbbc-bayern.de\/en\/wp-json\/wp\/v2\/media?parent=10920"}],"curies":[{"name":"wp","href":"https:\/\/api.w.org\/{rel}","templated":true}]}}