{"id":1060,"date":"2019-03-10T14:53:43","date_gmt":"2019-03-10T13:53:43","guid":{"rendered":"https:\/\/portal.dbbc-bayern.de\/?page_id=1060"},"modified":"2019-03-11T11:42:53","modified_gmt":"2019-03-11T10:42:53","slug":"danke","status":"publish","type":"page","link":"https:\/\/www.dbbc-bayern.de\/en\/registrierung\/danke\/","title":{"rendered":"Danke"},"content":{"rendered":"<p>[vc_row][vc_column][vc_column_text]<strong>Vielen Dank f\u00fcr Ihre Registrierung.<\/strong><\/p>\n<p>Weitere Informationen \u00fcber unser neuen Online Portal und Ihre Zugangsdaten erhalten Sie in den n\u00e4chsten Tagen, an die von Ihnen hinterlegte eMail Adresse.<\/p>\n<p>Ihr DBBC Team[\/vc_column_text][\/vc_column][\/vc_row][vc_row][vc_column][vc_btn title=&#8220;Weiteren Account anlegen oder weiteren Sch\u00fcler registrieren&#8220; link=&#8220;url:https%3A%2F%2Fportal.dbbc-bayern.de%2Fregistrierung%2F|title:Danke||&#8220;][\/vc_column][\/vc_row]<\/p>","protected":false},"excerpt":{"rendered":"<p>[vc_row][vc_column][vc_column_text]Vielen Dank f\u00fcr Ihre Registrierung. Weitere Informationen \u00fcber unser neuen Online Portal und Ihre Zugangsdaten erhalten Sie in den n\u00e4chsten Tagen, an die von Ihnen hinterlegte eMail Adresse. Ihr DBBC Team[\/vc_column_text][\/vc_column][\/vc_row][vc_row][vc_column][vc_btn title=&#8220;Weiteren Account anlegen oder weiteren Sch\u00fcler registrieren&#8220; link=&#8220;url:https%3A%2F%2Fportal.dbbc-bayern.de%2Fregistrierung%2F|title:Danke||&#8220;][\/vc_column][\/vc_row]<\/p>","protected":false},"author":1789,"featured_media":0,"parent":1057,"menu_order":0,"comment_status":"closed","ping_status":"closed","template":"","meta":{"_acf_changed":false,"footnotes":""},"class_list":["post-1060","page","type-page","status-publish","hentry"],"acf":[],"_links":{"self":[{"href":"https:\/\/www.dbbc-bayern.de\/en\/wp-json\/wp\/v2\/pages\/1060","targetHints":{"allow":["GET"]}}],"collection":[{"href":"https:\/\/www.dbbc-bayern.de\/en\/wp-json\/wp\/v2\/pages"}],"about":[{"href":"https:\/\/www.dbbc-bayern.de\/en\/wp-json\/wp\/v2\/types\/page"}],"author":[{"embeddable":true,"href":"https:\/\/www.dbbc-bayern.de\/en\/wp-json\/wp\/v2\/users\/1789"}],"replies":[{"embeddable":true,"href":"https:\/\/www.dbbc-bayern.de\/en\/wp-json\/wp\/v2\/comments?post=1060"}],"version-history":[{"count":5,"href":"https:\/\/www.dbbc-bayern.de\/en\/wp-json\/wp\/v2\/pages\/1060\/revisions"}],"predecessor-version":[{"id":1074,"href":"https:\/\/www.dbbc-bayern.de\/en\/wp-json\/wp\/v2\/pages\/1060\/revisions\/1074"}],"up":[{"embeddable":true,"href":"https:\/\/www.dbbc-bayern.de\/en\/wp-json\/wp\/v2\/pages\/1057"}],"wp:attachment":[{"href":"https:\/\/www.dbbc-bayern.de\/en\/wp-json\/wp\/v2\/media?parent=1060"}],"curies":[{"name":"wp","href":"https:\/\/api.w.org\/{rel}","templated":true}]}}